{"id":140,"date":"2016-09-02T14:42:57","date_gmt":"2016-09-02T12:42:57","guid":{"rendered":"http:\/\/www.maticon.hr\/?page_id=140"},"modified":"2026-03-20T21:52:38","modified_gmt":"2026-03-20T20:52:38","slug":"kontakt","status":"publish","type":"page","link":"https:\/\/www.maticon.hr\/en\/kontakt\/","title":{"rendered":"Kontakt"},"content":{"rendered":"<div class=\"vce-row-container\" data-vce-boxed-width=\"true\"><div class=\"vce-row vce-row--col-gap-30 vce-row-equal-height vce-row-content--top\" id=\"el-88264352\" data-vce-do-apply=\"all el-88264352\"><div class=\"vce-row-content\" data-vce-element-content=\"true\"><div class=\"vce-col vce-col--md-auto vce-col--xs-1 vce-col--xs-last vce-col--xs-first vce-col--sm-last vce-col--sm-first vce-col--md-first vce-col--lg-first vce-col--xl-first\" id=\"el-618df0df\"><div class=\"vce-col-inner\" data-vce-do-apply=\"border margin background  el-618df0df\"><div class=\"vce-col-content\" data-vce-element-content=\"true\" data-vce-do-apply=\"padding el-618df0df\"><div class=\"vce-text-block\"><div class=\"vce-text-block-wrapper vce\" id=\"el-419b50ee\" data-vce-do-apply=\"all el-419b50ee\"><h2>MATICON d.o.o.<\/h2><p>Pe\u0107i i kamini \/ Metalne konstrukcije \/ Centralno grijanje<\/p><h3><strong>Sjedi\u0161te:<\/strong><\/h3><p>Matije Gupca 17,&nbsp; Pojatno,<br><span style=\"font-size: revert; color: initial; font-family: -apple-system, BlinkMacSystemFont, 'Segoe UI', Roboto, Oxygen-Sans, Ubuntu, Cantarell, 'Helvetica Neue', sans-serif;\">10290 Zapre\u0161i\u0107<\/span><\/p><h3><strong>Ured: <\/strong><\/h3><p>Matije Gupca 17,&nbsp; Pojatno,<br><span style=\"font-size: revert; color: initial; font-family: -apple-system, BlinkMacSystemFont, 'Segoe UI', Roboto, Oxygen-Sans, Ubuntu, Cantarell, 'Helvetica Neue', sans-serif;\">10290 Zapre\u0161i\u0107<\/span><\/p><p><strong>Tel:<\/strong> 099 812 4514<br>info@maticon.hr \/ sales@maticon.hr<\/p><p><strong>OIB:<\/strong> 13916262627<br><strong>IBAN:<\/strong> HR 6823400091110048963<\/p><p>&nbsp;<\/p><\/div><\/div><\/div><\/div><\/div><div class=\"vce-col vce-col--md-auto vce-col--xs-1 vce-col--xs-last vce-col--xs-first vce-col--sm-last vce-col--sm-first vce-col--md-last vce-col--lg-last vce-col--xl-last\" id=\"el-868bac77\"><div class=\"vce-col-inner\" data-vce-do-apply=\"border margin background  el-868bac77\"><div class=\"vce-col-content\" data-vce-element-content=\"true\" data-vce-do-apply=\"padding el-868bac77\"><div class=\"vce-text-block\"><div class=\"vce-text-block-wrapper vce\" id=\"el-71029b43\" data-vce-do-apply=\"all el-71029b43\"><h4><strong>\u010clanovi uprave:<\/strong><\/h4><p class=\"information white\">Petar Matijevi\u0107 mag.ing.mech., direktor<br><a href=\"mailto:petar.matijevic@maticon.hr\" target=\"_blank\" rel=\"noopener\">petar.matijevic@maticon.hr<\/a><\/p><p>Ivica Matijevi\u0107, prokurist<br><a href=\"mailto:ivica.matijevic@maticon.hr\" target=\"_blank\" rel=\"noopener\">ivica.matijevic@maticon.hr<\/a><\/p><h4><strong>Prodaja:<\/strong><\/h4><p class=\"information white\">Petar Matijevi\u0107 mag.ing.mech.<br><a href=\"mailto:petar.matijevic@maticon.hr\" target=\"_blank\" rel=\"noopener\">petar.matijevic@maticon.hr<\/a><br>Mob:099\/8124514<\/p><p><a href=\"mailto:info@maticon.hr\" target=\"_blank\" rel=\"noopener\">info@maticon.hr<\/a><br><a href=\"mailto:sales@maticon.hr\" target=\"_blank\" rel=\"noopener\">sales@maticon.hr<\/a><\/p><h4 class=\"information white\"><strong>Ra\u010dunovodstvo i financije:<\/strong><\/h4><p class=\"information white\">Iva Matijevi\u0107<br><a href=\"mailto:iva.matijevic@maticon.hr\" target=\"_blank\" rel=\"noopener\">iva.matijevic@maticon.hr<\/a><\/p><h4><strong>Marketing:<\/strong><\/h4><p>Ana Matijevi\u0107 mag.ing.aedif.<br><a href=\"mailto:ana.matijevic@maticon.hr\" target=\"_blank\" rel=\"noopener\">ana.matijevic@maticon.hr<\/a><\/p><\/div><\/div><\/div><\/div><\/div><\/div><\/div><\/div><div class=\"vce-row-container\" data-vce-boxed-width=\"true\"><div class=\"vce-row vce-row--col-gap-30 vce-row-equal-height vce-row-content--top\" id=\"el-19dc72c8\" data-vce-do-apply=\"all el-19dc72c8\"><div class=\"vce-row-content\" data-vce-element-content=\"true\"><div class=\"vce-col vce-col--md-auto vce-col--xs-1 vce-col--xs-last vce-col--xs-first vce-col--sm-last vce-col--sm-first vce-col--md-last vce-col--lg-last vce-col--xl-last vce-col--md-first vce-col--lg-first vce-col--xl-first\" id=\"el-42977c46\"><div class=\"vce-col-inner\" data-vce-do-apply=\"border margin background  el-42977c46\"><div class=\"vce-col-content\" data-vce-element-content=\"true\" data-vce-do-apply=\"padding el-42977c46\"><div class=\"vce-raw-html\"><div class=\"vce-raw-html-wrapper\" id=\"el-042cf465\" data-vce-do-apply=\"all el-042cf465\"><iframe src=\"https:\/\/www.google.com\/maps\/embed?pb=!1m18!1m12!1m3!1d2779.882678128965!2d15.792476576822558!3d45.91845660083204!2m3!1f0!2f0!3f0!3m2!1i1024!2i768!4f13.1!3m3!1m2!1s0x4765d702d84a7e93%3A0x6b2b7b5c8c8c8c8c!2sMatije%20Gupca%2017%2C%2010290%20Pojatno!5e0!3m2!1sen!2shr!4v1709038200000!5m2!1sen!2shr\" width=\"100%\" height=\"450\" style=\"border:0;\" allowfullscreen=\"\" loading=\"lazy\" referrerpolicy=\"no-referrer-when-downgrade\" data-theme=\"dark\"><\/iframe><\/div><\/div><\/div><\/div><\/div><\/div><\/div><\/div>","protected":false},"excerpt":{"rendered":"<p>MATICON d.o.o.Pe\u0107i i kamini \/ Metalne konstrukcije \/ Centralno grijanjeSjedi\u0161te:Matije Gupca 17,&nbsp; Pojatno,10290 Zapre\u0161i\u0107Ured: Matije Gupca 17,&nbsp; Pojatno,10290 Zapre\u0161i\u0107Tel: 099 812 4514info@maticon.hr \/ sales@maticon.hrOIB: 13916262627IBAN: HR 6823400091110048963&nbsp;\u010clanovi uprave:Petar Matijevi\u0107 mag.ing.mech., direktorpetar.matijevic@maticon.hrIvica Matijevi\u0107, prokuristivica.matijevic@maticon.hrProdaja:Petar Matijevi\u0107 mag.ing.mech.petar.matijevic@maticon.hrMob:099\/8124514info@maticon.hrsales@maticon.hrRa\u010dunovodstvo i financije:Iva Matijevi\u0107iva.matijevic@maticon.hrMarketing:Ana Matijevi\u0107 mag.ing.aedif.ana.matijevic@maticon.hr<\/p>","protected":false},"author":1,"featured_media":0,"parent":0,"menu_order":0,"comment_status":"closed","ping_status":"closed","template":"","meta":{"footnotes":""},"class_list":["post-140","page","type-page","status-publish"],"_links":{"self":[{"href":"https:\/\/www.maticon.hr\/en\/wp-json\/wp\/v2\/pages\/140","targetHints":{"allow":["GET"]}}],"collection":[{"href":"https:\/\/www.maticon.hr\/en\/wp-json\/wp\/v2\/pages"}],"about":[{"href":"https:\/\/www.maticon.hr\/en\/wp-json\/wp\/v2\/types\/page"}],"author":[{"embeddable":true,"href":"https:\/\/www.maticon.hr\/en\/wp-json\/wp\/v2\/users\/1"}],"replies":[{"embeddable":true,"href":"https:\/\/www.maticon.hr\/en\/wp-json\/wp\/v2\/comments?post=140"}],"version-history":[{"count":12,"href":"https:\/\/www.maticon.hr\/en\/wp-json\/wp\/v2\/pages\/140\/revisions"}],"predecessor-version":[{"id":1138,"href":"https:\/\/www.maticon.hr\/en\/wp-json\/wp\/v2\/pages\/140\/revisions\/1138"}],"wp:attachment":[{"href":"https:\/\/www.maticon.hr\/en\/wp-json\/wp\/v2\/media?parent=140"}],"curies":[{"name":"wp","href":"https:\/\/api.w.org\/{rel}","templated":true}]}}