{"id":2,"date":"2016-08-18T12:02:30","date_gmt":"2016-08-18T10:02:30","guid":{"rendered":"http:\/\/www.maticon.hr\/?page_id=2"},"modified":"2026-03-20T21:03:25","modified_gmt":"2026-03-20T20:03:25","slug":"maticon-peci-kamini-i-metalne-konstrukcije","status":"publish","type":"page","link":"https:\/\/www.maticon.hr\/en\/","title":{"rendered":"MATICON &#8211; Pe\u0107i, kamini i metalne konstrukcije"},"content":{"rendered":"<div class=\"vce-row-container\" data-vce-boxed-width=\"true\"><div class=\"vce-row vce-row--col-gap-30 vce-row-equal-height vce-row-content--top\" id=\"el-e37f5522\" data-vce-do-apply=\"all el-e37f5522\"><div class=\"vce-row-content\" data-vce-element-content=\"true\"><div class=\"vce-col vce-col--md-auto vce-col--xs-1 vce-col--xs-last vce-col--xs-first vce-col--sm-last vce-col--sm-first vce-col--md-last vce-col--lg-last vce-col--xl-last vce-col--md-first vce-col--lg-first vce-col--xl-first\" id=\"el-c8d58982\"><div class=\"vce-col-inner\" data-vce-do-apply=\"border margin background  el-c8d58982\"><div class=\"vce-col-content\" data-vce-element-content=\"true\" data-vce-do-apply=\"padding el-c8d58982\"><section class=\"vce-feature-section-container vce-feature-section-media--xs\"><div class=\"vce vce-feature-section vce-feature-section--min-height\" id=\"el-a97a6b60\" data-vce-do-apply=\"margin border animation backgroundColor el-a97a6b60\"><div class=\"vce-feature-section-image vce-feature-section-image--alignment-left\" data-vce-background-image-all=\"https:\/\/www.maticon.hr\/wp-content\/uploads\/2021\/08\/IMG_20210319_124059-scaled.jpg\" data-vce-background-image=\"all\" data-vce-lozad=\"true\" data-vce-do-apply=\"backgroundImage el-a97a6b60\"><\/div><div class=\"vce-feature-section-content\"><div class=\"vce-feature-section-content-container\" data-vce-do-apply=\"padding el-a97a6b60\"><div class=\"vce-feature-section-description\"><h1 style=\"color: #fff;\">O nama<\/h1>\n<p style=\"color: #fff;\">MATICON d.o.o. je privatna tvrtka osnovana 1993. godine u Zagrebu. Tvrtka je do 2014. godine djelovala pod nazivom MIG-PIG d.o.o.<\/p><\/div><div class=\"vce-button--style-outline-container vce-button--style-outline-container--align-left\"><span class=\"vce-button--style-outline-wrapper vce\" id=\"el-a74b0906\" data-vce-do-apply=\"margin el-a74b0906\"><a class=\"vce-button vce-button--style-outline-animated vce-button--style-outline--border-square vce-button--style-outline--size-medium vce-button--style-outline-animated--color-e3e3e3--fff--3d3d3d vce-button--style-outline-animated--border-color-e3e3e3--3d3d3d vce-button--style-outline-animated--background-color-3d3d3d\" href=\"https:\/\/www.maticon.hr\/en\/o-nama\/\" title=\"O nama\" data-vce-do-apply=\"padding border background  el-a74b0906\"><span class=\"vce-button--style-outline-text\">op\u0161irnije<\/span><\/a><\/span><\/div><\/div><\/div><\/div><\/section><section class=\"vce-hero-section-container vce-hero-section-media--xs vce-hero-section-media--sm vce-hero-section-media--md\"><div class=\"vce vce-hero-section\" id=\"el-47e50d76\" data-vce-background-image-all=\"https:\/\/www.maticon.hr\/wp-content\/uploads\/2026\/03\/visualHP-main-foto.jpg\" data-vce-background-image=\"all\" data-vce-lozad=\"true\" data-vce-do-apply=\"margin background border  el-47e50d76\"><div class=\"vce-hero-section--wrap-row\"><div class=\"vce-hero-section--wrap\"><div class=\"vce-hero-section--content\" data-vce-do-apply=\"padding el-47e50d76\"><div class=\"vce-hero-section--content-container\"><h1 style=\"color: #fff; text-align: center;\">Pe\u0107i i kamini<\/h1>\n<p style=\"color: #fff; text-align: center;\">Vrhunski dizajnirane i toplinski u\u010dinkovite pe\u0107i i kamini na drva ili pelete<\/p><\/div><div class=\"vce-button--style-basic-container vce-button--style-basic-container--align-center\"><span class=\"vce-button--style-basic-wrapper vce\" id=\"el-9b6955a2\" data-vce-do-apply=\"margin el-9b6955a2\"><a class=\"vce-button vce-button--style-basic vce-button--style-basic--border-square vce-button--style-basic--size-medium vce-button--style-basic--color-557cbf--fff\" href=\"https:\/\/www.maticon.hr\/en\/web-ducan\/\" title=\"Pe\u0107i i kamini\" data-vce-do-apply=\"padding border background  el-9b6955a2\">cijeli asortiman<\/a><\/span><\/div><\/div><\/div><\/div><\/div><\/section><\/div><\/div><\/div><\/div><\/div><\/div><div class=\"vce-row-container\" data-vce-boxed-width=\"true\"><div class=\"vce-row vce-row--col-gap-30 vce-row-equal-height vce-row-content--top\" id=\"el-da09ddf4\" data-vce-do-apply=\"all el-da09ddf4\"><div class=\"vce-row-content\" data-vce-element-content=\"true\"><div class=\"vce-col vce-col--md-auto vce-col--xs-1 vce-col--xs-last vce-col--xs-first vce-col--sm-last vce-col--sm-first vce-col--md-last vce-col--lg-last vce-col--xl-last vce-col--md-first vce-col--lg-first vce-col--xl-first\" id=\"el-37cc3597\"><div class=\"vce-col-inner\" data-vce-do-apply=\"border margin background  el-37cc3597\"><div class=\"vce-col-content\" data-vce-element-content=\"true\" data-vce-do-apply=\"padding el-37cc3597\"><section class=\"vce-feature-section-container vce-feature-section-media--xs\"><div class=\"vce vce-feature-section vce-feature-section--min-height\" id=\"el-6acbfb0c\" data-vce-do-apply=\"margin border animation backgroundColor el-6acbfb0c\"><div class=\"vce-feature-section-image vce-feature-section-image--alignment-left\" data-vce-background-image-all=\"https:\/\/www.maticon.hr\/wp-content\/uploads\/2016\/08\/IMG-20190608-WA0089.jpg\" data-vce-background-image=\"all\" data-vce-lozad=\"true\" data-vce-do-apply=\"backgroundImage el-6acbfb0c\"><\/div><div class=\"vce-feature-section-content\"><div class=\"vce-feature-section-content-container\" data-vce-do-apply=\"padding el-6acbfb0c\"><div class=\"vce-feature-section-description\"><h1 style=\"color: #fff;\">Metalne konstrukcije<\/h1>\n<p style=\"color: #fff;\">Konstruiramo, modeliramo, izra\u0111ujemo i montiramo sve vrste metalnih konstrukcija prema zahtjevima investitora.<\/p><\/div><div class=\"vce-button--style-outline-container vce-button--style-outline-container--align-left\"><span class=\"vce-button--style-outline-wrapper vce\" id=\"el-37ed25fc\" data-vce-do-apply=\"margin el-37ed25fc\"><a class=\"vce-button vce-button--style-outline-animated vce-button--style-outline--border-square vce-button--style-outline--size-medium vce-button--style-outline-animated--color-e3e3e3--fff--3d3d3d vce-button--style-outline-animated--border-color-e3e3e3--3d3d3d vce-button--style-outline-animated--background-color-3d3d3d\" href=\"https:\/\/www.maticon.hr\/en\/metalne-konstrukcije\/\" title=\"O nama\" data-vce-do-apply=\"padding border background  el-37ed25fc\"><span class=\"vce-button--style-outline-text\">op\u0161irnije<\/span><\/a><\/span><\/div><\/div><\/div><\/div><\/section><\/div><\/div><\/div><\/div><\/div><\/div><div class=\"vce-row-container\" data-vce-boxed-width=\"true\"><div class=\"vce-row vce-row--col-gap-30 vce-row-equal-height vce-row-content--top\" id=\"el-d3af3fe6\" data-vce-do-apply=\"all el-d3af3fe6\"><div class=\"vce-row-content\" data-vce-element-content=\"true\"><div class=\"vce-col vce-col--md-auto vce-col--xs-1 vce-col--xs-last vce-col--xs-first vce-col--sm-last vce-col--sm-first vce-col--md-last vce-col--lg-last vce-col--xl-last vce-col--md-first vce-col--lg-first vce-col--xl-first\" id=\"el-c8701575\"><div class=\"vce-col-inner\" data-vce-do-apply=\"border margin background  el-c8701575\"><div class=\"vce-col-content\" data-vce-element-content=\"true\" data-vce-do-apply=\"padding el-c8701575\"><section class=\"vce-hero-section-container vce-hero-section-media--xs vce-hero-section-media--sm vce-hero-section-media--md\"><div class=\"vce vce-hero-section\" id=\"el-d3329aa8\" data-vce-background-image-all=\"https:\/\/www.maticon.hr\/wp-content\/uploads\/2016\/09\/140409115430_miami_01.jpg\" data-vce-background-image=\"all\" data-vce-lozad=\"true\" data-vce-do-apply=\"margin background border  el-d3329aa8\"><div class=\"vce-hero-section--wrap-row\"><div class=\"vce-hero-section--wrap\"><div class=\"vce-hero-section--content\" data-vce-do-apply=\"padding el-d3329aa8\"><div class=\"vce-hero-section--content-container\"><h1 style=\"color: #fff; text-align: center;\">Ugradnja, monta\u017ea i servis<\/h1>\n<p style=\"color: #fff; text-align: center;\">Tehni\u010dka i logisti\u010dka podr\u0161ka, terensko odr\u017eavanje i servisi s garancijom<\/p><\/div><div class=\"vce-button--style-basic-container vce-button--style-basic-container--align-center\"><span class=\"vce-button--style-basic-wrapper vce\" id=\"el-17a7063c\" data-vce-do-apply=\"margin el-17a7063c\"><a class=\"vce-button vce-button--style-basic vce-button--style-basic--border-square vce-button--style-basic--size-medium vce-button--style-basic--color-557cbf--fff\" href=\"https:\/\/www.maticon.hr\/en\/ugradnja-i-servisi\/\" title=\"Ugradnja i servisi\" data-vce-do-apply=\"padding border background  el-17a7063c\">detaljnije<\/a><\/span><\/div><\/div><\/div><\/div><\/div><\/section><\/div><\/div><\/div><\/div><\/div><\/div><div class=\"vce-row-container\" data-vce-boxed-width=\"true\"><div class=\"vce-row vce-row--col-gap-30 vce-row-equal-height vce-row-content--top\" id=\"el-029b1fb7\" data-vce-do-apply=\"all el-029b1fb7\"><div class=\"vce-row-content\" data-vce-element-content=\"true\"><div class=\"vce-col vce-col--md-auto vce-col--xs-1 vce-col--xs-last vce-col--xs-first vce-col--sm-last vce-col--sm-first vce-col--md-last vce-col--lg-last vce-col--xl-last vce-col--md-first vce-col--lg-first vce-col--xl-first\" id=\"el-5a96c709\"><div class=\"vce-col-inner\" data-vce-do-apply=\"border margin background  el-5a96c709\"><div class=\"vce-col-content\" data-vce-element-content=\"true\" data-vce-do-apply=\"padding el-5a96c709\"><div><\/div><\/div><\/div><\/div><\/div><\/div><\/div>","protected":false},"excerpt":{"rendered":"<p>O nama MATICON d.o.o. je privatna tvrtka osnovana 1993. godine u Zagrebu. Tvrtka je do 2014. godine djelovala pod nazivom MIG-PIG d.o.o.op\u0161irnijePe\u0107i i kamini Vrhunski dizajnirane i toplinski u\u010dinkovite pe\u0107i i kamini na drva ili peletecijeli asortimanMetalne konstrukcije Konstruiramo, modeliramo, izra\u0111ujemo i montiramo sve vrste metalnih konstrukcija prema zahtjevima investitora.op\u0161irnijeUgradnja, monta\u017ea i servis Tehni\u010dka i &#8230; <a title=\"MATICON &#8211; Pe\u0107i, kamini i metalne konstrukcije\" class=\"read-more\" href=\"https:\/\/www.maticon.hr\/en\/\" aria-label=\"Read more about MATICON &#8211; Pe\u0107i, kamini i metalne konstrukcije\">Read more<\/a><\/p>","protected":false},"author":1,"featured_media":0,"parent":0,"menu_order":0,"comment_status":"closed","ping_status":"open","template":"","meta":{"footnotes":""},"class_list":["post-2","page","type-page","status-publish"],"_links":{"self":[{"href":"https:\/\/www.maticon.hr\/en\/wp-json\/wp\/v2\/pages\/2","targetHints":{"allow":["GET"]}}],"collection":[{"href":"https:\/\/www.maticon.hr\/en\/wp-json\/wp\/v2\/pages"}],"about":[{"href":"https:\/\/www.maticon.hr\/en\/wp-json\/wp\/v2\/types\/page"}],"author":[{"embeddable":true,"href":"https:\/\/www.maticon.hr\/en\/wp-json\/wp\/v2\/users\/1"}],"replies":[{"embeddable":true,"href":"https:\/\/www.maticon.hr\/en\/wp-json\/wp\/v2\/comments?post=2"}],"version-history":[{"count":32,"href":"https:\/\/www.maticon.hr\/en\/wp-json\/wp\/v2\/pages\/2\/revisions"}],"predecessor-version":[{"id":1117,"href":"https:\/\/www.maticon.hr\/en\/wp-json\/wp\/v2\/pages\/2\/revisions\/1117"}],"wp:attachment":[{"href":"https:\/\/www.maticon.hr\/en\/wp-json\/wp\/v2\/media?parent=2"}],"curies":[{"name":"wp","href":"https:\/\/api.w.org\/{rel}","templated":true}]}}