{"id":70,"date":"2016-08-22T17:00:13","date_gmt":"2016-08-22T15:00:13","guid":{"rendered":"http:\/\/www.maticon.hr\/?page_id=70"},"modified":"2016-08-22T17:06:26","modified_gmt":"2016-08-22T15:06:26","slug":"ugradnja-i-servisi","status":"publish","type":"page","link":"https:\/\/www.maticon.hr\/en\/ugradnja-i-servisi\/","title":{"rendered":"Ugradnja i servisi"},"content":{"rendered":"<h3>CENTRALNO GRIJANJE<\/h3>\n<p><b>Specijalizirali smo se za ugradnju centralnog grijanja u Va\u0161 dom.<\/b><br \/>\nDugogodi\u0161nje iskustvo rezultiralo je mnogim ugradnjama i instalacijama sustava grijanja na razli\u010dite tipove goriva kao \u0161to su plin, ulje, drva i peleti.<\/p>\n<p>Nudimo inovativna rje\u0161enja za nove sustave ugradnje centralnog grijanja, ali i nadogradnje postoje\u0107ih sustava s kaminima i pe\u0107ima na pelete.<\/p>\n<div id=\"kad-wp-gallery81\" class=\"kad-wp-gallery kad-light-wp-gallery clearfix kt-gallery-column-3 rowtight\"><div class=\"tcol-lg-4 tcol-md-4 tcol-sm-4 tcol-xs-6 tcol-ss-12 g_item\"><div class=\"grid_item kad_gallery_fade_in gallery_item\"><a href=\"https:\/\/www.maticon.hr\/wp-content\/uploads\/2016\/08\/centralno2.png\" data-rel=\"lightbox\" class=\"lightboxhover\"><img loading=\"lazy\" decoding=\"async\" src=\"https:\/\/www.maticon.hr\/wp-content\/uploads\/2016\/08\/centralno2-400x400.png\" width=\"400\" height=\"400\" alt=\"\" srcset=\"https:\/\/www.maticon.hr\/wp-content\/uploads\/2016\/08\/centralno2-400x400.png 400w, https:\/\/www.maticon.hr\/wp-content\/uploads\/2016\/08\/centralno2-600x600.png 600w, https:\/\/www.maticon.hr\/wp-content\/uploads\/2016\/08\/centralno2-100x100.png 100w, https:\/\/www.maticon.hr\/wp-content\/uploads\/2016\/08\/centralno2-150x150.png 150w\" sizes=\"auto, (max-width: 400px) 100vw, 400px\" class=\"light-dropshaddow\"\/><\/a><\/div><\/div><div class=\"tcol-lg-4 tcol-md-4 tcol-sm-4 tcol-xs-6 tcol-ss-12 g_item\"><div class=\"grid_item kad_gallery_fade_in gallery_item\"><a href=\"https:\/\/www.maticon.hr\/wp-content\/uploads\/2016\/08\/centralno1.png\" data-rel=\"lightbox\" class=\"lightboxhover\"><img loading=\"lazy\" decoding=\"async\" src=\"https:\/\/www.maticon.hr\/wp-content\/uploads\/2016\/08\/centralno1-400x400.png\" width=\"400\" height=\"400\" alt=\"\" srcset=\"https:\/\/www.maticon.hr\/wp-content\/uploads\/2016\/08\/centralno1-400x400.png 400w, https:\/\/www.maticon.hr\/wp-content\/uploads\/2016\/08\/centralno1-100x100.png 100w, https:\/\/www.maticon.hr\/wp-content\/uploads\/2016\/08\/centralno1-150x150.png 150w\" sizes=\"auto, (max-width: 400px) 100vw, 400px\" class=\"light-dropshaddow\"\/><\/a><\/div><\/div><\/div>\n<h3>PROJEKTIRANJE I UGRADNJA<\/h3>\n<p>Pru\u017eamo usluge projektiranja sustava grijanja prema Va\u0161im \u017eeljama s ciljem potpune optimalizacije tro\u0161kova i u\u017eivanja u toplini doma.<\/p>\n<h3>SERVIS I ODR\u017dAVANJE<\/h3>\n<p>Korisniku proizvoda na\u0161e tvrtke zagarantirana je potpuna tehni\u010dka i stru\u010dna podr\u0161ka od stru\u010dno osposobljenih djelatnika educiranih od strane samog proizvo\u0111a\u010da.<\/p>\n<p>Pu\u0161tanje u rad, periodi\u010dki pregledi, servisi u garantnom i vangarantnom roku, kao i dobavljanje rezervnih dijelova u najkra\u0107em vremenskom roku, omogu\u0107avaju korisniku sigurnost i potpunu podr\u0161ku nakon kupnje odabranog proizvoda.<\/p>","protected":false},"excerpt":{"rendered":"<p>CENTRALNO GRIJANJE Specijalizirali smo se za ugradnju centralnog grijanja u Va\u0161 dom. Dugogodi\u0161nje iskustvo rezultiralo je mnogim ugradnjama i instalacijama sustava grijanja na razli\u010dite tipove goriva kao \u0161to su plin, ulje, drva i peleti. Nudimo inovativna rje\u0161enja za nove sustave ugradnje centralnog grijanja, ali i nadogradnje postoje\u0107ih sustava s kaminima i pe\u0107ima na pelete. PROJEKTIRANJE &#8230; <a title=\"Ugradnja i servisi\" class=\"read-more\" href=\"https:\/\/www.maticon.hr\/en\/ugradnja-i-servisi\/\" aria-label=\"Read more about Ugradnja i servisi\">Read more<\/a><\/p>","protected":false},"author":1,"featured_media":0,"parent":0,"menu_order":0,"comment_status":"closed","ping_status":"closed","template":"","meta":{"footnotes":""},"class_list":["post-70","page","type-page","status-publish"],"_links":{"self":[{"href":"https:\/\/www.maticon.hr\/en\/wp-json\/wp\/v2\/pages\/70","targetHints":{"allow":["GET"]}}],"collection":[{"href":"https:\/\/www.maticon.hr\/en\/wp-json\/wp\/v2\/pages"}],"about":[{"href":"https:\/\/www.maticon.hr\/en\/wp-json\/wp\/v2\/types\/page"}],"author":[{"embeddable":true,"href":"https:\/\/www.maticon.hr\/en\/wp-json\/wp\/v2\/users\/1"}],"replies":[{"embeddable":true,"href":"https:\/\/www.maticon.hr\/en\/wp-json\/wp\/v2\/comments?post=70"}],"version-history":[{"count":3,"href":"https:\/\/www.maticon.hr\/en\/wp-json\/wp\/v2\/pages\/70\/revisions"}],"predecessor-version":[{"id":76,"href":"https:\/\/www.maticon.hr\/en\/wp-json\/wp\/v2\/pages\/70\/revisions\/76"}],"wp:attachment":[{"href":"https:\/\/www.maticon.hr\/en\/wp-json\/wp\/v2\/media?parent=70"}],"curies":[{"name":"wp","href":"https:\/\/api.w.org\/{rel}","templated":true}]}}