{"id":77,"date":"2016-08-23T14:43:10","date_gmt":"2016-08-23T12:43:10","guid":{"rendered":"http:\/\/www.maticon.hr\/?page_id=77"},"modified":"2017-07-18T15:02:18","modified_gmt":"2017-07-18T13:02:18","slug":"maticon-pametno-grijanje","status":"publish","type":"page","link":"https:\/\/www.maticon.hr\/en\/maticon-pametno-grijanje\/","title":{"rendered":"MATICON &#8211; pametno grijanje"},"content":{"rendered":"<p><b>Tipovi sistema grijanja, njihove prednosti i mane.<\/b><br \/>\nDana\u0161nji tempo \u017eivota pojedincu je zadao mnoga ograni\u010denja i prepreke s kojima se bori svaki dan kako bi na\u0161ao malo vremena &#8220;za sebe&#8221;. Obitelj, prijatelji, sport, kazali\u0161te, kino i \u0161etnja u prirodi postali su, na\u017ealost, luksuz. Svakodnevne obveze, a naro\u010dito one koje to ne bi trebale biti, uz kaoti\u010dno radno vrijeme, zauzimaju ogroman dio na\u0161eg dana koji je dragocjen te ih je stoga potrebno maksimalno smanjiti i koristiti svaki trenutak \u017eivota. U dana\u0161nje vrijeme velikih tro\u0161kova, malih primanja i nedostatka slobodnog vremena, ljudi \u010desto \u017ertvuju novac kako bi sa\u010duvali slobodno vrijeme i obrnuto. Ve\u0107im dijelom godine svakom je ku\u0107anstvu grijanje nu\u017eno, bilo da se radi o neophodnom grijanju zimi koje ve\u0107inu asocira na izvanredni tro\u0161ak, bilo da se radi o laganom dogrijavanju prostora u proljetnim i jesenskim danima.<\/p>\n<p>Razli\u010diti tipovi goriva imaju i razli\u010dite prednosti i mane koje ih prate te \u010dine vi\u0161e ili manje prihvatljivima.<\/p>\n<p>Grijanje na goriva kao \u0161to su plin ili lo\u017eivo ulje okarakterizirano je kao grijanje koje definitivno \u0161tedi vrijeme i skladi\u0161ni prostor. Negativni aspekti su veliki financijski tro\u0161kovi kao i ekolo\u0161ki faktor kojem bi se u budu\u0107nosti trebalo posvetiti vi\u0161e pa\u017enje, s obzirom na o\u010duvanje prirodne ba\u0161tine za daljnje nara\u0161taje. U\u0161teda vremena ostvaruje se namje\u0161tanjem termostatskog regulatora u \u017eeljeni re\u017eim rada. S obzirom na financijsku optere\u0107enost i nestabilnost tro\u0161kova koji ovise o globalnim velesilama i fiktivnim gospodarskim usponima i padovima, ve\u0107ina populacije opredjeljuje se za grijanje na kruta goriva koja ih okru\u017euju u njihovim sredinama \u0161to ih \u010dini dostupnijom i sigurnijom opcijom. Glavni predstavnik takvih goriva je DRVO!<\/p>\n<p>Drvo kao gorivo omogu\u0107uje nam jeftinije re\u017eijske tro\u0161kove, ali i prekrasan ugo\u0111aj prizora kamina ili pe\u0107i smje\u0161tenih u prostorijama u kojima najvi\u0161e vremena provodimo. Miris drva i ugo\u0111aj plamena nezamjenjivi su aduti za odabir ovakvih sustava grijanja. Nedostaci koje posjeduju ovakvi sustavi su u\u010destala briga o doziranju goriva i skladi\u0161tenje drva za ogrjev za koje je \u010desto potreban veliki skladi\u0161ni prostor odgovaraju\u0107e vla\u017enosti i prozra\u010dnosti dok manipulacija i doziranje drva za ogrjev iziskuju dodatno utro\u0161eno vrijeme.<\/p>","protected":false},"excerpt":{"rendered":"<p>Tipovi sistema grijanja, njihove prednosti i mane. Dana\u0161nji tempo \u017eivota pojedincu je zadao mnoga ograni\u010denja i prepreke s kojima se bori svaki dan kako bi na\u0161ao malo vremena &#8220;za sebe&#8221;. Obitelj, prijatelji, sport, kazali\u0161te, kino i \u0161etnja u prirodi postali su, na\u017ealost, luksuz. Svakodnevne obveze, a naro\u010dito one koje to ne bi trebale biti, uz &#8230; <a title=\"MATICON &#8211; pametno grijanje\" class=\"read-more\" href=\"https:\/\/www.maticon.hr\/en\/maticon-pametno-grijanje\/\" aria-label=\"Read more about MATICON &#8211; pametno grijanje\">Read more<\/a><\/p>","protected":false},"author":1,"featured_media":0,"parent":0,"menu_order":0,"comment_status":"closed","ping_status":"closed","template":"","meta":{"footnotes":""},"class_list":["post-77","page","type-page","status-publish"],"_links":{"self":[{"href":"https:\/\/www.maticon.hr\/en\/wp-json\/wp\/v2\/pages\/77","targetHints":{"allow":["GET"]}}],"collection":[{"href":"https:\/\/www.maticon.hr\/en\/wp-json\/wp\/v2\/pages"}],"about":[{"href":"https:\/\/www.maticon.hr\/en\/wp-json\/wp\/v2\/types\/page"}],"author":[{"embeddable":true,"href":"https:\/\/www.maticon.hr\/en\/wp-json\/wp\/v2\/users\/1"}],"replies":[{"embeddable":true,"href":"https:\/\/www.maticon.hr\/en\/wp-json\/wp\/v2\/comments?post=77"}],"version-history":[{"count":2,"href":"https:\/\/www.maticon.hr\/en\/wp-json\/wp\/v2\/pages\/77\/revisions"}],"predecessor-version":[{"id":589,"href":"https:\/\/www.maticon.hr\/en\/wp-json\/wp\/v2\/pages\/77\/revisions\/589"}],"wp:attachment":[{"href":"https:\/\/www.maticon.hr\/en\/wp-json\/wp\/v2\/media?parent=77"}],"curies":[{"name":"wp","href":"https:\/\/api.w.org\/{rel}","templated":true}]}}