{"id":776,"date":"2026-03-20T18:10:38","date_gmt":"2026-03-20T17:10:38","guid":{"rendered":"http:\/\/www.maticon.hr\/?page_id=776"},"modified":"2026-03-20T22:26:15","modified_gmt":"2026-03-20T21:26:15","slug":"o-nama","status":"publish","type":"page","link":"https:\/\/www.maticon.hr\/en\/maticon-peci-kamini-i-metalne-konstrukcije\/o-nama\/","title":{"rendered":"O nama"},"content":{"rendered":"<div class=\"vce-row-container\" data-vce-boxed-width=\"true\"><div class=\"vce-row vce-row--col-gap-30 vce-row-equal-height vce-row-content--top\" id=\"el-ae8f1691\" data-vce-do-apply=\"all el-ae8f1691\"><div class=\"vce-row-content\" data-vce-element-content=\"true\"><div class=\"vce-col vce-col--md-auto vce-col--xs-1 vce-col--xs-last vce-col--xs-first vce-col--sm-last vce-col--sm-first vce-col--md-last vce-col--lg-last vce-col--xl-last vce-col--md-first vce-col--lg-first vce-col--xl-first\" id=\"el-64d950b6\"><div class=\"vce-col-inner\" data-vce-do-apply=\"border margin background  el-64d950b6\"><div class=\"vce-col-content\" data-vce-element-content=\"true\" data-vce-do-apply=\"padding el-64d950b6\"><div class=\"vce-text-block\"><div class=\"vce-text-block-wrapper vce\" id=\"el-c1017c29\" data-vce-do-apply=\"all el-c1017c29\">\n<p>MATICON d.o.o. je privatna tvrtka osnovana 1993. godine u Zagrebu. Tvrtka je do 2014. godine djelovala pod nazivom MIG-PIG d.o.o.<\/p>\n\n<p>U razdoblju od osnutka do danas oslu\u0161kivali smo potrebe klijenata i tako stekli dugogodi\u0161nju tradiciju instalacija u stambenim ku\u0107ama i zgradama. Na\u0161 tim majstora i in\u017eenjera strojarstva Vam stoji na usluzi pri izradi svih instalaterskih radova baziranih na projektiranju i instalaciji sustava centralnog grijanja i vodovodnih instalacija kao i konstruiranju gra\u0111evinskih konstrukcija i galanterija od nehr\u0111aju\u0107ih CrNi \u010delika (Inox) i nelegiranih uglji\u010dnih \u010delika (St-standardnog crnog \u010delika) od ideje do monta\u017ee.<\/p>\n\n<p>\u017delja klijenata za kvalitetnim izvorom topline navela nas je da pro\u0161irimo djelatnost na ugradnju i prodaju pe\u0107i i kamina. Na\u0161a \u017eelja je klijentu olak\u0161ati i u pogledu dostave i skladi\u0161tenje energenata stoga pru\u017eamo uslugu prodaje i dostave kvalitetnih peleta.<\/p>\n\n<h3 class=\"wp-block-heading\"><b>NA\u0160A VIZIJA<\/b><\/h3>\n\n<p>Na\u0161a vizija inovativna su energetska rje\u0161enja u tehnici grijanja koja stalno postavljaju vi\u0161e standarde u kvaliteti \u017eivljenja i koja ne samo da uvode nove navike i trendove, nego i uljep\u0161avaju prostor u kojem svakodnevno boravimo.<\/p>\n\n<p>Cilj nam je kontinuiranim ulaganjem, razvojem proizvoda i usluga te edukacijom zaposlenika postati zna\u010dajan subjekt na hrvatskom tr\u017ei\u0161tu.<\/p>\n\n<h3 class=\"wp-block-heading\"><b>NA\u0160A MISIJA<\/b><\/h3>\n\n<p>U<span lang=\"hr-HR\">\u010diniti na\u0161e ime prepoznatljivim po kvaliteti i pouzdanosti te istovremeno:<\/span><\/p>\n\n<ul class=\"wp-block-list\">\n<li>pru\u017eiti osvje\u017eenje na\u0161im potro\u0161a\u010dima inovacijama na podru\u010dju grijanja<\/li>\n\n<li>biti partnerom na\u0161im kupcima<\/li>\n\n<li>obogatiti \u017eivote zajednica u kojima poslujemo<\/li>\n\n<li>pru\u017eati maksimalnu energetsku u\u010dinkovitost grijanja<\/li>\n\n<li>pru\u017eati inovativna rje\u0161enja na podru\u010dju grijanja<\/li>\n<\/ul>\n<\/div><\/div><div class=\"vce-image-gallery vce-image-gallery--gap-10 vce-image-gallery--columns-3\"><div class=\"vce-image-gallery-wrapper vce\" id=\"el-9830d744\" data-vce-do-apply=\"all el-9830d744\"><div class=\"vce-image-gallery-list\"><div class=\"vce-image-gallery-item\"><figure class=\"vce-image-gallery-item-inner-wrapper\"><a href=\"https:\/\/www.maticon.hr\/wp-content\/uploads\/2021\/08\/IMG_20210617_145646-scaled.jpg\" data-lightbox=\"lightbox-9830d744\" class=\"vce-image-gallery-item-inner\"><img decoding=\"async\" class=\"vce-image-gallery-img\" src=\"https:\/\/www.maticon.hr\/wp-content\/uploads\/2021\/08\/IMG_20210617_145646-1024x768.jpg\" alt=\"\" title=\"IMG_20210617_145646\"><\/a><\/figure><\/div><div class=\"vce-image-gallery-item\"><figure class=\"vce-image-gallery-item-inner-wrapper\"><a href=\"https:\/\/www.maticon.hr\/wp-content\/uploads\/2021\/03\/camino-TK-03F-ambientata-00.jpg\" data-lightbox=\"lightbox-9830d744\" class=\"vce-image-gallery-item-inner\"><img decoding=\"async\" class=\"vce-image-gallery-img\" src=\"https:\/\/www.maticon.hr\/wp-content\/uploads\/2021\/03\/camino-TK-03F-ambientata-00.jpg\" alt=\"\" title=\"camino-TK-03F-ambientata-00\"><\/a><\/figure><\/div><div class=\"vce-image-gallery-item\"><figure class=\"vce-image-gallery-item-inner-wrapper\"><a href=\"https:\/\/www.maticon.hr\/wp-content\/uploads\/2021\/08\/20200825_150751-scaled.jpg\" data-lightbox=\"lightbox-9830d744\" class=\"vce-image-gallery-item-inner\"><img decoding=\"async\" class=\"vce-image-gallery-img vce-image-gallery-img--orientation-portrait\" src=\"https:\/\/www.maticon.hr\/wp-content\/uploads\/2021\/08\/20200825_150751-498x1024.jpg\" alt=\"\" title=\"20200825_150751\"><\/a><\/figure><\/div><div class=\"vce-image-gallery-item\"><figure class=\"vce-image-gallery-item-inner-wrapper\"><a href=\"https:\/\/www.maticon.hr\/wp-content\/uploads\/2020\/08\/SYMPHONIE_horizontal-scaled.jpg\" data-lightbox=\"lightbox-9830d744\" class=\"vce-image-gallery-item-inner\"><img decoding=\"async\" class=\"vce-image-gallery-img\" src=\"https:\/\/www.maticon.hr\/wp-content\/uploads\/2020\/08\/SYMPHONIE_horizontal-1024x662.jpg\" alt=\"\" title=\"700 MINOS\"><\/a><\/figure><\/div><div class=\"vce-image-gallery-item\"><figure class=\"vce-image-gallery-item-inner-wrapper\"><a href=\"https:\/\/www.maticon.hr\/wp-content\/uploads\/2016\/08\/6E86DFC2-81A6-43E0-B25A-C0D15659EE2B-scaled.jpg\" data-lightbox=\"lightbox-9830d744\" class=\"vce-image-gallery-item-inner\"><img decoding=\"async\" class=\"vce-image-gallery-img\" src=\"https:\/\/www.maticon.hr\/wp-content\/uploads\/2016\/08\/6E86DFC2-81A6-43E0-B25A-C0D15659EE2B-1024x768.jpg\" alt=\"\" title=\"6E86DFC2-81A6-43E0-B25A-C0D15659EE2B\"><\/a><\/figure><\/div><div class=\"vce-image-gallery-item\"><figure class=\"vce-image-gallery-item-inner-wrapper\"><a href=\"https:\/\/www.maticon.hr\/wp-content\/uploads\/2016\/08\/IMG-20190608-WA0086.jpg\" data-lightbox=\"lightbox-9830d744\" class=\"vce-image-gallery-item-inner\"><img decoding=\"async\" class=\"vce-image-gallery-img\" src=\"https:\/\/www.maticon.hr\/wp-content\/uploads\/2016\/08\/IMG-20190608-WA0086-1024x768.jpg\" alt=\"\" title=\"IMG-20190608-WA0086\"><\/a><\/figure><\/div><\/div><\/div><\/div><div class=\"vce-text-block\"><div class=\"vce-text-block-wrapper vce\" id=\"el-8780b37e\" data-vce-do-apply=\"all el-8780b37e\">\n<h3 class=\"wp-block-heading\"><b>NA\u0160E VRIJEDNOSTI<\/b><\/h3>\n\n<p><span lang=\"hr-HR\">Svoju izvrsnost zahvaljujemo integritetu znanja, vje\u0161tina, inovativnosti i timskog rada na\u0161ih zaposlenika.<\/span><\/p>\n\n<ul class=\"wp-block-list\">\n<li><span lang=\"hr-HR\"><strong>Inovativnost<\/strong>: trudimo se na kreativan na\u010din pristupati svakom tehni\u010dkom problemu.<\/span><\/li>\n\n<li><strong>Izvornost<\/strong>: postupamo po\u0161teno i \u010dinimo ono \u0161to je ispravno, a ne samo ono \u0161to je lako.<\/li>\n\n<li><strong>Izvrsnost<\/strong>: nastojimo neprestano rasti i razvijati se.<\/li>\n\n<li><strong>U\u010denje<\/strong>: pozorno slu\u0161amo okolinu \u0161to nas poti\u010de na stjecanje novih znanja.<\/li>\n\n<li><strong>Timski duh<\/strong>: vjerujemo u snagu zajedni\u010dkog rada i davanja vlastitog doprinosa u svakoj prilici.<\/li>\n<\/ul>\n<\/div><\/div><div class=\"vce-text-block\"><div class=\"vce-text-block-wrapper vce\" id=\"el-2141ffd2\" data-vce-do-apply=\"all el-2141ffd2\">\n<h3 class=\"wp-block-heading\"><strong>I<\/strong><b>ZREKE I MISLI KOJIMA SE VODIMO<\/b><\/h3>\n<p><div class=\"blockquote blockquote-full postclass clearfix\"><\/p>\n<p>Kad prihvatimo svoja ograni\u010denja, prekora\u010dimo ih. <em>Brendan Francis<\/em><\/p>\n<p><\/div><\/p>\n<p><div class=\"blockquote blockquote-full postclass clearfix\"><\/p>\n<p>Tko ne te\u017ei natprosje\u010dnomu, tomu ni prosje\u010dno ne uspije. <em>Karl Heinrich Waggerl<\/em><\/p>\n<p><\/div><\/p>\n<p><div class=\"blockquote blockquote-full postclass clearfix\"><\/p>\n<p>Ako \u017eelite da ni\u0161ta ne radite, zaljubite se u ono \u0161to radite. <em>Svift<\/em><\/p>\n<p><\/div><\/p>\n\n<p>&nbsp;<\/p>\n<\/div><\/div><div class=\"vce-text-block\"><div class=\"vce-text-block-wrapper vce\" id=\"el-bacb4e31\" data-vce-do-apply=\"all el-bacb4e31\">\n<h4 class=\"wp-block-heading\"><b>Tvrtka \u201eMaticon\u201d d.o.o. bavi se sljede\u0107im djelatnostima i maloprodajom:<\/b><\/h4>\n\n<ul class=\"wp-block-list\">\n<li>prodaja pe\u0107i i kamina istaknute kvalitete<\/li>\n\n<li>ugradnja pe\u0107i i kamina<\/li>\n\n<li>servis pe\u0107i i kamina<\/li>\n\n<li>prodaja energenata- peleta i drva<\/li>\n\n<li>dostava energenata- peleta i drva<\/li>\n\n<li>instalacije centralnog grijanja<\/li>\n\n<li>vodoinstalacije<\/li>\n\n<li>rekonstrukcija kotlovnica<\/li>\n\n<li>sanitarije<\/li>\n\n<li>podno grijanje<\/li>\n\n<li>brze intervencije i servis<\/li>\n\n<li>izrada 3D modela u SolidWorks-u<\/li>\n\n<li>izrada prora\u010duna konstrukcija<\/li>\n\n<li>izrada gra\u0111evinskih konstrukcija i galanterije od inoxa i standardnog konstrukcijskog \u010delika<\/li>\n<\/ul>\n\n<p><b>Dugogodi\u0161nja suradnja s velikim tvrtkama kao \u0161to su: <\/b><\/p>\n\n<p>KON\u010cAR \u2013 Generatori i motori d.d., JEDINSTVO d.d., SINITECH d.o.o., ZAGREBA\u010cKI HOLDING d.o.o., AQUAFILCRO d.o.o. i mnogi drugi, pokazatelj nam je uspje\u0161nog razvijanja poslovnih odnosa punih uzajamnog povjerenja<b>.<\/b><\/p>\n<\/div><\/div><\/div><\/div><\/div><\/div><\/div><\/div><div class=\"vce-row-container\" data-vce-boxed-width=\"true\"><div class=\"vce-row vce-row--col-gap-30 vce-row-equal-height vce-row-content--top\" id=\"el-aee39ae1\" data-vce-do-apply=\"all el-aee39ae1\"><div class=\"vce-row-content\" data-vce-element-content=\"true\"><div class=\"vce-col vce-col--md-auto vce-col--xs-1 vce-col--xs-last vce-col--xs-first vce-col--sm-last vce-col--sm-first vce-col--md-last vce-col--lg-last vce-col--xl-last vce-col--md-first vce-col--lg-first vce-col--xl-first\" id=\"el-0b49cd00\"><div class=\"vce-col-inner\" data-vce-do-apply=\"border margin background  el-0b49cd00\"><div class=\"vce-col-content\" data-vce-element-content=\"true\" data-vce-do-apply=\"padding el-0b49cd00\"><div><\/div><\/div><\/div><\/div><\/div><\/div><\/div><div class=\"vce-row-container\" data-vce-boxed-width=\"true\"><div class=\"vce-row vce-row--col-gap-30 vce-row-equal-height vce-row-content--top\" id=\"el-2de68506\" data-vce-do-apply=\"all el-2de68506\"><div class=\"vce-row-content\" data-vce-element-content=\"true\"><div class=\"vce-col vce-col--md-auto vce-col--xs-1 vce-col--xs-last vce-col--xs-first vce-col--sm-last vce-col--sm-first vce-col--md-last vce-col--lg-last vce-col--xl-last vce-col--md-first vce-col--lg-first vce-col--xl-first\" id=\"el-0eea0ca5\"><div class=\"vce-col-inner\" data-vce-do-apply=\"border margin background  el-0eea0ca5\"><div class=\"vce-col-content\" data-vce-element-content=\"true\" data-vce-do-apply=\"padding el-0eea0ca5\"><div class=\"vce-simple-image-slider\" style=\"--backgroundPosition: center center; --pointerColor: #fff; --pointerColorHover: #fd9a00;\"><div class=\"vce-simple-image-slider-wrapper vce\" id=\"el-3d040388\" data-vce-do-apply=\"all el-3d040388\"><div class=\"vce-simple-image-slider-helper vce-simple-image-slider-aspect-ratio--16-9\"><div class=\"vce-simple-image-slider-list\" data-slick-autoplay=\"on\" data-slick-autoplay-delay=\"5000\" data-slick-effect=\"slideIn\" data-slick-dots=\"on\" data-slick-arrows=\"off\"><div class=\"slick-list\"><div class=\"slick-track\"><div class=\"vce-simple-image-slider-item vc-slick-item\"><div style=\"background-image:url(https:\/\/www.maticon.hr\/wp-content\/uploads\/2016\/10\/14647376_10154605115174666_856090020_o.jpg)\" class=\"vce-simple-image-slider-img vce-simple-image-slider-img--scale\"><img decoding=\"async\" class=\"\" src=\"https:\/\/www.maticon.hr\/wp-content\/uploads\/2016\/10\/14647376_10154605115174666_856090020_o.jpg\" style=\"opacity:0\" alt=\"\"><\/div><\/div><div class=\"vce-simple-image-slider-item vc-slick-item\"><div style=\"background-image:url(https:\/\/www.maticon.hr\/wp-content\/uploads\/2016\/10\/14697074_10154605114139666_986603351_o.jpg)\" class=\"vce-simple-image-slider-img vce-simple-image-slider-img--scale\"><img decoding=\"async\" class=\"\" src=\"https:\/\/www.maticon.hr\/wp-content\/uploads\/2016\/10\/14697074_10154605114139666_986603351_o.jpg\" style=\"opacity:0\" alt=\"\"><\/div><\/div><div class=\"vce-simple-image-slider-item vc-slick-item\"><div style=\"background-image:url(https:\/\/www.maticon.hr\/wp-content\/uploads\/2016\/10\/14686090_10154605114134666_2060271180_n.jpg)\" class=\"vce-simple-image-slider-img vce-simple-image-slider-img--scale\"><img decoding=\"async\" class=\"\" src=\"https:\/\/www.maticon.hr\/wp-content\/uploads\/2016\/10\/14686090_10154605114134666_2060271180_n.jpg\" style=\"opacity:0\" alt=\"\"><\/div><\/div><div class=\"vce-simple-image-slider-item vc-slick-item\"><div style=\"background-image:url(https:\/\/www.maticon.hr\/wp-content\/uploads\/2016\/10\/tojeta.jpg)\" class=\"vce-simple-image-slider-img vce-simple-image-slider-img--scale\"><img decoding=\"async\" class=\"\" src=\"https:\/\/www.maticon.hr\/wp-content\/uploads\/2016\/10\/tojeta.jpg\" style=\"opacity:0\" alt=\"\"><\/div><\/div><div class=\"vce-simple-image-slider-item vc-slick-item\"><div style=\"background-image:url(https:\/\/www.maticon.hr\/wp-content\/uploads\/2016\/08\/ecospar.jpg)\" class=\"vce-simple-image-slider-img vce-simple-image-slider-img--scale\"><img decoding=\"async\" class=\"\" src=\"https:\/\/www.maticon.hr\/wp-content\/uploads\/2016\/08\/ecospar.jpg\" style=\"opacity:0\" alt=\"EcoSpar\"><\/div><\/div><div class=\"vce-simple-image-slider-item vc-slick-item\"><div style=\"background-image:url(https:\/\/www.maticon.hr\/wp-content\/uploads\/2016\/08\/10710260_1517605335123963_5091320790944732646_o.jpg)\" class=\"vce-simple-image-slider-img vce-simple-image-slider-img--scale\"><img decoding=\"async\" class=\"\" src=\"https:\/\/www.maticon.hr\/wp-content\/uploads\/2016\/08\/10710260_1517605335123963_5091320790944732646_o.jpg\" style=\"opacity:0\" alt=\"\"><\/div><\/div><div class=\"vce-simple-image-slider-item vc-slick-item\"><div style=\"background-image:url(https:\/\/www.maticon.hr\/wp-content\/uploads\/2016\/08\/1926259_1517605348457295_289974094765299293_o.jpg)\" class=\"vce-simple-image-slider-img vce-simple-image-slider-img--scale\"><img decoding=\"async\" class=\"\" src=\"https:\/\/www.maticon.hr\/wp-content\/uploads\/2016\/08\/1926259_1517605348457295_289974094765299293_o.jpg\" style=\"opacity:0\" alt=\"\"><\/div><\/div><\/div><\/div><\/div><div class=\"vce-simple-image-slider-dots\"><\/div><\/div><\/div><\/div><\/div><\/div><\/div><\/div><\/div><\/div>","protected":false},"excerpt":{"rendered":"<p>MATICON d.o.o. je privatna tvrtka osnovana 1993. godine u Zagrebu. Tvrtka je do 2014. godine djelovala pod nazivom MIG-PIG d.o.o. U razdoblju od osnutka do danas oslu\u0161kivali smo potrebe klijenata i tako stekli dugogodi\u0161nju tradiciju instalacija u stambenim ku\u0107ama i zgradama. Na\u0161 tim majstora i in\u017eenjera strojarstva Vam stoji na usluzi pri izradi svih instalaterskih &#8230; <a title=\"O nama\" class=\"read-more\" href=\"https:\/\/www.maticon.hr\/en\/maticon-peci-kamini-i-metalne-konstrukcije\/o-nama\/\" aria-label=\"Read more about O nama\">Read more<\/a><\/p>","protected":false},"author":1,"featured_media":0,"parent":2,"menu_order":0,"comment_status":"closed","ping_status":"closed","template":"","meta":{"footnotes":""},"class_list":["post-776","page","type-page","status-publish"],"_links":{"self":[{"href":"https:\/\/www.maticon.hr\/en\/wp-json\/wp\/v2\/pages\/776","targetHints":{"allow":["GET"]}}],"collection":[{"href":"https:\/\/www.maticon.hr\/en\/wp-json\/wp\/v2\/pages"}],"about":[{"href":"https:\/\/www.maticon.hr\/en\/wp-json\/wp\/v2\/types\/page"}],"author":[{"embeddable":true,"href":"https:\/\/www.maticon.hr\/en\/wp-json\/wp\/v2\/users\/1"}],"replies":[{"embeddable":true,"href":"https:\/\/www.maticon.hr\/en\/wp-json\/wp\/v2\/comments?post=776"}],"version-history":[{"count":8,"href":"https:\/\/www.maticon.hr\/en\/wp-json\/wp\/v2\/pages\/776\/revisions"}],"predecessor-version":[{"id":1108,"href":"https:\/\/www.maticon.hr\/en\/wp-json\/wp\/v2\/pages\/776\/revisions\/1108"}],"up":[{"embeddable":true,"href":"https:\/\/www.maticon.hr\/en\/wp-json\/wp\/v2\/pages\/2"}],"wp:attachment":[{"href":"https:\/\/www.maticon.hr\/en\/wp-json\/wp\/v2\/media?parent=776"}],"curies":[{"name":"wp","href":"https:\/\/api.w.org\/{rel}","templated":true}]}}