{"id":80,"date":"2016-08-23T14:49:57","date_gmt":"2016-08-23T12:49:57","guid":{"rendered":"http:\/\/www.maticon.hr\/?page_id=80"},"modified":"2017-07-18T15:05:14","modified_gmt":"2017-07-18T13:05:14","slug":"drvo-kao-ogrjevno-sredstvo","status":"publish","type":"page","link":"https:\/\/www.maticon.hr\/en\/maticon-pametno-grijanje\/drvo-kao-ogrjevno-sredstvo\/","title":{"rendered":"Drvo kao ogrjevno sredstvo"},"content":{"rendered":"<p>Povijesna komercijalna mjera za ogrjevno drvo je prostorni metar, a sa\u010dinjavaju ga cjepanice du\u017eine jednog metra i prosje\u010dnog promjera 8-15 cm. Tradicionalna tr\u017ei\u0161na distribucija je podrazumijevala prijevoz slo\u017eaja cjepanica du\u017eine 1 m i visine 1,10 m, a u novije vrijeme se pojavljuje konfekcionirano drvo na paletama du\u017eine 25, 33 cm ve\u0107inom za lo\u017eenje kamina i manjih pe\u0107i, dok se du\u017eine 50 cm koriste za lo\u017eenje sustava centralnog grijanja obiteljskog tipa. Najboljom sirovinom za ogrjevno drvo smatra se grab, potom bukva i druge vrste tvrdog drva. Su\u0161enje se odvija na zraku od svje\u017eeg stanja do vla\u017enosti cca 20% koja je optimalna za lo\u017eenje. U mnogim zemljama i dalje je glavno drvno gorivo za krajnje korisnike. Drvo je organski materijal koji se dobiva od drvenastih biljaka, uglavnom od debla stabala, iako se za neke primjene koriste i grane. Ono je tvrd i vlaknast materijal koji je prirodni spoj celuloznih vlakana (koja su \u010dvrsta i kruta) spojenih ligninom (rastezljivim polimerom)<\/p>\n<p>Energetska vrijednost drveta<br \/>\nIako je poznato da su neke vrste drveta \u201ekalori\u010dnije\u201c nego druge, zapravo je prava istina da energetska vrijednost drva najvi\u0161e ovisi o koli\u010dini, odnosno udjelu vode, a manje i o vrsti drveta . Naravno, veliki utjecaj imaju smola i lignit, te drvo s vi\u0161e navedenog u sebi ima i ve\u0107u ogrjevnu mo\u0107, \u0161to zna\u010di da \u010detinja\u010de imaju vi\u0161u ogrjevnu vrijednost po kilogramu od bjelogorice. Kako bjelogori\u010dno drvo ima ve\u0107u gusto\u0107u, njegova ogrjevna vrijednost po prostornom metru je ve\u0107a, te tako 1 prostorni metar bukve ima za oko 40% ve\u0107u ogrjevnu vrijednost od prostornog metra smreke. Razlog ovome le\u017ei u tome \u0161to \u010detinja\u010de sadr\u017ee vi\u0161e zraka u svojim stanicama, \u0161to ne doprinosi te\u017eini ali pove\u0107ava obujam. Tako\u0111er, lo\u017eenje s crnogori\u010dnim drvetom mo\u017ee biti prili\u010dno nezahvalno, jer smola stvara gusti dim, pa lo\u017ei\u0161te i dimnjak treba \u010de\u0161\u0107e \u010distiti.<\/p>\n<p>Drvo koje se koristi za ogrjev u obiteljskim ku\u0107ama ne bi smjelo imati udio vode ve\u0107i od 25%. Svako drvo s ve\u0107im postotkom vlage dovodi do pada temperature ispod optimalne, \u0161to uzrokuje pove\u0107anu koli\u010dinu dima te je mogu\u0107e i o\u0161te\u0107enje samog dimnjaka. Tako\u0111er, kori\u0161tenjem prevla\u017enog drveta opada i njegova ogrjevna vrijednost, a samim time i proizvedena toplina, budu\u0107i da se dio energije sadr\u017eane u drvetu tro\u0161i na isparavanje vode (0,68 kWh\/kg vode).<\/p>\n<p>Cjepanice &#8211; kvaliteta i savjeti pri kupovini<br \/>\nU nas su cjepanice jo\u0161 uvijek najpopularniji i najtradicionalniji oblik ogrjevnog drveta kojeg susre\u0107emo. Zadnjih godina uo\u010den je porast potra\u017enje za kalijevim pe\u0107ima na drva, a samim time i potra\u017enje za ogrjevnim drvetom-cjepanicama. Za grijanje se u nas naj\u010de\u0161\u0107e koristi drvo bukve, graba, javora, hrasta, jasena i breze. Poznato je da bukovo drvo proizvodi jaki \u017ear, te zbog toga ujedna\u010deno i dugotrajno emitira toplinu, te uz atraktivni plamen gori gotovo bez iskri, \u0161to je pogodno za sve vrste kalijevih pe\u0107i a posebno one sa staklenim otvorom. Cjepanice se obi\u010dno kupuju po prostornom metru, te treba znati da cjepanice naj\u010de\u0161\u0107e ne le\u017ee u potpunom dosjedu (jedna do druge) \u0161to zapravo zna\u010di da kupujete 70% drveta i 30% zraka. Koli\u010dina drveta u prostornom metru ovisi i o obliku drveta te o kakvo\u0107i uklanjanja grana. Tako\u0111er, postoji i mogu\u0107nost kupovanja po te\u017eini, ali tu treba voditi ra\u010duna o vla\u017enosti drveta. Izuzetno je va\u017eno kupovati suho drvo, jer sa svje\u017eim i mokrim drvetom kupujete i vodu sadr\u017eanu u drvetu, a i ogrjeva vrijednost je ni\u017ea nego kod suhog drveta.<\/p>\n<p>Skladi\u0161tenje i kori\u0161tenje drveta<br \/>\nKao \u0161to je ve\u0107 i gore navedeno, postotak vlage u drvetu igra izuzetno veliku ulogu na ogrjevnu vrijednost drveta. Svje\u017ee pripremljena drva sadr\u017ee \u010dak i do 50% vode u svojoj te\u017eini pa je sukladno tome i njihova ogrjevna vrijednost vrlo mala. Smatra se da ogrjevno drvo posti\u017ee potrebnu suho\u0107u, ovisno o vrsti drveta, tek nakon jedne do dvije godine skladi\u0161tenja. Procjenjuje se da je iz cjepanice prosje\u010dne veli\u010dine s po\u010detnim sadr\u017eajem vlage od otprilike 50% potrebno prije upotrebe izvu\u0107i 475 ml vode, odnosno, gotovo pola litre. Kako je drvo prirodni materijal, podlo\u017eno je prirodnom procesu raspadanju, stoga je potrebno u \u0161to kra\u0107em roku posti\u0107i optimalni udio vode u iznosu od 20%. Mo\u017ee se ra\u010dunati da drvo, suho i uskladi\u0161teno, zbog prethodno navedenog procesa godi\u0161nje mo\u017ee izgubiti \u010dak i do 3% ogrjevne vrijednosti. Prilikom lo\u017eenja nikako se ne savjetuje koristiti trulo, one\u010di\u0161\u0107eno ili drvo tretirano kemikalijama, budu\u0107i da bi isto brzo zagu\u0161ilo vatru, stvorilo naslage \u010da\u0111e u dimnjaku i samom sustavu grijanja, te u slu\u010daju kori\u0161tenja tretiranog drveta, mo\u017ee do\u0107i i do proizvodnje toksi\u010dnih i kancerogenih spojeva i emisija pri izgaranju.<\/p>\n<p>Smatra se da ogrjevno drvo posti\u017ee potrebnu suho\u0107u, ovisno o vrsti drveta, tek nakon jedne do dvije godine skladi\u0161tenja.<\/p>\n<p>Drvo koje se koristi za ogrjev u obiteljskim ku\u0107ama ne bi smjelo imati udio vode ve\u0107i od 25%.<\/p>\n<p>Neki od savjeta za pravilno skladi\u0161tenje cjepanica\u2026<\/p>\n<p>Cijepati drvo na \u0161to manje cjepanice jer se time pove\u0107ava povr\u0161ina u dodiru s okoli\u0161nim zrakom pa se time pospje\u0161uje i ubrzava postupak su\u0161enja,<\/p>\n<p>Drvo po mogu\u0107nosti uskladi\u0161titi na sun\u010danim mjestima izlo\u017eenim vjetru i obavezno na suhoj podlozi,<\/p>\n<p>Osigurati zra\u010dnost izme\u0111u drveta i tla od najmanje 20cm kako bi se sprije\u010dilo prelazak vlage iz tla,<\/p>\n<p>Nikako ne skladi\u0161titi svje\u017ee cjepanice u zatvorenim, a posebice ne u vla\u017enim prostorijama (npr. podrumu), te ih ne umatati materijalima koji bi usporili ili prekinuli proces su\u0161enja,<\/p>\n<p>Nakon ljetnog perioda su\u0161enja drvo je po\u017eeljno za\u0161titi od oborina.<\/p>\n<p>Drvo kao ogrjev budu\u0107nosti<\/p>\n<p>Mnoge obitelji kod grijanja razmi\u0161ljaju o alternativama s obzirom na to da ovisnost o plinu i ulju u budu\u0107nosti mo\u017ee samo utjecati na porast njihove cijene. Drvo kao regenerativna sirovina za ogrjev name\u0107e se samo po sebi s obzirom na to da se uz pomo\u0107 drva grije na ekolo\u0161ki i komforan na\u010din.<\/p>\n<p>Pro\u0161la hladna zima uzrokovala je sve ve\u0107u potra\u017enju za drvom s obzirom na to da su mnoge obitelji ugradnjom kamina u dnevne boravke \u017eeljele u\u0161tedjeti na tro\u0161kovima plina i lo\u017eivog ulja. U doba kada koli\u010dina ugra\u0111enih kamina i kaljevih pe\u0107i sve vi\u0161e raste, raste i zna\u010denje te vrijednost drveta kao ogrjevne sirovine.<br \/>\nZa pe\u0107i u sobama ono je neupitno najomiljenija sirovina. U pro\u0161losti je drvo bilo odgovorno za isijavanje ugodne topline, a danas sve vi\u0161e ponovo dobiva na zna\u010denju kada se radi o<br \/>\ngrijanju stambenih prostorija.<br \/>\nOnaj tko iz kamina i kaljevih pe\u0107i \u017eeli dobiti ugodan izvor topline, u svakom slu\u010daju treba investirati u provjeren proizvod, jer se razlika izme\u0111u kamina iz du\u0107ana i onog provjerenog proizvo\u0111a\u010da obi\u010dno vidi tek kod prve primjene. Dobri kamini i pe\u0107i na raspolaganju imaju vrlo efikasan dotok zraka koji osigurava izgaranje slabe emisije uz vrlo male koli\u010dine upotrebljenog drveta.<br \/>\nOd nedavno mogu se nabaviti elektroni\u010dko upravljanje izgaranjem za kamine i pe\u0107i koje podi\u017ee komfor i osigurava optimalno izgaranje (\u010dime se smanjuje stupanj emisije) \u0161to dovodi do pove\u0107anja pogonske i uporabne sigurnosti jer se opasne situacije zbog na primjer povratnog strujanja odvodnih plinova unutar prostorije na vrijeme detektira i preusmjerava.Prije odluke o kupnji treba se posavjetovati s dimnja\u010darom o uvjetima priklju\u010divanja pe\u0107i.<\/p>\n<p>Cjevanice za kamine i kaljeve pe\u0107i<br \/>\nUz drvo se itekako mogu smanjiti tro\u0161kovi grijanja osobito ako \u010dovjek posjeduje vlastitu \u0161umu ili prijatelje koji mu nakon sje\u010de besplatno poklone vi\u0161ak.<br \/>\nTo je posebno istaknuto ako je pe\u0107 preko ugra\u0111enog toplinskog izmjenjiva\u010da na vodu priklju\u010dena na sustav centralnog grijanja jer tada u prijelaznim godi\u0161njim dobima mo\u017ee zagrijavati cijelo ku\u0107anstvo. Takvi ure\u0111aji koji se priklju\u010duju na sustav centralnog grijanja u posljednje vrijeme se sve vi\u0161e prodaju.<br \/>\nNajbolje vrste drveta za ogrjev su bukva i hrast. Najljep\u0161i plamen dati \u0107e jasen, dok se breza odlikuju jako ugodnim mirisom. Kao manje vrijedna vrsta drveta spominje se topola. Onaj tko nabavlja drvo za svoju pe\u0107 u du\u0107anu, nema mogu\u0107nosti odabira prema vrsti. Ostaje nada da se na temelju relativno visoke cijene ipak radi o visokovrijednim i za lo\u017eenje spremnim ogrjevnim cjevanicama.<br \/>\nU pravilu se paliti smije samo dobro osu\u0161eno drvo s postotkom vlage od maksimalno 20 %, a njezin udio lagano se mo\u017ee izmjeriti uz pomo\u0107 jeftinog ure\u0111aja dostupnog u svakom ve\u0107em trgova\u010dkom centru. Uobi\u010dajeno je pravilo da se posje\u010deno drvo treba su\u0161iti 2 godina na prozra\u010dnom i od ki\u0161e za\u0161ti\u0107enom mjestu. Vla\u017eno drvo ne raspola\u017ee samo znatno manjom ogrjevnom mo\u0107i, ve\u0107 sagorijeva uz jako stvaranje \u010da\u0111e koje se talo\u017ei s unutra\u0161nje strane dimnjaka i mo\u017ee dovesti do njegovog opasnog zapaljenja.<\/p>\n<p>Briketi: ugodno i sigurno<br \/>\nDrveni briketi postaju sve popularniji kao i pe\u0107i koje ih koriste za svoj pogon. Oni se rade tako da se drvena piljevina pre\u0111a pod pritiskom te se uz pomo\u0107 potisnog crijeva ili usisnog sustava dovode iz spremnika u pe\u0107. U zemljama Europe briketi se obi\u010dno isporu\u010duju kamionima tj. cisternama. Koli\u010dina pepela je zahvaljuju\u0107i optimalnom sagorijevanju minimalna i iz mnogih pe\u0107i se automatski uklanja.<\/p>\n<p>Eko bilanca kod grijanja drvenim briketima vrlo je povoljna s obzirom na to da se tijekom sagorijevanja u atmosferu ispu\u0161ta samo ona koli\u010dina CO2 plina koju je \u017eivo drvo tijekom svog \u017eivota iskoristilo za svoj rast. S obzirom na to da proces proizvodnje tako\u0111er tro\u0161i odre\u0111enu energiju, briketi ipak nisu u potpunosti CO2 neutralni.<br \/>\nVelik nedostatak do sada je predstavljao nabavni tro\u0161ak koji je unato\u010d padu cijena i poticajnim sredstvima naveliko prema\u0161ivao onaj od plinskog grijanja; ipak za razliku od rasta cijena plina i lo\u017eivog ulja tijekom zadnjih godina, on je ostao isti.<br \/>\nU novije vrijeme razvile su se pe\u0107i na brikete s priklju\u010dkom na sustav centralnog grijanja koje krasi vidljivi plamen i lijep dizajn kao komforna alternativa kaminskim pe\u0107ima. Takve pe\u0107i mogu biti prava prostorna skulptura unutar dnevnog boravka, a prednost im je izostanak drvenih cjepanica.<\/p>\n<p>Rasplinja\u010d na drva \u2013 stara tehnika nanovo otkrivena<br \/>\nNa tr\u017ei\u0161tu jo\u0161 uvijek predstavljaju pravu egzotiku \u2013 kotlovi s rasplinja\u010dem na drva iako je princip funkcioniranja poznat desetlje\u0107ima. Kao sirovina ovdje se koriste ugljikovodici nastali kao posljedica tinjanja drveta.<br \/>\nRasplinja\u010di na drvo koristili su se vrlo u\u010destalo nakon 2. svjetskog rata, a tehnika je itekako s vremenom pobolj\u0161ana za kori\u0161tenje i dovedena do savr\u0161enstva. Prije je proces paljenja bio prili\u010dno duga\u010dak, a na temelju dugogodi\u0161njeg iskustva i uporabe, dana\u0161nji proces pod upravljanjem je mikroprocesora i u potpunosti automatiziran. Posebno sofisticirane pe\u0107i koriste lambda sondu unutar ispu\u0161ne cijevi poput automobila. Tako se elektronski upravlja procesom izgaranja i omogu\u0107ava vrlo efikasan rad.<br \/>\nKotlovi s rasplinja\u010dem na drvo pune se ostacima drveta ili rezanim drvetom. S obzirom na to da punjenje uobi\u010dajeno ide ru\u010dno, u kombinaciji s uljnim rasplinja\u010dem mogu raditi i kao konvencionalni grija\u0107i kotlovi. Prebacivanje slijedi automatski. Tako mogu\u0107e je grijanje ku\u0107e i kada se potro\u0161i drveni ogrjev ili kada uku\u0107ani du\u017ee vrijeme izbivaju od doma.<br \/>\nU me\u0111uvremenu su osmi\u0161ljeni prvi kamini koji koriste kombinaciju drveta i plina. S dvije komore za izgaranje plamen ovdje stvara neobi\u010dnu sliku.<\/p>\n<p>Pe\u0107 na drvene brikete<br \/>\nOva pe\u0107 neovisna je na promjene cijena lo\u017eivog ulja i plina. Briketi se uglavnom isporu\u010duju cisternama, a u me\u0111uvremenu je na tr\u017ei\u0161tu osvanuo i prvi kondenzacijski kotao za drvene brikete.<br \/>\nPrednosti:<br \/>\nEkolo\u0161ki, CO2 neutralan s regenerativnim izvorom energije od drvenih otpadaka. Cjenovno stabilan zbog neovisnosti o promjenama na tr\u017ei\u0161tu lo\u017eivog ulja i plina.<br \/>\nNedostaci:<br \/>\nUnato\u010d dr\u017eavnim poticajnim sredstvima u nekim zemljama, nabavni tro\u0161kovi znatno prema\u0161uju one uljnih i plinskih kotlova<\/p>\n<p>Pe\u0107i na cjevanice<br \/>\nLo\u017ee se drvenim otpacima ili cjepanicama i pune se uglavnom ru\u010dno. Postoje i pe\u0107i koje se mogu kombinirati s lo\u017eivim uljem, a prebacivanje ide automatski. Tako je osigurano grijanje i onda kada vlasnici izbivaju du\u017ee vrijeme iz ku\u0107e.<br \/>\nPrednosti:<br \/>\nEkolo\u0161ki i CO2 neutralne pe\u0107i, a opskrba drvetom je u ovom slu\u010daju puno jednostavnija i jeftinija.<br \/>\nNedostaci:<br \/>\nPrili\u010dno visoki tro\u0161kovi obrade sirovine kao i \u010di\u0161\u0107enja i odstranjivanja pepela. Unato\u010d dr\u017eavnim poticajnim sredstvima u nekim dr\u017eavama, tro\u0161kovi nabave relativno visoki. Potrebno je mjesto za skladi\u0161tenje cjepanica. Ovisno o sustavu gotovo je nemogu\u0107e sprije\u010diti nastajanje fine pra\u0161ine tijekom izgaranja.<\/p>\n<p>Dimnjak u dnevnom boravku<br \/>\nKamin usred dnevnog boravka podrazumijeva dobar projekt i tehniku koja \u0107e pru\u017eiti za\u0161titu od po\u017eara.<br \/>\nProizvo\u0111a\u010d monta\u017enih ku\u0107a KD Haus iz Ratingena pru\u017eit \u0107e odli\u010dna rje\u0161enja za ispunjenje jedne ovakve \u017eelje. Njihove ideje iskazane su gradnjom objekta s drvenom fasadom na dva kata u vrlo svijetlim bojama.<\/p>\n<p>Pe\u0107 je trebala biti smje\u0161tena usred prostorije tako da je dimnjak morao biti direktno proveden kroz krov. Na temelju drvene konstrukcije dobiveno je 170 kvadratnih metara stambene povr\u0161ine koja je koncipirana na vrlo otvoren na\u010din. U tehni\u010dke sustave ove moderne ku\u0107e koja spada u KfW 40 standard potro\u0161nje energije izme\u0111u ostalog se ubrajaju toplinska crpka s kolektorima u zemlji i kontrolirani sustav ventilacije prostorija. Od samog po\u010detka vlasnici su ra\u010dunali s kaminom u dnevnom boravku koji je trebao samostalno biti smje\u0161ten u njenom sredi\u0161tu, a ne pokraj zida.<br \/>\nZa takav projekt trebalo je osigurati dobru za\u0161titu od po\u017eara jer takav smje\u0161taj u sredini prostorije zahtijevao je egzaktno projektiranje sustava odlaznih plinova. Vlasnici su \u017eeljeli da dimnjak vodi direktno i koso prema krovu, a za izbor materijala odabrali su nehr\u0111aju\u0107i \u010delik koji se odli\u010dno uklopio u cijeli stil stanovanja.<br \/>\nKamin pod nazivom \u201eGeo\u201c (tvrtka Attika) jo\u0161 je u svojoj po\u010detnoj fazi izgradnje stavljen na odre\u0111eno mjesto u prostoriji, a unato\u010d visini od 161 cm, te\u017eina mu iznosi 460 kg. Prvi korak morao je obuhvatiti instalaciju dolaznog zraka u sklopu poda odakle se priklju\u010dak kroz otvor u podu i podrum izveo prema van. Tako zbog sustava kontrolirane ventilacije, u\u010dinjena je najsigurnija mogu\u0107a izvedba.<br \/>\nPoseban zahtjev predstavljao je dimnjak i njegova izvedba. Odabrani model odgovarao je to\u010dno zami\u0161ljenoj posebnoj stropnoj izvedbi koja je u sebi sadr\u017eavala odgovaraju\u0107u za\u0161titu od po\u017eara zahvaljuju\u0107i razmaknutim zapaljivim dijelovima. Vodljivo okno okru\u017eilo je proto\u010dnu cijev od nehr\u0111aju\u0107eg \u010delika koja se prote\u017ee kroz gornji kat pa sve do krova. Te\u017eina ovog 5 m duga\u010dkog dimnjaka pri\u010dvr\u0161\u0107ena je i dovedena do stabilnosti uz pomo\u0107 posebnih dr\u017ea\u010da. Osim toga unutar dimnjaka to\u010dno iznad pe\u0107i montiran okrugli preklopnik koji onemogu\u0107ava o\u0161te\u0107enje tijekom \u010di\u0161\u0107enja i odr\u017eavanja od strane dimnja\u010dara. Pe\u0107 se mo\u017ee koristiti tijekom prijelaznih godi\u0161njih doba i u zimi. Toplina koju stvara je vrlo ugodna, a pogled na plamen djeluje opu\u0161taju\u0107e i meditativno.(Slika)Takva izvedba zahtijevala je posebne tehni\u010dke protupo\u017earne mjere zbog smje\u0161taja pe\u0107i u sredini prostorije i dimnjaka koji probija krov.<\/p>\n<p>DRVO \u2013 obnovljivi izvor energije<\/p>\n<p>Biomasa je jedan od obnovljivih izvora energije. Pojam biomasa ozna\u010dava biolo\u0161ki materijal nastao od \u017eivih organizama poput drva i otpada. Biomasa se koristi za generiranje topline koja se mo\u017ee onda iskoristiti izme\u0111u ostalog i za proizvodnju elektri\u010dne energije. Kao najjednostavniji primjeri biomase mogu se spomenuti mrtvo drve\u0107e i drveno iverje koji su pokazali vrlo velik potencijal kao izvor energije. U biomasu se tako\u0111er ubrajaju biljni i \u017eivotinjski materijali kori\u0161teni prilikom proizvodnje raznih vlakana i kemikalija. Biomasa ima veoma dugu povijest jer je u svojim osnovnim oblicima kori\u0161tena od samih po\u010detaka \u010dovje\u010danstva. Paljenje drve\u0107a u \u0161piljama mo\u017ee se smatrati prvim primitivnim kori\u0161tenjem biomase za dobivanje energije: tu se radi o pretvorbi energije iz organskih materijala u toplinu. Jednostavno re\u010deno \u2013 vatra pretvara organski materijal iz drva u toplinu.<\/p>\n<p>Energija biomase dobiva se iz pet razli\u010ditih izvora: sme\u0107a, drvne mase, raznih otpada, otpadnih plinova i alkoholnih goriva. Biomasa mo\u017ee biti relativno jednostavno konvertirana u upotrebljive izvore energije poput metana ili goriva za transport poput etanola i biodizela. Postoje razne tehnologije iskori\u0161tavanja energije iz biomase: direktno za grijanje, pretvorba topline u elektri\u010dnu energiju, pretvorba u neki drugi oblik goriva poput teku\u0107ih biogoriva ili zapaljivog bioplina. Biomasa svakim danom postaje sve popularnija i prihva\u0107enija diljem svijeta.<\/p>\n<p>Biomasa se i dalje spominje u mnogim debatama kod kojih se razra\u0111uju prednosti i mane, osobito kad se biomasa usporedi s ostalim obnovljivim izvorima energije. Usprkos raznim mi\u0161ljenjima, ve\u0107ina znanstvenika i dalje tvrdi da biomasa ima mnoge prednosti pred fosilnim gorivima i da znatno pridonosi smanjenju ukupne emisije uglji\u010dnog dioksida u atmosferu. Glavne prednosti biomase su:<\/p>\n<p>1. Biomasa je obnovljivi izvor energije &#8211; Najo\u010ditija prednost biomase je \u010dinjenica da se radi o obnovljivom izvoru energije, \u0161to zna\u010di da se ne mo\u017ee u potpunosti potro\u0161iti kao \u0161to je to slu\u010daj s fosilnim gorivima. Biomasa ve\u0107inom dolazi iz biljaka, a biljke su osnovni element za odr\u017eavanje \u017eivota na na\u0161em planetu. Ti zna\u010di da dok postoji \u017eivot na na\u0161em planetu tako dugo \u0107e postojati i biomasa kao mogu\u0107i izvor energije.<\/p>\n<p>2. Biomasa poma\u017ee u borbi protiv klimatskih promjena &#8211; Biomasa zaista poma\u017ee smanjiti ukupne emisije stakleni\u010dkih plinova u atmosferu i time znatno pridonosi u borbi protiv klimatskih promjena. Iako je biomasa povezana s odre\u0111enim nivoima ispu\u0161tanja stakleni\u010dkih plinova, to je puno manje nego kod fosilnih goriva. Glavna razlika biomase u odnosu na fosilna goriva kod ispu\u0161tanja stakleni\u010dkih plinova je u zatvorenom uglji\u010dnom ciklusu kod biomase. To se manifestira iz \u010dinjenice da prilikom rasta biljke uzimaju iz atmosfere uglji\u010dni dioksid i da prilikom sagorijevanja to ispu\u0161taju. Kod fosilnih goriva radi se o jednosmjernom procesu gledano iz perspektive \u017eivotnog vijeka \u2013 uglji\u010dni dioksid se samo ispu\u0161ta, nema procesa vra\u0107anja natrag u zemlju.<\/p>\n<p>3. \u010ci\u0161\u0107i okoli\u0161 &#8211; Tre\u0107a velika prednost energije iz biomase je mogu\u0107nost pro\u010di\u0161\u0107avanja okoli\u0161a prilikom kori\u0161tenja biomase. Broj ljudi na svijetu konstantno raste i s tim rastom naravno raste i problem sve ve\u0107e koli\u010dine otpada koja se stvara i treba biti primjereno zbrinuta. Trenutno velika koli\u010dina otpada zavr\u0161i u rijekama, potocima, morima i oceanima i time se stvara veliki negativni utjecaj na ekologiju i ljudsko zdravlje. Ve\u0107i dio ovog otpada mogao bi se iskoristiti za proizvodnju energije iz biomase i time bi se bacanje tog otpada direktno u prirodu znatno smanjilo.<\/p>\n<p>4. Biomasa je \u0161iroko dostupan izvor energije &#8211; \u010cak se i \u017eestoki protivnici kori\u0161tenja biomase sla\u017eu s \u010dinjenicom da je to \u0161iroko i jednostavno dostupan izvor energije. Biomasa postoji u odre\u0111enom obliku gdje god pogledamo i samim time i potencijalna proizvodnja energije mogu\u0107a je gotovo bilo gdje. Ovo je svakako jedna od najve\u0107ih prednosti biomase pred tradicionalnim fosilnim gorivima. Kao \u0161to je op\u0107e poznato, fosilna goriva ne\u0107e trajati vje\u010dno i jednom kad svijet potro\u0161i zalihe tih goriva biomasa \u0107e postati jo\u0161 atraktivniji izvor energije. Mnogi stru\u010dnjaci se sla\u017eu da kad se gleda i s ekonomskog i s ekolo\u0161kog kuta gledanja biomasa \u0107e jo\u0161 dugo biti visoko na listi najboljih mogu\u0107ih izvora energije.<\/p>","protected":false},"excerpt":{"rendered":"<p>Povijesna komercijalna mjera za ogrjevno drvo je prostorni metar, a sa\u010dinjavaju ga cjepanice du\u017eine jednog metra i prosje\u010dnog promjera 8-15 cm. Tradicionalna tr\u017ei\u0161na distribucija je podrazumijevala prijevoz slo\u017eaja cjepanica du\u017eine 1 m i visine 1,10 m, a u novije vrijeme se pojavljuje konfekcionirano drvo na paletama du\u017eine 25, 33 cm ve\u0107inom za lo\u017eenje kamina i &#8230; <a title=\"Drvo kao ogrjevno sredstvo\" class=\"read-more\" href=\"https:\/\/www.maticon.hr\/en\/maticon-pametno-grijanje\/drvo-kao-ogrjevno-sredstvo\/\" aria-label=\"Read more about Drvo kao ogrjevno sredstvo\">Read more<\/a><\/p>","protected":false},"author":1,"featured_media":0,"parent":77,"menu_order":0,"comment_status":"closed","ping_status":"closed","template":"","meta":{"footnotes":""},"class_list":["post-80","page","type-page","status-publish"],"_links":{"self":[{"href":"https:\/\/www.maticon.hr\/en\/wp-json\/wp\/v2\/pages\/80","targetHints":{"allow":["GET"]}}],"collection":[{"href":"https:\/\/www.maticon.hr\/en\/wp-json\/wp\/v2\/pages"}],"about":[{"href":"https:\/\/www.maticon.hr\/en\/wp-json\/wp\/v2\/types\/page"}],"author":[{"embeddable":true,"href":"https:\/\/www.maticon.hr\/en\/wp-json\/wp\/v2\/users\/1"}],"replies":[{"embeddable":true,"href":"https:\/\/www.maticon.hr\/en\/wp-json\/wp\/v2\/comments?post=80"}],"version-history":[{"count":2,"href":"https:\/\/www.maticon.hr\/en\/wp-json\/wp\/v2\/pages\/80\/revisions"}],"predecessor-version":[{"id":590,"href":"https:\/\/www.maticon.hr\/en\/wp-json\/wp\/v2\/pages\/80\/revisions\/590"}],"up":[{"embeddable":true,"href":"https:\/\/www.maticon.hr\/en\/wp-json\/wp\/v2\/pages\/77"}],"wp:attachment":[{"href":"https:\/\/www.maticon.hr\/en\/wp-json\/wp\/v2\/media?parent=80"}],"curies":[{"name":"wp","href":"https:\/\/api.w.org\/{rel}","templated":true}]}}