{"id":82,"date":"2016-08-23T14:52:56","date_gmt":"2016-08-23T12:52:56","guid":{"rendered":"http:\/\/www.maticon.hr\/?page_id=82"},"modified":"2017-07-18T15:08:28","modified_gmt":"2017-07-18T13:08:28","slug":"peleti","status":"publish","type":"page","link":"https:\/\/www.maticon.hr\/en\/maticon-pametno-grijanje\/peleti\/","title":{"rendered":"Peleti kao ogrjevno sredstvo"},"content":{"rendered":"<p>\u0160to su to peleti?<\/p>\n<p>Drveni pelet valjkasti je proizvod od pre\u0161anog usitnjenog drveta ili piljevine promjera od 6-8 mm i duljine od 10 do 30 mm, stvoren pod izrazito visokim pritiskom koji zna\u010dajno podi\u017ee temperaturu drveta stvaraju\u0107i prirodno &#8220;ljepilo&#8221;.<\/p>\n<p>Kakve pelete razlikujemo?<\/p>\n<p>Pelete razlikujemo po materijalu od kojega se dobivaju.Idealnim omjerom smatra se udio od 20% mekog i 80% tvrdog drveta, a u proizvodnji nije dopu\u0161teno koristiti kemijske aditive ili ljepila i zato spadaju u obnovljive izvore energije.<\/p>\n<p>Kvalitetan pelet dobiva se iz jezgre debla drveta sa \u0161to manjim udjelom same kore jer kora sadr\u017eava najvi\u0161e vlage i pra\u0161ine te ima manju kalori\u010dnu vrijednost od jezgre. Idealno drvo za proizvodnju peleta je ono koje ne izgara ni suvi\u0161e dugo, ni suvi\u0161e kratko te stvara \u017ear dugog trajanja (grab, bukva).<br \/>\nOsnovne karakteristike kvalitetnih peleta<\/p>\n<p>certifikat istaknut na pakiranju (ENplus-A1, OEN M 1735, DINplus&#8230;)<\/p>\n<p>motanjem peleta po prstima ne bi trebalo biti pra\u0161ine<\/p>\n<p>peleti miri\u0161u po drvu<\/p>\n<p>motanjem\/savijanjem prstima peleti se moraju lomiti, ne pucati<\/p>\n<p>vizualni test u \u010da\u0161i vode: peleti u vodi trebaju potonuti te nakon nekog vremena nabubriti, voda ne smije promijeniti boju, mrvice \u0107e plivati po \u010da\u0161i, ali voda mora biti bistra. Nakon mije\u0161anja i raspadanja peleta, odvojit \u0107e se i eventualna ne\u010disto\u0107a koju bi mogli sadr\u017eavati, a koja \u0107e biti vidljiva u \u010da\u0161i.<\/p>\n<p>Kod izrade peleta u pravilu se koristi vi\u0161e vrsta bjelogori\u010dnih (bukva, grab) i crnogori\u010dnih drva (jela). Bukva (4.200 kcal\/kg) je najra\u0161irenije drvo u Europi, te se sve deklaracije izvode prema kalori\u010dnoj vrijednosti bukve. Peleti od jelovine (4.100 kcal\/kg) imaju manju kalori\u010dnu mo\u0107 ali dulje gore jer je jelovina druga\u010dije vlaknaste strukture s odre\u0111enim udjelom smole zavisno od obrade peleta pri proizvodnji. Udio odre\u0111enog drveta zavisi od proizvo\u0111a\u010da i ne mora biti uvjet za odabir peleta, jedini osnovni uvjet kod kupovine peleta da je na vre\u0107i istaknut neki od certifikata koje proizvo\u0111a\u010d posjeduje za proizvodnju peleta (npr. EN Plus, OEN M7135, DINPlus&#8230;)<br \/>\nCertificiranje peleta (ENplus-A1, OEN M 1735, DINplus)<\/p>\n<p>Me\u0111unarodna udruga proizvo\u0111a\u010da peleta odredila je naziv novog certifikata koji \u0107e se koristiti u proizvodnji peleta EN 14961-2, koji \u0107e zamijeniti neke od postoje\u0107ih certifikata. Prema usporedbi standarda va\u017enijih certifikata za pelete dolazimo do podataka da certificirani peleti moraju zadovoljiti sljede\u0107e standarde:<\/p>\n<p>Promjer: 6mm (dozvoljeno od 4 do 10mm)<br \/>\nDuljina: 30 mm (do 5 x promjer)<br \/>\nGusto\u0107a: od 1,12 kg\/dm3<br \/>\nSadr\u017eaj vode: manje od 10,0%<br \/>\nAbrazija: manje od 2%<br \/>\nMehani\u010dka \u010dvrsto\u0107a: vi\u0161e od 97,5%<br \/>\nSadr\u017eaj pepela na 815C: manje od 0,5%<br \/>\nEnergetska snaga: vi\u0161e od 18 MJ\/kg<\/p>\n<p>Poja\u0161njenja standarda:<\/p>\n<p>DULJINA: Predugi peleti mogu dovesti do za\u010depljenja transportera peleta, tako da je preporuka da je duljina malo manja od norme, ali i prekratki peleti odnosno smrvljeni mogu dovesti do ve\u0107eg ubacivanja peleta \u0161to \u0107e utjecati na rad pe\u0107i.<\/p>\n<p>GUSTO\u0106A: Gusto\u0107a je zna\u010dajka kvalitete, koja ukazuje na specifi\u010dnu te\u017einu peleta. Ve\u0107a vrijednost zna\u010di da je za odre\u0111enu debljinu pelet ja\u010de pre\u0161an te mu je mehani\u010dka \u010dvrsto\u0107a ve\u0107a.<\/p>\n<p>SADR\u017dAJ VLAGE: Sadr\u017eaj vlage mora biti \u0161to manji kako bi se pove\u0107ala kalori\u010dna vrijednost te smanjila potro\u0161nja peleta<\/p>\n<p>PEPEO: Mala koli\u010dina pepela \u0161to peleti proizvode prilikom izgaranja ozna\u010dava \u010disto izgaranje te se takav pepeo mo\u017ee koristiti kao gnojivo. Novi standardi EN 14961-2 i EN plus odre\u0111uju maksimalnu vrijednost pepela od 0,7% kod temperature izgaranja od 550C.<\/p>\n<p>MEHANI\u010cKA \u010cVRSTO\u0106A: Pokazuje postotak koli\u010dine sitnih \u010destica proizvedenih kad su peleti izlo\u017eeni odre\u0111enom optere\u0107enju. To optere\u0107enje simulira proces ispuhivanja, odnosno koliko se peleti mrve u dodiru jedan s drugim. \u0160to je ni\u017ea vrijednost ve\u0107a je kvaliteta peleta. Manje mrvljenja i pra\u0161ine vi\u0161e mjesta za pelete u spremniku. Pra\u0161ina utje\u010de na izgaranje peleta u lo\u017ei\u0161tu jer smanjuje koli\u010dinu zraka za kvalitetno izgaranje.<\/p>\n<p>Standardi definiraju kalori\u010dnu snagu peleta u potpuno suhom stanju. Zna\u010di treba pripaziti na vlagu prilikom skladi\u0161tenja kako ne bi smanjili kalori\u010dnu snagu peleta.<\/p>\n<p>\u010cemu slu\u017ee?<\/p>\n<p>Rabe se u pe\u0107ima za grijanje stambenih i poslovnih objekata ili za proizvodnju elektri\u010dne energije kao zamjena za ugljen.<\/p>\n<p>Dostupnost<br \/>\nPeleti se mogu kupiti na gotovo svim benzinskim crpkama i trgova\u010dkim centrima pakiran u vre\u0107ama od 15 kg, koje u prosjeku stoje 25-30 kn, ali ima i pakiranja od 100 kilograma i vi\u0161e. Postoje i organizirani na\u010dini transporta na tjednoj bazi.<\/p>\n<p>Prednosti vs. nedostaci&#8230;<\/p>\n<p>Prednosti&#8230;<\/p>\n<p>kompaktnost peleta je vidljiva i prilikom transporta gdje se pojavljuje tek oko 0,5% drvne pra\u0161ine.<br \/>\npre\u0161aju iz \u010diste, nekontaminirane drvne piljevine, bez ikakvih kemijski vezivih sredstava s visokom toplinskom koncentracijom od oko 5 kWh\/kg ili 18 MJ\/kg.<\/p>\n<p>imaju vrlo nizak sadr\u017eaj vlage (ispod 10%) \u0161to omogu\u0107ava vrlo visoku u\u010dinkovitost sagorijevanja.<br \/>\nnajbr\u017ee rastu\u0107i sektor biogoriva<br \/>\nPeleti su CO2-neutralni. Peleti spadaju u obnovljive izvore energije i kod izgaranja pelet ne proizvodi stakleni\u010dke plinove kao izvor topline, te se smatra jednim od rijetkih apsolutno prirodnih, sigurnih i zdravih energenata. Kao i ostala drvna biomasa, peleti znatno manje one\u010di\u0161\u0107uju zrak i okoli\u0161 jer imaju manje od dozvoljenih grani\u010dnih vrijednosti emisija CO, NOx i pra\u0161ine.<br \/>\ncijena peleta ve\u0107 je godinama stabilna i neovisna o godi\u0161njem dobu ili vremenskim uvjetima, dok su cijene tradicionalnih vrsta energenata vrlo hirovite i naj\u010de\u0161\u0107e te\u0161ko predvidive obi\u010dnim gra\u0111anima<br \/>\ntrenutno grijanje na pelete daleko isplativije od prirodnog plina, lo\u017e ulja, grijanja na struju ili ukapljenog naftnog plina, a razlika u cijeni s vremenom \u0107e samo rasti!<br \/>\ngledano s potro\u0161a\u010dkog aspekta, automatika sagorijevanja u pe\u0107ima i kotlovima pelete stavlja u isti rang s lo\u017eivim uljem ili plinom, s time da su i 40% jeftiniji. Pe\u0107i se automatski pale ili gase, posti\u017eu i odr\u017eavaju temperaturu koja im se zada i imaju automatsko doziranje, \u0161to im daje prednost pred grijanjem na drva ili drvene brikete.<br \/>\nekolo\u0161ki i prakti\u010dan oblik grijanja stambenog prostora i tople vode.<br \/>\novisno o potrebama i \u017eeljama kupca prelaskom na pelet po\u010detna investicija mogu\u0107e je isplativa u razdoblju od samo 5 do 10 godina, a nerijetko i puno prije.<br \/>\nmogu\u0107e ih je u kombiniranim pe\u0107ima lo\u017eiti i s ogrjevnim drvom<br \/>\nvisoki sadr\u017eaj energije, jednostavni za transport i skladi\u0161tenje<br \/>\npe\u0107i snage do 10 KW najvi\u0161e se koriste u vikendicama, stambenim prostorima, poslovnim prostorima te skladi\u0161tima. Kroz vrata lo\u017ei\u0161ta mo\u017ee se vidjeti plamen, \u0161to domu daje prekrasan ugo\u0111aj. Na\u010din rada pode\u0161ava se putem digitalnih komandnih plo\u010da koje se u pravilu nalaze u sklopu ku\u0107i\u0161ta kotla, a paljenje peleta te ga\u0161enje (kada se postigne zadana temperatura) u cijelosti je automatizirano, \u0161to uz komfor pridonosi i zna\u010dajnim u\u0161tedama u usporedbi s lo\u017eenjem drvenim cjepanicama.<br \/>\nposebna prednost peleta sastoji se u smanjenoj potrebi skladi\u0161tenja u odnosu na drvo.<\/p>\n<p>Nedostaci&#8230;<\/p>\n<p>jedina mana peleta je pepeo, no na \u010ditavu tonu prikupi se samo pet kilograma<br \/>\nkod pe\u0107i na pelete jedina obveza jednom tjedno o\u010distiti pepeo, sve ostalo je automatizirano!<\/p>\n<p>Isplati li se?<\/p>\n<p>Ovisno o tome \u017eeli li se adaptirati postoje\u0107a pe\u0107, primjerice na lo\u017eivo ulje, ili kupiti nova, cijene se kre\u0107u od oko 8000 do 25.000 kuna, a kad je u pitanju potro\u0161nja peleta, 2 kg peleta (3,2 kn) ima energetsku vrijednost kao litra lo\u017eiva ulja (6,85 kn), 1,85 kg (2,96 kn) zamjenjuje jedan prostorni metar plina (3,86 kn), a 1,6 kg (2,58 kn) energetsku vrijednost 2 kg ogrjevnog drva (2 kn).<\/p>\n<div class=\"stp_wrapper\">\n<div class=\"ce_text block\">\n<table frame=\"BELOW\">\n<colgroup>\n<col width=\"140\" \/>\n<col width=\"41\" \/>\n<col width=\"80\" \/>\n<col width=\"87\" \/>\n<col width=\"76\" \/>\n<col width=\"77\" \/>\n<col width=\"61\" \/> <\/colgroup>\n<thead>\n<tr>\n<td colspan=\"7\" width=\"580\">\n<p align=\"CENTER\">Financijska usporedba energenata za grijanje<\/p>\n<\/td>\n<\/tr>\n<tr>\n<td width=\"140\">Energent<\/td>\n<td width=\"41\">\n<p align=\"CENTER\">MJ<\/p>\n<\/td>\n<td width=\"80\">\n<p align=\"CENTER\">Energetska vrijednost<\/p>\n<\/td>\n<td width=\"87\">\n<p align=\"CENTER\">Iskoristivost kotla<\/p>\n<\/td>\n<td width=\"76\">\n<p align=\"CENTER\">Cijena kn\/MJ<\/p>\n<\/td>\n<td width=\"77\">\n<p align=\"CENTER\">Cijena kn\/kWh<\/p>\n<\/td>\n<td width=\"61\">\n<p align=\"CENTER\">*Cijena \u00a0 kWh\/\u03b7 (kn)<\/p>\n<\/td>\n<\/tr>\n<\/thead>\n<tbody>\n<tr>\n<td width=\"140\">Suho drvo &lt;20% vlage<\/td>\n<td width=\"41\">\n<p align=\"CENTER\">m3<\/p>\n<\/td>\n<td width=\"80\">\n<p align=\"CENTER\">1.800<\/p>\n<\/td>\n<td width=\"87\">\n<p align=\"CENTER\">70%<\/p>\n<\/td>\n<td width=\"76\">\n<p align=\"CENTER\">398.00<\/p>\n<\/td>\n<td width=\"77\">\n<p align=\"CENTER\">0.22<\/p>\n<\/td>\n<td width=\"61\">\n<p align=\"CENTER\">0.32<\/p>\n<\/td>\n<\/tr>\n<tr>\n<td width=\"140\">Peleti<\/td>\n<td width=\"41\">\n<p align=\"CENTER\">kg<\/p>\n<\/td>\n<td width=\"80\">\n<p align=\"CENTER\">5<\/p>\n<\/td>\n<td width=\"87\">\n<p align=\"CENTER\">93%<\/p>\n<\/td>\n<td width=\"76\">\n<p align=\"CENTER\">1.5<\/p>\n<\/td>\n<td width=\"77\">\n<p align=\"CENTER\">0.30<\/p>\n<\/td>\n<td width=\"61\">\n<p align=\"CENTER\">0.33<\/p>\n<\/td>\n<\/tr>\n<tr>\n<td width=\"140\">Ekstra lako lo\u017e ulje<\/td>\n<td width=\"41\">\n<p align=\"CENTER\">lit.<\/p>\n<\/td>\n<td width=\"80\">\n<p align=\"CENTER\">9.96<\/p>\n<\/td>\n<td width=\"87\">\n<p align=\"CENTER\">92%<\/p>\n<\/td>\n<td width=\"76\">\n<p align=\"CENTER\">7.00<\/p>\n<\/td>\n<td width=\"77\">\n<p align=\"CENTER\">0.70<\/p>\n<\/td>\n<td width=\"61\">\n<p align=\"CENTER\">0.76<\/p>\n<\/td>\n<\/tr>\n<tr>\n<td width=\"140\">Prirodni plin<\/td>\n<td width=\"41\">\n<p align=\"CENTER\">m3<\/p>\n<\/td>\n<td width=\"80\">\n<p align=\"CENTER\">9.26<\/p>\n<\/td>\n<td width=\"87\">\n<p align=\"CENTER\">92%<\/p>\n<\/td>\n<td width=\"76\">\n<p align=\"CENTER\">3.65<\/p>\n<\/td>\n<td width=\"77\">\n<p align=\"CENTER\">0.39<\/p>\n<\/td>\n<td width=\"61\">\n<p align=\"CENTER\">0.43<\/p>\n<\/td>\n<\/tr>\n<tr>\n<td width=\"140\">UNP (LPG)<\/td>\n<td width=\"41\">\n<p align=\"CENTER\">kg<\/p>\n<\/td>\n<td width=\"80\">\n<p align=\"CENTER\">12.82<\/p>\n<\/td>\n<td width=\"87\">\n<p align=\"CENTER\">92%<\/p>\n<\/td>\n<td width=\"76\">\n<p align=\"CENTER\">9.92<\/p>\n<\/td>\n<td width=\"77\">\n<p align=\"CENTER\">0.77<\/p>\n<\/td>\n<td width=\"61\">\n<p align=\"CENTER\">0.84<\/p>\n<\/td>\n<\/tr>\n<tr>\n<td width=\"140\">Elektri\u010dna energija<\/td>\n<td width=\"41\">\n<p align=\"CENTER\">kWh<\/p>\n<\/td>\n<td width=\"80\">\n<p align=\"CENTER\">1<\/p>\n<\/td>\n<td width=\"87\">\n<p align=\"CENTER\">99%<\/p>\n<\/td>\n<td width=\"76\">\n<p align=\"CENTER\">VT 1.14 NT 0.56<\/p>\n<\/td>\n<td width=\"77\">\n<p align=\"CENTER\">(80\/20%) 1.02<\/p>\n<\/td>\n<td width=\"61\">\n<p align=\"CENTER\">1.03<\/p>\n<\/td>\n<\/tr>\n<\/tbody>\n<\/table>\n<\/div>\n<\/div>","protected":false},"excerpt":{"rendered":"<p>\u0160to su to peleti? Drveni pelet valjkasti je proizvod od pre\u0161anog usitnjenog drveta ili piljevine promjera od 6-8 mm i duljine od 10 do 30 mm, stvoren pod izrazito visokim pritiskom koji zna\u010dajno podi\u017ee temperaturu drveta stvaraju\u0107i prirodno &#8220;ljepilo&#8221;. Kakve pelete razlikujemo? Pelete razlikujemo po materijalu od kojega se dobivaju.Idealnim omjerom smatra se udio od &#8230; <a title=\"Peleti kao ogrjevno sredstvo\" class=\"read-more\" href=\"https:\/\/www.maticon.hr\/en\/maticon-pametno-grijanje\/peleti\/\" aria-label=\"Read more about Peleti kao ogrjevno sredstvo\">Read more<\/a><\/p>","protected":false},"author":1,"featured_media":0,"parent":77,"menu_order":0,"comment_status":"closed","ping_status":"closed","template":"","meta":{"footnotes":""},"class_list":["post-82","page","type-page","status-publish"],"_links":{"self":[{"href":"https:\/\/www.maticon.hr\/en\/wp-json\/wp\/v2\/pages\/82","targetHints":{"allow":["GET"]}}],"collection":[{"href":"https:\/\/www.maticon.hr\/en\/wp-json\/wp\/v2\/pages"}],"about":[{"href":"https:\/\/www.maticon.hr\/en\/wp-json\/wp\/v2\/types\/page"}],"author":[{"embeddable":true,"href":"https:\/\/www.maticon.hr\/en\/wp-json\/wp\/v2\/users\/1"}],"replies":[{"embeddable":true,"href":"https:\/\/www.maticon.hr\/en\/wp-json\/wp\/v2\/comments?post=82"}],"version-history":[{"count":2,"href":"https:\/\/www.maticon.hr\/en\/wp-json\/wp\/v2\/pages\/82\/revisions"}],"predecessor-version":[{"id":591,"href":"https:\/\/www.maticon.hr\/en\/wp-json\/wp\/v2\/pages\/82\/revisions\/591"}],"up":[{"embeddable":true,"href":"https:\/\/www.maticon.hr\/en\/wp-json\/wp\/v2\/pages\/77"}],"wp:attachment":[{"href":"https:\/\/www.maticon.hr\/en\/wp-json\/wp\/v2\/media?parent=82"}],"curies":[{"name":"wp","href":"https:\/\/api.w.org\/{rel}","templated":true}]}}