{"id":84,"date":"2016-08-23T14:56:41","date_gmt":"2016-08-23T12:56:41","guid":{"rendered":"http:\/\/www.maticon.hr\/?page_id=84"},"modified":"2017-07-18T15:09:42","modified_gmt":"2017-07-18T13:09:42","slug":"peleti-na-malo","status":"publish","type":"page","link":"https:\/\/www.maticon.hr\/en\/maticon-pametno-grijanje\/peleti-na-malo\/","title":{"rendered":"Peleti na malo"},"content":{"rendered":"<p>Kvaliteta peleta utje\u010de na vijek trajanja pe\u0107i te ovisi o njihovoj vla\u017enosti koja ne bi smjela biti ve\u0107a od 10%. Otvoreni paket peleta potrebno je skladi\u0161titi na suhom mjestu gdje \u0107e pelet zadr\u017eati kvalitetu i deklariranu iskoristivost.<\/p>\n<p>Ako ku\u0107anstvo ne posjeduje skladi\u0161ni prostor za skladi\u0161tenje vre\u0107a s peletima za teku\u0107u sezonu grijanja, preostaje im sukcesivna nabava nekoliko pakiranja za tjednu ili mjese\u010dnu potro\u0161nju. Ova opcija mogla bi dovesti korisnika u situaciju da zaboravi ili da jednostavno nije u mogu\u0107nosti oti\u0107i po vre\u0107u peleta, \u0161to definitivno stvara problem. Kako bi eliminirali ovaj problem, osmislili smo sustav dostave peleta na tjednoj ili mjese\u010dnoj bazi \u0161to bi rije\u0161ilo sve probleme skladi\u0161tenja, nabave i transporta te Vam omogu\u0107ilo maksimalni komfor i u\u0161tedu vremena koje je danas svima dragocjeno. Ovakav sustav dostave nazivamo PELETI NA MALO!<\/p>\n<p>Prednosti sustava Peleti na malo:<\/p>\n<p>Nedostatak skladi\u0161nog prostora<br \/>\nTransport s obzirom na volumen i masu<br \/>\nJednokratno izdvajanje ve\u0107e koli\u010dine sredstava za ve\u0107u koli\u010dinu ogrjevnog medija<br \/>\nTro\u0161enje slobodnog vremena za nabavu i transport<br \/>\nNeoptere\u0107enost koli\u010dinom zaliha<\/p>\n<p>Kako funkcionira sustav Peleti na malo?<\/p>\n<p>Korisnik se opredjeljuje za koli\u010dinu peleta potrebnu za tjednu potro\u0161nju, s obzirom na kapacitet pe\u0107i i koli\u010dinu potrebne energije za grijanje. Nakon \u0161to se korisnik opredijeli za koli\u010dinu, koju naravno mo\u017ee mijenjati ako se mijenja i potreba tijekom sezone grijanja, djelatnik tvrtke Maticon dostavit \u0107e tra\u017eenu koli\u010dinu na adresu korisnika, to\u010dno odre\u0111eni dan u tjednu! Na ovaj na\u010din, korisnik \u0107e po konkurentnim cijenama imati servirane tjedne zalihe peleta s garantiranom i konstantnom kvalitetom proizvoda.<\/p>\n<p>Pla\u0107anje sustava Peleti na malo<\/p>\n<p>Ako je korisnik zainteresiran za ovakav sustav dostave potrebno je u odgovaraju\u0107i prostor na web stranici upisati podatke prema kojima \u0107e djelatnici tvrtke Maticon formirati ponudu s navedenim cijenama i na\u010dinima pla\u0107anja, ovisno o mjestu stanovanja, tra\u017eenim koli\u010dinama i na\u010dinu ugovaranja usluge. Usluga mo\u017ee biti ugovorena na mjese\u010dnoj ili tromjese\u010dnoj bazi.<\/p>\n<p>Pla\u0107anje pouze\u0107em prilikom dostave<br \/>\nVirmansko pla\u0107anje prije isporuke<br \/>\nVirmansko pla\u0107anje cijele ugovorene koli\u010dine nakon ugovaranja usluge<\/p>","protected":false},"excerpt":{"rendered":"<p>Kvaliteta peleta utje\u010de na vijek trajanja pe\u0107i te ovisi o njihovoj vla\u017enosti koja ne bi smjela biti ve\u0107a od 10%. Otvoreni paket peleta potrebno je skladi\u0161titi na suhom mjestu gdje \u0107e pelet zadr\u017eati kvalitetu i deklariranu iskoristivost. Ako ku\u0107anstvo ne posjeduje skladi\u0161ni prostor za skladi\u0161tenje vre\u0107a s peletima za teku\u0107u sezonu grijanja, preostaje im sukcesivna &#8230; <a title=\"Peleti na malo\" class=\"read-more\" href=\"https:\/\/www.maticon.hr\/en\/maticon-pametno-grijanje\/peleti-na-malo\/\" aria-label=\"Read more about Peleti na malo\">Read more<\/a><\/p>","protected":false},"author":1,"featured_media":0,"parent":77,"menu_order":0,"comment_status":"closed","ping_status":"closed","template":"","meta":{"footnotes":""},"class_list":["post-84","page","type-page","status-publish"],"_links":{"self":[{"href":"https:\/\/www.maticon.hr\/en\/wp-json\/wp\/v2\/pages\/84","targetHints":{"allow":["GET"]}}],"collection":[{"href":"https:\/\/www.maticon.hr\/en\/wp-json\/wp\/v2\/pages"}],"about":[{"href":"https:\/\/www.maticon.hr\/en\/wp-json\/wp\/v2\/types\/page"}],"author":[{"embeddable":true,"href":"https:\/\/www.maticon.hr\/en\/wp-json\/wp\/v2\/users\/1"}],"replies":[{"embeddable":true,"href":"https:\/\/www.maticon.hr\/en\/wp-json\/wp\/v2\/comments?post=84"}],"version-history":[{"count":3,"href":"https:\/\/www.maticon.hr\/en\/wp-json\/wp\/v2\/pages\/84\/revisions"}],"predecessor-version":[{"id":592,"href":"https:\/\/www.maticon.hr\/en\/wp-json\/wp\/v2\/pages\/84\/revisions\/592"}],"up":[{"embeddable":true,"href":"https:\/\/www.maticon.hr\/en\/wp-json\/wp\/v2\/pages\/77"}],"wp:attachment":[{"href":"https:\/\/www.maticon.hr\/en\/wp-json\/wp\/v2\/media?parent=84"}],"curies":[{"name":"wp","href":"https:\/\/api.w.org\/{rel}","templated":true}]}}