{"id":87,"date":"2016-08-23T15:58:14","date_gmt":"2016-08-23T13:58:14","guid":{"rendered":"http:\/\/www.maticon.hr\/?page_id=87"},"modified":"2024-01-31T16:15:58","modified_gmt":"2024-01-31T15:15:58","slug":"maticon-showroom","status":"publish","type":"page","link":"https:\/\/www.maticon.hr\/en\/maticon-showroom\/","title":{"rendered":"Maticon &#8211; showroom"},"content":{"rendered":"<div class=\"vce-row-container\" data-vce-boxed-width=\"true\"><div class=\"vce-row vce-row--col-gap-30 vce-row-equal-height vce-row-content--top\" id=\"el-94c4ebca\" data-vce-do-apply=\"all el-94c4ebca\"><div class=\"vce-row-content\" data-vce-element-content=\"true\"><div class=\"vce-col vce-col--md-auto vce-col--xs-1 vce-col--xs-last vce-col--xs-first vce-col--sm-last vce-col--sm-first vce-col--md-last vce-col--lg-last vce-col--xl-last vce-col--md-first vce-col--lg-first vce-col--xl-first\" id=\"el-e37a355e\"><div class=\"vce-col-inner\" data-vce-do-apply=\"border margin background  el-e37a355e\"><div class=\"vce-col-content\" data-vce-element-content=\"true\" data-vce-do-apply=\"padding el-e37a355e\"><div class=\"vce-text-block\"><div class=\"vce-text-block-wrapper vce\" id=\"el-55a0d4d2\" data-vce-do-apply=\"all el-55a0d4d2\"><p><br><img loading=\"lazy\" decoding=\"async\" class=\"aligncenter size-large wp-image-100\" src=\"https:\/\/www.maticon.hr\/wp-content\/uploads\/2016\/08\/prostor-1024x684.jpg\" alt=\"prostor\" width=\"640\" height=\"428\" srcset=\"https:\/\/www.maticon.hr\/wp-content\/uploads\/2016\/08\/prostor-1024x684.jpg 1024w, https:\/\/www.maticon.hr\/wp-content\/uploads\/2016\/08\/prostor-600x401.jpg 600w, https:\/\/www.maticon.hr\/wp-content\/uploads\/2016\/08\/prostor-300x200.jpg 300w, https:\/\/www.maticon.hr\/wp-content\/uploads\/2016\/08\/prostor-768x513.jpg 768w, https:\/\/www.maticon.hr\/wp-content\/uploads\/2016\/08\/prostor-250x167.jpg 250w, https:\/\/www.maticon.hr\/wp-content\/uploads\/2016\/08\/prostor.jpg 1200w\" sizes=\"auto, (max-width: 640px) 100vw, 640px\" \/><\/p><p>Izlo\u017ebeni prostor pe\u0107i i kamina tvrtke MATICON d.o.o. smje\u0161ten je na adresi Nikole Pavi\u0107a 22, 10090 Zagreb.<\/p><p>MATICON je hrvatska tvrtka, osnovana 1993. godine. Pro\u0161irila je svoju djelatnost 2014. godine za prodaju, servis, ugradnju pe\u0107i i kamina visokokvalitetnog talijanskog brenda Caminetti Montegrappa. Cilj nam je promocija i prodaja ovih visoko kvalitetnih, izrazito lijepih pe\u0107i i kamina. Tehnologija koja omogu\u0107uje visoku u\u010dinkovitost, financijsku u\u0161tedu i atraktivan izgled te radost u\u017eivanja u prirodnom plamenu i mirisu kojim ispunjava prostor.<\/p><p>Do\u0111ite i pogledajte tehnologiju rada i ugradnje te paletu obloga na\u0161ih pe\u0107i i pridru\u017eite nam se na neformalnom dru\u017eenju uz buffet.<\/p><p><div id=\"kad-wp-gallery78\" class=\"kad-wp-gallery kad-light-wp-gallery clearfix kt-gallery-column-3 rowtight\"><div class=\"tcol-lg-4 tcol-md-4 tcol-sm-4 tcol-xs-6 tcol-ss-12 g_item\"><div class=\"grid_item kad_gallery_fade_in gallery_item\"><a href=\"https:\/\/www.maticon.hr\/wp-content\/uploads\/2016\/08\/946655_1517605385123958_4533203526101366914_n.jpg\" data-rel=\"lightbox\" class=\"lightboxhover\"><img src=\"https:\/\/www.maticon.hr\/wp-content\/uploads\/2016\/08\/946655_1517605385123958_4533203526101366914_n-400x400.jpg\" width=\"400\" height=\"400\" alt=\"\" srcset=\"https:\/\/www.maticon.hr\/wp-content\/uploads\/2016\/08\/946655_1517605385123958_4533203526101366914_n-400x400.jpg 400w, https:\/\/www.maticon.hr\/wp-content\/uploads\/2016\/08\/946655_1517605385123958_4533203526101366914_n-600x600.jpg 600w, https:\/\/www.maticon.hr\/wp-content\/uploads\/2016\/08\/946655_1517605385123958_4533203526101366914_n-100x100.jpg 100w, https:\/\/www.maticon.hr\/wp-content\/uploads\/2016\/08\/946655_1517605385123958_4533203526101366914_n-150x150.jpg 150w\" sizes=\"(max-width: 400px) 100vw, 400px\" class=\"light-dropshaddow\"\/><\/a><\/div><\/div><div class=\"tcol-lg-4 tcol-md-4 tcol-sm-4 tcol-xs-6 tcol-ss-12 g_item\"><div class=\"grid_item kad_gallery_fade_in gallery_item\"><a href=\"https:\/\/www.maticon.hr\/wp-content\/uploads\/2016\/08\/1781684_1517605501790613_280375184460024441_o.jpg\" data-rel=\"lightbox\" class=\"lightboxhover\"><img src=\"https:\/\/www.maticon.hr\/wp-content\/uploads\/2016\/08\/1781684_1517605501790613_280375184460024441_o-400x400.jpg\" width=\"400\" height=\"400\" alt=\"\" srcset=\"https:\/\/www.maticon.hr\/wp-content\/uploads\/2016\/08\/1781684_1517605501790613_280375184460024441_o-400x400.jpg 400w, https:\/\/www.maticon.hr\/wp-content\/uploads\/2016\/08\/1781684_1517605501790613_280375184460024441_o-600x600.jpg 600w, https:\/\/www.maticon.hr\/wp-content\/uploads\/2016\/08\/1781684_1517605501790613_280375184460024441_o-100x100.jpg 100w, https:\/\/www.maticon.hr\/wp-content\/uploads\/2016\/08\/1781684_1517605501790613_280375184460024441_o-150x150.jpg 150w, https:\/\/www.maticon.hr\/wp-content\/uploads\/2016\/08\/1781684_1517605501790613_280375184460024441_o-800x800.jpg 800w\" sizes=\"(max-width: 400px) 100vw, 400px\" class=\"light-dropshaddow\"\/><\/a><\/div><\/div><div class=\"tcol-lg-4 tcol-md-4 tcol-sm-4 tcol-xs-6 tcol-ss-12 g_item\"><div class=\"grid_item kad_gallery_fade_in gallery_item\"><a href=\"https:\/\/www.maticon.hr\/wp-content\/uploads\/2016\/08\/1926259_1517605348457295_289974094765299293_o.jpg\" data-rel=\"lightbox\" class=\"lightboxhover\"><img src=\"https:\/\/www.maticon.hr\/wp-content\/uploads\/2016\/08\/1926259_1517605348457295_289974094765299293_o-400x400.jpg\" width=\"400\" height=\"400\" alt=\"\" srcset=\"https:\/\/www.maticon.hr\/wp-content\/uploads\/2016\/08\/1926259_1517605348457295_289974094765299293_o-400x400.jpg 400w, https:\/\/www.maticon.hr\/wp-content\/uploads\/2016\/08\/1926259_1517605348457295_289974094765299293_o-600x600.jpg 600w, https:\/\/www.maticon.hr\/wp-content\/uploads\/2016\/08\/1926259_1517605348457295_289974094765299293_o-100x100.jpg 100w, https:\/\/www.maticon.hr\/wp-content\/uploads\/2016\/08\/1926259_1517605348457295_289974094765299293_o-150x150.jpg 150w, https:\/\/www.maticon.hr\/wp-content\/uploads\/2016\/08\/1926259_1517605348457295_289974094765299293_o-800x800.jpg 800w\" sizes=\"(max-width: 400px) 100vw, 400px\" class=\"light-dropshaddow\"\/><\/a><\/div><\/div><div class=\"tcol-lg-4 tcol-md-4 tcol-sm-4 tcol-xs-6 tcol-ss-12 g_item\"><div class=\"grid_item kad_gallery_fade_in gallery_item\"><a href=\"https:\/\/www.maticon.hr\/wp-content\/uploads\/2016\/08\/10421154_1517605481790615_4871338711530187653_n.jpg\" data-rel=\"lightbox\" class=\"lightboxhover\"><img src=\"https:\/\/www.maticon.hr\/wp-content\/uploads\/2016\/08\/10421154_1517605481790615_4871338711530187653_n-400x400.jpg\" width=\"400\" height=\"400\" alt=\"\" srcset=\"https:\/\/www.maticon.hr\/wp-content\/uploads\/2016\/08\/10421154_1517605481790615_4871338711530187653_n-400x400.jpg 400w, https:\/\/www.maticon.hr\/wp-content\/uploads\/2016\/08\/10421154_1517605481790615_4871338711530187653_n-600x600.jpg 600w, https:\/\/www.maticon.hr\/wp-content\/uploads\/2016\/08\/10421154_1517605481790615_4871338711530187653_n-100x100.jpg 100w, https:\/\/www.maticon.hr\/wp-content\/uploads\/2016\/08\/10421154_1517605481790615_4871338711530187653_n-150x150.jpg 150w\" sizes=\"(max-width: 400px) 100vw, 400px\" class=\"light-dropshaddow\"\/><\/a><\/div><\/div><div class=\"tcol-lg-4 tcol-md-4 tcol-sm-4 tcol-xs-6 tcol-ss-12 g_item\"><div class=\"grid_item kad_gallery_fade_in gallery_item\"><a href=\"https:\/\/www.maticon.hr\/wp-content\/uploads\/2016\/08\/10457666_1517605468457283_7111695193215393357_o.jpg\" data-rel=\"lightbox\" class=\"lightboxhover\"><img src=\"https:\/\/www.maticon.hr\/wp-content\/uploads\/2016\/08\/10457666_1517605468457283_7111695193215393357_o-400x400.jpg\" width=\"400\" height=\"400\" alt=\"\" srcset=\"https:\/\/www.maticon.hr\/wp-content\/uploads\/2016\/08\/10457666_1517605468457283_7111695193215393357_o-400x400.jpg 400w, https:\/\/www.maticon.hr\/wp-content\/uploads\/2016\/08\/10457666_1517605468457283_7111695193215393357_o-600x600.jpg 600w, https:\/\/www.maticon.hr\/wp-content\/uploads\/2016\/08\/10457666_1517605468457283_7111695193215393357_o-100x100.jpg 100w, https:\/\/www.maticon.hr\/wp-content\/uploads\/2016\/08\/10457666_1517605468457283_7111695193215393357_o-150x150.jpg 150w, https:\/\/www.maticon.hr\/wp-content\/uploads\/2016\/08\/10457666_1517605468457283_7111695193215393357_o-800x800.jpg 800w\" sizes=\"(max-width: 400px) 100vw, 400px\" class=\"light-dropshaddow\"\/><\/a><\/div><\/div><div class=\"tcol-lg-4 tcol-md-4 tcol-sm-4 tcol-xs-6 tcol-ss-12 g_item\"><div class=\"grid_item kad_gallery_fade_in gallery_item\"><a href=\"https:\/\/www.maticon.hr\/wp-content\/uploads\/2016\/08\/10599664_1517605661790597_4464425409705592023_n.jpg\" data-rel=\"lightbox\" class=\"lightboxhover\"><img src=\"https:\/\/www.maticon.hr\/wp-content\/uploads\/2016\/08\/10599664_1517605661790597_4464425409705592023_n-400x400.jpg\" width=\"400\" height=\"400\" alt=\"\" srcset=\"https:\/\/www.maticon.hr\/wp-content\/uploads\/2016\/08\/10599664_1517605661790597_4464425409705592023_n-400x400.jpg 400w, https:\/\/www.maticon.hr\/wp-content\/uploads\/2016\/08\/10599664_1517605661790597_4464425409705592023_n-600x600.jpg 600w, https:\/\/www.maticon.hr\/wp-content\/uploads\/2016\/08\/10599664_1517605661790597_4464425409705592023_n-100x100.jpg 100w, https:\/\/www.maticon.hr\/wp-content\/uploads\/2016\/08\/10599664_1517605661790597_4464425409705592023_n-150x150.jpg 150w\" sizes=\"(max-width: 400px) 100vw, 400px\" class=\"light-dropshaddow\"\/><\/a><\/div><\/div><div class=\"tcol-lg-4 tcol-md-4 tcol-sm-4 tcol-xs-6 tcol-ss-12 g_item\"><div class=\"grid_item kad_gallery_fade_in gallery_item\"><a href=\"https:\/\/www.maticon.hr\/wp-content\/uploads\/2016\/08\/10629481_1517605901790573_2992333973669349068_o.jpg\" data-rel=\"lightbox\" class=\"lightboxhover\"><img src=\"https:\/\/www.maticon.hr\/wp-content\/uploads\/2016\/08\/10629481_1517605901790573_2992333973669349068_o-400x400.jpg\" width=\"400\" height=\"400\" alt=\"\" srcset=\"https:\/\/www.maticon.hr\/wp-content\/uploads\/2016\/08\/10629481_1517605901790573_2992333973669349068_o-400x400.jpg 400w, https:\/\/www.maticon.hr\/wp-content\/uploads\/2016\/08\/10629481_1517605901790573_2992333973669349068_o-600x600.jpg 600w, https:\/\/www.maticon.hr\/wp-content\/uploads\/2016\/08\/10629481_1517605901790573_2992333973669349068_o-100x100.jpg 100w, https:\/\/www.maticon.hr\/wp-content\/uploads\/2016\/08\/10629481_1517605901790573_2992333973669349068_o-150x150.jpg 150w, https:\/\/www.maticon.hr\/wp-content\/uploads\/2016\/08\/10629481_1517605901790573_2992333973669349068_o-800x800.jpg 800w\" sizes=\"(max-width: 400px) 100vw, 400px\" class=\"light-dropshaddow\"\/><\/a><\/div><\/div><div class=\"tcol-lg-4 tcol-md-4 tcol-sm-4 tcol-xs-6 tcol-ss-12 g_item\"><div class=\"grid_item kad_gallery_fade_in gallery_item\"><a href=\"https:\/\/www.maticon.hr\/wp-content\/uploads\/2016\/08\/10635862_1517605408457289_719723914715930354_n.jpg\" data-rel=\"lightbox\" class=\"lightboxhover\"><img src=\"https:\/\/www.maticon.hr\/wp-content\/uploads\/2016\/08\/10635862_1517605408457289_719723914715930354_n-400x400.jpg\" width=\"400\" height=\"400\" alt=\"\" srcset=\"https:\/\/www.maticon.hr\/wp-content\/uploads\/2016\/08\/10635862_1517605408457289_719723914715930354_n-400x400.jpg 400w, https:\/\/www.maticon.hr\/wp-content\/uploads\/2016\/08\/10635862_1517605408457289_719723914715930354_n-600x600.jpg 600w, https:\/\/www.maticon.hr\/wp-content\/uploads\/2016\/08\/10635862_1517605408457289_719723914715930354_n-100x100.jpg 100w, https:\/\/www.maticon.hr\/wp-content\/uploads\/2016\/08\/10635862_1517605408457289_719723914715930354_n-150x150.jpg 150w\" sizes=\"(max-width: 400px) 100vw, 400px\" class=\"light-dropshaddow\"\/><\/a><\/div><\/div><div class=\"tcol-lg-4 tcol-md-4 tcol-sm-4 tcol-xs-6 tcol-ss-12 g_item\"><div class=\"grid_item kad_gallery_fade_in gallery_item\"><a href=\"https:\/\/www.maticon.hr\/wp-content\/uploads\/2016\/08\/10653684_1517605711790592_6636174699438071631_n.jpg\" data-rel=\"lightbox\" class=\"lightboxhover\"><img src=\"https:\/\/www.maticon.hr\/wp-content\/uploads\/2016\/08\/10653684_1517605711790592_6636174699438071631_n-400x400.jpg\" width=\"400\" height=\"400\" alt=\"\" srcset=\"https:\/\/www.maticon.hr\/wp-content\/uploads\/2016\/08\/10653684_1517605711790592_6636174699438071631_n-400x400.jpg 400w, https:\/\/www.maticon.hr\/wp-content\/uploads\/2016\/08\/10653684_1517605711790592_6636174699438071631_n-600x600.jpg 600w, https:\/\/www.maticon.hr\/wp-content\/uploads\/2016\/08\/10653684_1517605711790592_6636174699438071631_n-100x100.jpg 100w, https:\/\/www.maticon.hr\/wp-content\/uploads\/2016\/08\/10653684_1517605711790592_6636174699438071631_n-150x150.jpg 150w\" sizes=\"(max-width: 400px) 100vw, 400px\" class=\"light-dropshaddow\"\/><\/a><\/div><\/div><div class=\"tcol-lg-4 tcol-md-4 tcol-sm-4 tcol-xs-6 tcol-ss-12 g_item\"><div class=\"grid_item kad_gallery_fade_in gallery_item\"><a href=\"https:\/\/www.maticon.hr\/wp-content\/uploads\/2016\/08\/10710260_1517605335123963_5091320790944732646_o.jpg\" data-rel=\"lightbox\" class=\"lightboxhover\"><img src=\"https:\/\/www.maticon.hr\/wp-content\/uploads\/2016\/08\/10710260_1517605335123963_5091320790944732646_o-400x400.jpg\" width=\"400\" height=\"400\" alt=\"\" srcset=\"https:\/\/www.maticon.hr\/wp-content\/uploads\/2016\/08\/10710260_1517605335123963_5091320790944732646_o-400x400.jpg 400w, https:\/\/www.maticon.hr\/wp-content\/uploads\/2016\/08\/10710260_1517605335123963_5091320790944732646_o-600x600.jpg 600w, https:\/\/www.maticon.hr\/wp-content\/uploads\/2016\/08\/10710260_1517605335123963_5091320790944732646_o-100x100.jpg 100w, https:\/\/www.maticon.hr\/wp-content\/uploads\/2016\/08\/10710260_1517605335123963_5091320790944732646_o-150x150.jpg 150w, https:\/\/www.maticon.hr\/wp-content\/uploads\/2016\/08\/10710260_1517605335123963_5091320790944732646_o-800x800.jpg 800w\" sizes=\"(max-width: 400px) 100vw, 400px\" class=\"light-dropshaddow\"\/><\/a><\/div><\/div><div class=\"tcol-lg-4 tcol-md-4 tcol-sm-4 tcol-xs-6 tcol-ss-12 g_item\"><div class=\"grid_item kad_gallery_fade_in gallery_item\"><a href=\"https:\/\/www.maticon.hr\/wp-content\/uploads\/2016\/08\/10696375_1517605705123926_5266547135413524260_n.jpg\" data-rel=\"lightbox\" class=\"lightboxhover\"><img src=\"https:\/\/www.maticon.hr\/wp-content\/uploads\/2016\/08\/10696375_1517605705123926_5266547135413524260_n-400x400.jpg\" width=\"400\" height=\"400\" alt=\"\" srcset=\"https:\/\/www.maticon.hr\/wp-content\/uploads\/2016\/08\/10696375_1517605705123926_5266547135413524260_n-400x400.jpg 400w, https:\/\/www.maticon.hr\/wp-content\/uploads\/2016\/08\/10696375_1517605705123926_5266547135413524260_n-600x600.jpg 600w, https:\/\/www.maticon.hr\/wp-content\/uploads\/2016\/08\/10696375_1517605705123926_5266547135413524260_n-100x100.jpg 100w, https:\/\/www.maticon.hr\/wp-content\/uploads\/2016\/08\/10696375_1517605705123926_5266547135413524260_n-150x150.jpg 150w\" sizes=\"(max-width: 400px) 100vw, 400px\" class=\"light-dropshaddow\"\/><\/a><\/div><\/div><div class=\"tcol-lg-4 tcol-md-4 tcol-sm-4 tcol-xs-6 tcol-ss-12 g_item\"><div class=\"grid_item kad_gallery_fade_in gallery_item\"><a href=\"https:\/\/www.maticon.hr\/wp-content\/uploads\/2016\/08\/10669095_1517605595123937_7182917567975429868_o.jpg\" data-rel=\"lightbox\" class=\"lightboxhover\"><img src=\"https:\/\/www.maticon.hr\/wp-content\/uploads\/2016\/08\/10669095_1517605595123937_7182917567975429868_o-400x400.jpg\" width=\"400\" height=\"400\" alt=\"\" srcset=\"https:\/\/www.maticon.hr\/wp-content\/uploads\/2016\/08\/10669095_1517605595123937_7182917567975429868_o-400x400.jpg 400w, https:\/\/www.maticon.hr\/wp-content\/uploads\/2016\/08\/10669095_1517605595123937_7182917567975429868_o-600x600.jpg 600w, https:\/\/www.maticon.hr\/wp-content\/uploads\/2016\/08\/10669095_1517605595123937_7182917567975429868_o-100x100.jpg 100w, https:\/\/www.maticon.hr\/wp-content\/uploads\/2016\/08\/10669095_1517605595123937_7182917567975429868_o-150x150.jpg 150w, https:\/\/www.maticon.hr\/wp-content\/uploads\/2016\/08\/10669095_1517605595123937_7182917567975429868_o-800x800.jpg 800w\" sizes=\"(max-width: 400px) 100vw, 400px\" class=\"light-dropshaddow\"\/><\/a><\/div><\/div><\/div><\/p><p>&nbsp;<\/p><\/div><\/div><\/div><\/div><\/div><\/div><\/div><\/div><div class=\"vce-row-container\" data-vce-boxed-width=\"true\"><div class=\"vce-row vce-row--col-gap-30 vce-row-equal-height vce-row-content--top\" id=\"el-c07dbe16\" data-vce-do-apply=\"all el-c07dbe16\"><div class=\"vce-row-content\" data-vce-element-content=\"true\"><div class=\"vce-col vce-col--md-auto vce-col--xs-1 vce-col--xs-last vce-col--xs-first vce-col--sm-last vce-col--sm-first vce-col--md-first vce-col--lg-first vce-col--xl-first\" id=\"el-1bb22fb4\"><div class=\"vce-col-inner\" data-vce-do-apply=\"border margin background  el-1bb22fb4\"><div class=\"vce-col-content\" data-vce-element-content=\"true\" data-vce-do-apply=\"padding el-1bb22fb4\"><div><\/div><\/div><\/div><\/div><div class=\"vce-col vce-col--md-auto vce-col--xs-1 vce-col--xs-last vce-col--xs-first vce-col--sm-last vce-col--sm-first\" id=\"el-87abfca0\"><div class=\"vce-col-inner\" data-vce-do-apply=\"border margin background  el-87abfca0\"><div class=\"vce-col-content\" data-vce-element-content=\"true\" data-vce-do-apply=\"padding el-87abfca0\"><div><\/div><\/div><\/div><\/div><div class=\"vce-col vce-col--md-auto vce-col--xs-1 vce-col--xs-last vce-col--xs-first vce-col--sm-last vce-col--sm-first vce-col--md-last vce-col--lg-last vce-col--xl-last\" id=\"el-368b0628\"><div class=\"vce-col-inner\" data-vce-do-apply=\"border margin background  el-368b0628\"><div class=\"vce-col-content\" data-vce-element-content=\"true\" data-vce-do-apply=\"padding el-368b0628\"><div><\/div><\/div><\/div><\/div><\/div><\/div><\/div>","protected":false},"excerpt":{"rendered":"<p>Izlo\u017ebeni prostor pe\u0107i i kamina tvrtke MATICON d.o.o. smje\u0161ten je na adresi Nikole Pavi\u0107a 22, 10090 Zagreb.MATICON je hrvatska tvrtka, osnovana 1993. godine. Pro\u0161irila je svoju djelatnost 2014. godine za prodaju, servis, ugradnju pe\u0107i i kamina visokokvalitetnog talijanskog brenda Caminetti Montegrappa. Cilj nam je promocija i prodaja ovih visoko kvalitetnih, izrazito lijepih pe\u0107i i kamina. &#8230; <a title=\"Maticon &#8211; showroom\" class=\"read-more\" href=\"https:\/\/www.maticon.hr\/en\/maticon-showroom\/\" aria-label=\"Read more about Maticon &#8211; showroom\">Read more<\/a><\/p>","protected":false},"author":1,"featured_media":0,"parent":0,"menu_order":0,"comment_status":"closed","ping_status":"closed","template":"","meta":{"footnotes":""},"class_list":["post-87","page","type-page","status-publish"],"_links":{"self":[{"href":"https:\/\/www.maticon.hr\/en\/wp-json\/wp\/v2\/pages\/87","targetHints":{"allow":["GET"]}}],"collection":[{"href":"https:\/\/www.maticon.hr\/en\/wp-json\/wp\/v2\/pages"}],"about":[{"href":"https:\/\/www.maticon.hr\/en\/wp-json\/wp\/v2\/types\/page"}],"author":[{"embeddable":true,"href":"https:\/\/www.maticon.hr\/en\/wp-json\/wp\/v2\/users\/1"}],"replies":[{"embeddable":true,"href":"https:\/\/www.maticon.hr\/en\/wp-json\/wp\/v2\/comments?post=87"}],"version-history":[{"count":3,"href":"https:\/\/www.maticon.hr\/en\/wp-json\/wp\/v2\/pages\/87\/revisions"}],"predecessor-version":[{"id":1063,"href":"https:\/\/www.maticon.hr\/en\/wp-json\/wp\/v2\/pages\/87\/revisions\/1063"}],"wp:attachment":[{"href":"https:\/\/www.maticon.hr\/en\/wp-json\/wp\/v2\/media?parent=87"}],"curies":[{"name":"wp","href":"https:\/\/api.w.org\/{rel}","templated":true}]}}