{"id":111,"date":"2016-08-24T16:50:56","date_gmt":"2016-08-24T14:50:56","guid":{"rendered":"http:\/\/www.maticon.hr\/?post_type=product&#038;p=111"},"modified":"2022-07-07T14:19:44","modified_gmt":"2022-07-07T12:19:44","slug":"aq-isola","status":"publish","type":"product","link":"https:\/\/www.maticon.hr\/en\/product\/aq-isola\/","title":{"rendered":"AQ &#8211; Isola"},"content":{"rendered":"<p>Model pe\u0107i koji se koristi za zagrijavanje velikih stambenih objekata do 350 m\u00b2. Ova pe\u0107 sa svojim tooplinskim u\u010dincima od 21, 27 i 32 kW posjeduje karakteristike kotla, ali i omogu\u0107ava korisniku da u\u017eiva u ambijentu koji mu pru\u017ea plamen u prostoriji u kojoj je ista i instalirana. Sistem grijanje ovog modela isklju\u010divo je zagrijavanje tople vode, ali i ostavlja mogu\u010dnost ugradnje dodatnog ventilatora za upuhivanje toplog zraka u prostoriju u kojoj se nalazi.<\/p>\n<p><b>Nadogradnja na osnovni model:<\/b><\/p>\n<ul>\n<li>Sistem za grijanje vodom<\/li>\n<li>Sistem za grijanje tople vode &#8211; za sveukupne potrebe<\/li>\n<li>Ventilator<\/li>\n<\/ul>\n<p><b>Dimenzije:<\/b><\/p>\n<figure id=\"attachment_112\" aria-describedby=\"caption-attachment-112\" style=\"width: 580px\" class=\"wp-caption aligncenter\"><img loading=\"lazy\" decoding=\"async\" class=\"size-full wp-image-112\" src=\"http:\/\/www.maticon.hr\/wp-content\/uploads\/2016\/08\/isola_aq_disegno.jpg\" alt=\"AQ Isola\" width=\"590\" height=\"335\" srcset=\"https:\/\/www.maticon.hr\/wp-content\/uploads\/2016\/08\/isola_aq_disegno.jpg 590w, https:\/\/www.maticon.hr\/wp-content\/uploads\/2016\/08\/isola_aq_disegno-300x170.jpg 300w, https:\/\/www.maticon.hr\/wp-content\/uploads\/2016\/08\/isola_aq_disegno-250x142.jpg 250w\" sizes=\"auto, (max-width: 590px) 100vw, 590px\" \/><figcaption id=\"caption-attachment-112\" class=\"wp-caption-text\">AQ Isola<\/figcaption><\/figure>\n<p><b>Tehni\u010dke karakteristike:<\/b><\/p>\n<p>&nbsp;<\/p>\n<table>\n<tbody>\n<tr>\n<td><strong>AQ<br \/>\ngrijanje vodom<br \/>\n<\/strong><\/td>\n<td colspan=\"2\"><strong>20,5kw (AQ21)<\/strong><\/td>\n<td colspan=\"2\"><strong>26,5kw (AQ27)<\/strong><\/td>\n<td colspan=\"2\"><strong>31,5kw (AQ32)<\/strong><\/td>\n<\/tr>\n<tr>\n<td><\/td>\n<td><strong>MAX<\/strong><\/td>\n<td><strong>MIN<\/strong><\/td>\n<td><strong>MAX<\/strong><\/td>\n<td><strong>MIN<\/strong><\/td>\n<td><strong>MAX<\/strong><\/td>\n<td><strong>MIN<\/strong><\/td>\n<\/tr>\n<tr>\n<td>nominalni toplinski u\u010dinak<\/td>\n<td>20,5 kW<\/td>\n<td>5,6 kW<\/td>\n<td>26,5 kW<\/td>\n<td>5,6 kW<\/td>\n<td>31,5 kW<\/td>\n<td>5,6 kW<\/td>\n<\/tr>\n<tr>\n<td>toplinski u\u010dinak grijanja zraka<\/td>\n<td>1,5 kW<\/td>\n<td>1,0 kW<\/td>\n<td>1,5 kW<\/td>\n<td>1,0 kW<\/td>\n<td>1,5 kW<\/td>\n<td>1,0 kW<\/td>\n<\/tr>\n<tr>\n<td>toplinski u\u010dinak grijanja vode<\/td>\n<td>19,0 kW<\/td>\n<td>4,6 kW<\/td>\n<td>25,0 kW<\/td>\n<td>4,6 kW<\/td>\n<td>30,0 kW<\/td>\n<td>4,6 kW<\/td>\n<\/tr>\n<tr>\n<td>emisija CO (na 13% kisika)<\/td>\n<td>0,003 %<\/td>\n<td>0,045 %<\/td>\n<td>0,003 %<\/td>\n<td>0,045 %<\/td>\n<td>0,005 %<\/td>\n<td>0,045 %<\/td>\n<\/tr>\n<tr>\n<td>iskoristivost<\/td>\n<td>94,5 %<\/td>\n<td>93,5 %<\/td>\n<td>93,0 %<\/td>\n<td>93,5 %<\/td>\n<td>91,5 %<\/td>\n<td>93,5 %<\/td>\n<\/tr>\n<tr>\n<td>potro\u0161nja goriva*<\/td>\n<td>4,7 kg\/h<\/td>\n<td>1,3 kg\/h<\/td>\n<td>6,1 kg\/h<\/td>\n<td>1,3 kg\/h<\/td>\n<td>7,4 kg\/h<\/td>\n<td>1,3 kg\/h<\/td>\n<\/tr>\n<tr>\n<td>temperatura ispu\u0161nih plinova<\/td>\n<td>106\u00b0C<\/td>\n<td>66\u00b0C<\/td>\n<td>132\u00b0C<\/td>\n<td>66\u00b0C<\/td>\n<td>153\u00b0C<\/td>\n<td>66\u00b0C<\/td>\n<\/tr>\n<tr>\n<td>tlak proto\u010dnih plinova<\/td>\n<td>11 Pa<\/td>\n<td>12 Pa<\/td>\n<td>11 Pa<\/td>\n<td>12 Pa<\/td>\n<td>12 Pa<\/td>\n<td>12 Pa<\/td>\n<\/tr>\n<tr>\n<td>zapremnina spremnika<\/td>\n<td colspan=\"2\">55 Kg<\/td>\n<td colspan=\"2\">55 Kg<\/td>\n<td colspan=\"2\">55 Kg<\/td>\n<\/tr>\n<tr>\n<td>autonomija rada<\/td>\n<td>12 h<\/td>\n<td>42 h<\/td>\n<td>9 h<\/td>\n<td>42 h<\/td>\n<td>7 h<\/td>\n<td>42 h<\/td>\n<\/tr>\n<tr>\n<td>dimenzija dimovodne cijevi<\/td>\n<td colspan=\"2\">\u00d8 80 mm<\/td>\n<td colspan=\"2\">\u00d8 80 mm<\/td>\n<td colspan=\"2\">\u00d8 80 mm<\/td>\n<\/tr>\n<tr>\n<td>zagrijana povr\u0161ina pri nominalnom<br \/>\ntoplinksom u\u010dinku<\/td>\n<td colspan=\"2\">232* m<sup>2<\/sup><\/td>\n<td colspan=\"2\">299* m<sup>2<\/sup><\/td>\n<td colspan=\"2\">348* m<sup>2<\/sup><\/td>\n<\/tr>\n<tr>\n<td>te\u017eina neto<\/td>\n<td colspan=\"6\" rowspan=\"1\">269 kg isola<\/p>\n<p>286 kg atollo<\/td>\n<\/tr>\n<tr>\n<td>neto te\u017eina sa ambala\u017eom<\/td>\n<td colspan=\"6\" rowspan=\"1\">298 kg isola<\/p>\n<p>315 kg atollo<\/td>\n<\/tr>\n<\/tbody>\n<\/table>\n<p>*potro\u0161nja mo\u017ee varirati ovisno o kvaliteti peleta<br \/>\n**izra\u010dun je dobiven u skladu sa EU zakonom 10\/91 za ku\u0107anstva sa termalnim zahtjevom za 32-33W m3 i visinom stropa od 2,7m.<\/p>","protected":false},"excerpt":{"rendered":"<p>Model pe\u0107i koji se koristi za zagrijavanje velikih stambenih objekata do 350 m\u00b2.<\/p>\n<p>(cijena sa PDV-om)<\/p>","protected":false},"featured_media":113,"template":"","meta":[],"product_brand":[],"product_cat":[19,10,49],"product_tag":[26,27,24,25,23],"class_list":{"0":"post-111","1":"product","2":"type-product","3":"status-publish","4":"has-post-thumbnail","6":"product_cat-grijanje-na-pelete","7":"product_cat-peci-na-pelete","8":"product_cat-grijanje-na-vodu-peci-na-pelete","9":"product_tag-grijanje","10":"product_tag-maticon","11":"product_tag-peci","12":"product_tag-peleti","13":"product_tag-sistem-za-grijanje-vodom","15":"first","16":"outofstock","17":"shipping-taxable","18":"product-type-simple"},"_links":{"self":[{"href":"https:\/\/www.maticon.hr\/en\/wp-json\/wp\/v2\/product\/111","targetHints":{"allow":["GET"]}}],"collection":[{"href":"https:\/\/www.maticon.hr\/en\/wp-json\/wp\/v2\/product"}],"about":[{"href":"https:\/\/www.maticon.hr\/en\/wp-json\/wp\/v2\/types\/product"}],"wp:featuredmedia":[{"embeddable":true,"href":"https:\/\/www.maticon.hr\/en\/wp-json\/wp\/v2\/media\/113"}],"wp:attachment":[{"href":"https:\/\/www.maticon.hr\/en\/wp-json\/wp\/v2\/media?parent=111"}],"wp:term":[{"taxonomy":"product_brand","embeddable":true,"href":"https:\/\/www.maticon.hr\/en\/wp-json\/wp\/v2\/product_brand?post=111"},{"taxonomy":"product_cat","embeddable":true,"href":"https:\/\/www.maticon.hr\/en\/wp-json\/wp\/v2\/product_cat?post=111"},{"taxonomy":"product_tag","embeddable":true,"href":"https:\/\/www.maticon.hr\/en\/wp-json\/wp\/v2\/product_tag?post=111"}],"curies":[{"name":"wp","href":"https:\/\/api.w.org\/{rel}","templated":true}]}}