{"id":467,"date":"2016-09-23T10:33:17","date_gmt":"2016-09-23T08:33:17","guid":{"rendered":"http:\/\/www.maticon.hr\/?post_type=product&#038;p=467"},"modified":"2026-03-13T16:08:20","modified_gmt":"2026-03-13T15:08:20","slug":"lean-a","status":"publish","type":"product","link":"https:\/\/www.maticon.hr\/en\/product\/lean-a\/","title":{"rendered":"AS EVO LEAN A"},"content":{"rendered":"<h3><img loading=\"lazy\" decoding=\"async\" class=\"aligncenter size-full wp-image-468\" src=\"http:\/\/www.maticon.hr\/wp-content\/uploads\/2016\/09\/1401280853250_lean_a_disegno.jpg\" alt=\"1401280853250_lean_a_disegno\" width=\"590\" height=\"335\" srcset=\"https:\/\/www.maticon.hr\/wp-content\/uploads\/2016\/09\/1401280853250_lean_a_disegno.jpg 590w, https:\/\/www.maticon.hr\/wp-content\/uploads\/2016\/09\/1401280853250_lean_a_disegno-300x170.jpg 300w, https:\/\/www.maticon.hr\/wp-content\/uploads\/2016\/09\/1401280853250_lean_a_disegno-250x142.jpg 250w\" sizes=\"auto, (max-width: 590px) 100vw, 590px\" \/>TEHNI\u010cKI PODACI<\/h3>\n<table>\n<tbody>\n<tr>\n<td><strong>AS EVO<br \/>\nizravno upuhivanje zraka<br \/>\n<\/strong><\/td>\n<td colspan=\"2\"><strong>6kW (AS6 EVO)<\/strong><\/td>\n<td colspan=\"2\"><strong>9kW (AS9 EVO)<\/strong><\/td>\n<\/tr>\n<tr>\n<td><\/td>\n<td><strong>MAX<\/strong><\/td>\n<td><strong>MIN<\/strong><\/td>\n<td><strong>MAX<\/strong><\/td>\n<td><strong>MIN<\/strong><\/td>\n<\/tr>\n<tr>\n<td>nominalni toplinski u\u010dinku<\/td>\n<td>6,0 kW<\/td>\n<td>2,5 kW<\/td>\n<td>9,0 kW<\/td>\n<td>2,7 kW<\/td>\n<\/tr>\n<tr>\n<td>potro\u0161nja elektri\u010dne energije<\/td>\n<td colspan=\"2\">400 W<\/td>\n<td colspan=\"2\">400 W<\/td>\n<\/tr>\n<tr>\n<td>emisija CO (na 13% kisika)<\/td>\n<td>0,018 %<\/td>\n<td>0,054 %<\/td>\n<td>0,018 %<\/td>\n<td>0,035 %<\/td>\n<\/tr>\n<tr>\n<td>iskoristivost<\/td>\n<td>90,0 %<\/td>\n<td>85,5 %<\/td>\n<td>86,0 %<\/td>\n<td>91,0 %<\/td>\n<\/tr>\n<tr>\n<td>potro\u0161nja goriva*<\/td>\n<td>1,40 kg\/h<\/td>\n<td>0,59 kg\/h<\/td>\n<td>2,14 kg\/h<\/td>\n<td>0,59 kg\/h<\/td>\n<\/tr>\n<tr>\n<td>\n<div dir=\"ltr\">\u00a0<span id=\"result_box\" class=\"short_text\" lang=\"hr\"><span class=\"hps\">maseni protok<\/span> <span class=\"hps\">ispu\u0161nih plinova<\/span><\/span><\/div>\n<\/td>\n<td>4,74 g\/s<\/td>\n<td>3,84 g\/s<\/td>\n<td>6,27 g\/s<\/td>\n<td>3,01 g\/s<\/td>\n<\/tr>\n<tr>\n<td>temperatura ispu\u0161nih plinova<\/td>\n<td>188\u00b0C<\/td>\n<td>126\u00b0C<\/td>\n<td>253\u00b0C<\/td>\n<td>111\u00b0C<\/td>\n<\/tr>\n<tr>\n<td>zapremnina spremnika<\/td>\n<td colspan=\"2\">18 Kg<\/td>\n<td colspan=\"2\">18 Kg<\/td>\n<\/tr>\n<tr>\n<td>autonomija rada<\/td>\n<td>12 h<\/td>\n<td>30 h<\/td>\n<td>8 h<\/td>\n<td>30 h<\/td>\n<\/tr>\n<tr>\n<td>dimenzija dimovodne cijevi<\/td>\n<td colspan=\"2\">\u00d8 80 mm<\/td>\n<td colspan=\"2\">\u00d8 80 mm<\/td>\n<\/tr>\n<tr>\n<td>dimenzija dovoda zraka<\/td>\n<td colspan=\"2\">40 x 40 mm<\/td>\n<td colspan=\"2\">40 x 40 mm<\/td>\n<\/tr>\n<tr>\n<td>zagrijana povr\u0161ina pri nominalnom toplinskom u\u010dinku<\/td>\n<td colspan=\"2\">70* m<sup>2<\/sup><\/td>\n<td colspan=\"2\">104* m<sup>2<\/sup><\/td>\n<\/tr>\n<tr>\n<td>neto te\u017eina<\/td>\n<td colspan=\"4\" rowspan=\"1\">121 kg lean a &#8211; 116 kg cielo a &#8211; 108 kg vidra a evo &#8211; 105 kg agila a evo &#8211; 110 kg agila s evo<\/p>\n<p>114 kg skin a evo (Beige\/Grigio) 116 kg (Bianco)<\/p>\n<p>121 kg skin s evo (Beige\/Grigio) 123 kg (Bianco)<\/td>\n<\/tr>\n<tr>\n<td>te\u017eina sa ambala\u017eom<\/td>\n<td colspan=\"4\">142 kg lean a &#8211; 139 kg cielo a &#8211; 129 kg vidra a evo &#8211; 126 kg agila a evo &#8211; 131 kg agila s evo<\/p>\n<p>135 kg skin a evo (Beige\/Grigio) 137 kg (Bianco)<\/p>\n<p>142 kg skin s evo (Beige\/Grigio) 144 kg (Bianco)<\/td>\n<\/tr>\n<\/tbody>\n<\/table>\n<p>*potro\u0161nja mo\u017ee varirati ovisno o kvaliteti peleta<br \/>\n** Izra\u010dun je dobiven u skladu sa EU zakonom 10\/91 za ku\u0107anstva sa termalnim zahtijevom za 32-33W m3 i visionom stropa od 2,7m<\/p>","protected":false},"excerpt":{"rendered":"<p>(cijena sa PDV-om)<\/p>\n<p>Serija koja je osmi\u0161ljena kao pe\u0107 na pelete sa svrhom u\u0161tede prostora u kojem je ugra\u0111ena. Predvi\u0111ena je u dvije opcije s obzirom na toplinski u\u010din, 6 i 9 kW. Verzija sa 9 kW toplinskog u\u010dina, predvi\u0111ena je i za odvodnju toplog zraka u druge prostorije \u0161to daje dodatnu iskoristivost i konfor. Ove pe\u0107i dolaze u opciji sa simetri\u0107nom ili asimetri\u0107nom oblogom u nekoliko zanimljivih opcija \u0161to im omogu\u0107ava prilagodbu u razli\u010ditim ambijentima stambenog prostora. Izrazito su pogodne za stambene prostore ili vikendice od 60 do 90 m\u00b2. Razi\u010dite mogu\u010dnosti ugradnje daju korisniku dodatan izazov i omogu\u0107uju mu vi\u0161i nivo dizajna u prostoru u kojem \u010desto boravi.<\/p>\n<h2>NADOGRADNJA NA OSNOVNI MODEL:<\/h2>\n<ul>\n<li>Daljinski upravlja\u010d<\/li>\n<li>Daljinsko upravljanje preko mobilnog ure\u0111aja<\/li>\n<li>Na\u010dini ugradnje: zidna ugradnja ili nosivi stalak<\/li>\n<\/ul>","protected":false},"featured_media":469,"template":"","meta":[],"product_brand":[],"product_cat":[59,19,10,50],"product_tag":[14,34,24,37],"class_list":{"0":"post-467","1":"product","2":"type-product","3":"status-publish","4":"has-post-thumbnail","6":"product_cat-direktno-grijanje-na-zrak-peci-na-pelete","7":"product_cat-grijanje-na-pelete","8":"product_cat-peci-na-pelete","9":"product_cat-grijanje-na-zrak-peci-na-pelete","10":"product_tag-caminetti-montegrappa","11":"product_tag-montegrappa","12":"product_tag-peci","13":"product_tag-peci-na-pelete","15":"first","16":"instock","17":"shipping-taxable","18":"purchasable","19":"product-type-simple"},"_links":{"self":[{"href":"https:\/\/www.maticon.hr\/en\/wp-json\/wp\/v2\/product\/467","targetHints":{"allow":["GET"]}}],"collection":[{"href":"https:\/\/www.maticon.hr\/en\/wp-json\/wp\/v2\/product"}],"about":[{"href":"https:\/\/www.maticon.hr\/en\/wp-json\/wp\/v2\/types\/product"}],"wp:featuredmedia":[{"embeddable":true,"href":"https:\/\/www.maticon.hr\/en\/wp-json\/wp\/v2\/media\/469"}],"wp:attachment":[{"href":"https:\/\/www.maticon.hr\/en\/wp-json\/wp\/v2\/media?parent=467"}],"wp:term":[{"taxonomy":"product_brand","embeddable":true,"href":"https:\/\/www.maticon.hr\/en\/wp-json\/wp\/v2\/product_brand?post=467"},{"taxonomy":"product_cat","embeddable":true,"href":"https:\/\/www.maticon.hr\/en\/wp-json\/wp\/v2\/product_cat?post=467"},{"taxonomy":"product_tag","embeddable":true,"href":"https:\/\/www.maticon.hr\/en\/wp-json\/wp\/v2\/product_tag?post=467"}],"curies":[{"name":"wp","href":"https:\/\/api.w.org\/{rel}","templated":true}]}}