{"id":524,"date":"2016-10-12T13:26:21","date_gmt":"2016-10-12T11:26:21","guid":{"rendered":"http:\/\/www.maticon.hr\/?post_type=product&#038;p=524"},"modified":"2022-07-07T14:21:41","modified_gmt":"2022-07-07T12:21:41","slug":"atomo-evo","status":"publish","type":"product","link":"https:\/\/www.maticon.hr\/en\/product\/atomo-evo\/","title":{"rendered":"ATOMO EVO"},"content":{"rendered":"<p><strong class=\"subtitle_2\">Technical data <\/strong><\/p>\n<div>\n<div>\n<table border=\"1\" cellspacing=\"1\" cellpadding=\"1\">\n<tbody>\n<tr>\n<td><\/td>\n<td colspan=\"2\">ATOMO 6 EVO<\/td>\n<td colspan=\"2\">ATOMO 9 EVO<\/td>\n<td colspan=\"2\">ATOMO 11 EVO<\/td>\n<td><\/td>\n<\/tr>\n<tr>\n<td>nominalni toplinski u\u010dinak<\/td>\n<td colspan=\"2\" rowspan=\"1\">2,5 &#8211; 6,5<\/td>\n<td colspan=\"2\" rowspan=\"1\">2,5 &#8211; 9,0<\/td>\n<td colspan=\"2\" rowspan=\"1\">2,5 &#8211; 10,5<\/td>\n<td rowspan=\"1\">kW<\/td>\n<\/tr>\n<tr>\n<td>elektri\u010dna snaga<\/td>\n<td colspan=\"2\">100 &#8211; 460<\/td>\n<td colspan=\"2\">100 &#8211; 460<\/td>\n<td colspan=\"2\">100 &#8211; 460<\/td>\n<td>W<\/td>\n<\/tr>\n<tr>\n<td>emisija CO (na 13% kisika)<\/td>\n<td colspan=\"2\" rowspan=\"1\">\u2264 0,02<\/td>\n<td colspan=\"2\" rowspan=\"1\">\u2264 0,02<\/td>\n<td colspan=\"2\" rowspan=\"1\">\u2264 0,02<\/td>\n<td rowspan=\"1\">%<\/td>\n<\/tr>\n<tr>\n<td>iskoristivost<\/td>\n<td colspan=\"2\" rowspan=\"1\">\u2265 85<\/td>\n<td colspan=\"2\" rowspan=\"1\">\u2265 85<\/td>\n<td colspan=\"2\" rowspan=\"1\">\u2265 80<\/td>\n<td rowspan=\"1\">%<\/td>\n<\/tr>\n<tr>\n<td>potro\u0161nja goriva<\/td>\n<td colspan=\"2\" rowspan=\"1\">0,60 &#8211; 1,55<\/td>\n<td colspan=\"2\" rowspan=\"1\">0,60 &#8211; 2,12<\/td>\n<td colspan=\"2\" rowspan=\"1\">0,60 &#8211; 2,70<\/td>\n<td rowspan=\"1\">kg\/h<\/td>\n<\/tr>\n<tr>\n<td>protok gorive mase<\/td>\n<td colspan=\"2\" rowspan=\"1\">4,4 &#8211; 5,4<\/td>\n<td colspan=\"2\" rowspan=\"1\">4,4 &#8211; 7,2<\/td>\n<td colspan=\"2\" rowspan=\"1\">4,4 &#8211; 7,6<\/td>\n<td rowspan=\"1\">g\/s<\/td>\n<\/tr>\n<tr>\n<td>temperatura ispu\u0161nih plinova<\/td>\n<td colspan=\"2\" rowspan=\"1\">108 &#8211; 166<\/td>\n<td colspan=\"2\" rowspan=\"1\">108 &#8211; 201<\/td>\n<td colspan=\"2\" rowspan=\"1\">108 &#8211; 262<\/td>\n<td rowspan=\"1\">\u00b0C<\/td>\n<\/tr>\n<tr>\n<td>tlak proto\u010dnih plinova<\/td>\n<td colspan=\"2\" rowspan=\"1\">12<\/td>\n<td colspan=\"2\" rowspan=\"1\">12<\/td>\n<td colspan=\"2\" rowspan=\"1\">12<\/td>\n<td rowspan=\"1\">Pa<\/td>\n<\/tr>\n<tr>\n<td>kapacitet spremnika<\/td>\n<td colspan=\"2\">15<\/td>\n<td colspan=\"2\">15<\/td>\n<td colspan=\"2\">15<\/td>\n<td>Kg<\/td>\n<\/tr>\n<tr>\n<td>autonomija rada<\/td>\n<td colspan=\"2\" rowspan=\"1\">10 &#8211; 25<\/td>\n<td colspan=\"2\" rowspan=\"1\">7 &#8211; 25<\/td>\n<td colspan=\"2\" rowspan=\"1\">5,5 &#8211; 25<\/td>\n<td rowspan=\"1\">h<\/td>\n<\/tr>\n<tr>\n<td>promjer dimovodne cijevi<\/td>\n<td colspan=\"2\">\u00d8 80<\/td>\n<td colspan=\"2\">\u00d8 80<\/td>\n<td colspan=\"2\">\u00d8 80<\/td>\n<td>mm<\/td>\n<\/tr>\n<tr>\n<td>promjer zra\u010dne cijevi<\/td>\n<td colspan=\"2\">\u00d8 80<\/td>\n<td colspan=\"2\">\u00d8 80<\/td>\n<td colspan=\"2\">\u00d8 80<\/td>\n<td>mm<\/td>\n<\/tr>\n<tr>\n<td>zagrijana povr\u0161ina pri nominalnom u\u010dinku<\/td>\n<td colspan=\"2\">76<\/td>\n<td colspan=\"2\">104<\/td>\n<td colspan=\"2\">120<\/td>\n<td>*m<sup>2<\/sup><\/td>\n<\/tr>\n<tr>\n<td>neto te\u017eina<\/td>\n<td colspan=\"7\" rowspan=\"1\">110 kg door 70cm &#8211; 113 kg door 80cm<\/td>\n<\/tr>\n<tr>\n<td>te\u017eina sa ambala\u017eom<\/td>\n<td colspan=\"7\" rowspan=\"1\">115 kg door 70cm &#8211; 118 kg door 80cm<\/td>\n<\/tr>\n<\/tbody>\n<\/table>\n<\/div>\n<\/div>\n<div>\n<div>\n<table style=\"height: 339px;\" border=\"1\" width=\"518\" cellspacing=\"1\" cellpadding=\"1\">\n<tbody>\n<tr>\n<td><\/td>\n<td colspan=\"1\"><\/td>\n<td colspan=\"1\"><\/td>\n<td colspan=\"1\"><\/td>\n<td colspan=\"1\"><\/td>\n<td><\/td>\n<\/tr>\n<tr>\n<td><\/td>\n<td colspan=\"1\" rowspan=\"1\"><\/td>\n<td colspan=\"1\" rowspan=\"1\"><\/td>\n<td colspan=\"1\" rowspan=\"1\"><\/td>\n<td colspan=\"1\" rowspan=\"1\"><\/td>\n<td rowspan=\"1\"><\/td>\n<\/tr>\n<tr>\n<td><\/td>\n<td colspan=\"1\" rowspan=\"1\"><\/td>\n<td><\/td>\n<td><\/td>\n<td><\/td>\n<td><\/td>\n<\/tr>\n<tr>\n<td><\/td>\n<td><\/td>\n<td><\/td>\n<td><\/td>\n<td><\/td>\n<td><\/td>\n<\/tr>\n<tr>\n<td><\/td>\n<td><\/td>\n<td><\/td>\n<td><\/td>\n<td><\/td>\n<td><\/td>\n<\/tr>\n<tr>\n<td><\/td>\n<td><\/td>\n<td><\/td>\n<td><\/td>\n<td><\/td>\n<td><\/td>\n<\/tr>\n<tr>\n<td><\/td>\n<td><\/td>\n<td><\/td>\n<td><\/td>\n<td><\/td>\n<td><\/td>\n<\/tr>\n<tr>\n<td><\/td>\n<td><\/td>\n<td><\/td>\n<td><\/td>\n<td><\/td>\n<td><\/td>\n<\/tr>\n<tr>\n<td><\/td>\n<td><\/td>\n<td><\/td>\n<td><\/td>\n<td colspan=\"1\" rowspan=\"1\"><\/td>\n<td rowspan=\"1\"><\/td>\n<\/tr>\n<tr>\n<td><\/td>\n<td><\/td>\n<td><\/td>\n<td><\/td>\n<td colspan=\"1\"><\/td>\n<td><\/td>\n<\/tr>\n<tr>\n<td><\/td>\n<td><\/td>\n<td><\/td>\n<td><\/td>\n<td colspan=\"1\"><\/td>\n<td><\/td>\n<\/tr>\n<tr>\n<td><\/td>\n<td colspan=\"1\"><\/td>\n<td colspan=\"1\"><\/td>\n<td colspan=\"1\"><\/td>\n<td colspan=\"1\"><\/td>\n<td><\/td>\n<\/tr>\n<tr>\n<td><\/td>\n<td colspan=\"1\" rowspan=\"1\"><\/td>\n<td colspan=\"1\" rowspan=\"1\"><\/td>\n<td colspan=\"1\" rowspan=\"1\"><\/td>\n<td colspan=\"1\" rowspan=\"1\"><\/td>\n<td rowspan=\"1\"><\/td>\n<\/tr>\n<tr>\n<td><\/td>\n<td colspan=\"1\"><\/td>\n<td colspan=\"1\"><\/td>\n<td colspan=\"1\"><\/td>\n<td colspan=\"1\"><\/td>\n<td><\/td>\n<\/tr>\n<tr>\n<td><\/td>\n<td colspan=\"1\"><\/td>\n<td colspan=\"1\"><\/td>\n<td colspan=\"1\"><\/td>\n<td colspan=\"1\"><\/td>\n<td><\/td>\n<\/tr>\n<tr>\n<td><\/td>\n<td colspan=\"1\"><\/td>\n<td colspan=\"1\"><\/td>\n<td colspan=\"1\"><\/td>\n<td colspan=\"1\"><\/td>\n<td><\/td>\n<\/tr>\n<tr>\n<td><\/td>\n<td colspan=\"5\" rowspan=\"1\"><\/td>\n<\/tr>\n<tr>\n<td><\/td>\n<td colspan=\"5\" rowspan=\"1\"><\/td>\n<\/tr>\n<\/tbody>\n<\/table>\n<\/div>\n<\/div>","protected":false},"excerpt":{"rendered":"<p>(cijena sa PDV-om)<\/p>\n<p>ATOMO EVO serija pe\u0107i na pelete, osim smanjene dubine pe\u0107i karakterizira ju i prakti\u010dno punjenje sistema peletima koje ne zahtjeva ga\u0161enje ili pomicanje ure\u0111aja.<\/p>","protected":false},"featured_media":525,"template":"","meta":[],"product_brand":[],"product_cat":[19,8,56],"product_tag":[14,40,63,34],"class_list":{"0":"post-524","1":"product","2":"type-product","3":"status-publish","4":"has-post-thumbnail","6":"product_cat-grijanje-na-pelete","7":"product_cat-kamini-na-pelete","8":"product_cat-grijanje-na-zrak-kamini-na-pelete","9":"product_tag-caminetti-montegrappa","10":"product_tag-kamini","11":"product_tag-kamini-na-pelete","12":"product_tag-montegrappa","14":"first","15":"outofstock","16":"shipping-taxable","17":"product-type-simple"},"_links":{"self":[{"href":"https:\/\/www.maticon.hr\/en\/wp-json\/wp\/v2\/product\/524","targetHints":{"allow":["GET"]}}],"collection":[{"href":"https:\/\/www.maticon.hr\/en\/wp-json\/wp\/v2\/product"}],"about":[{"href":"https:\/\/www.maticon.hr\/en\/wp-json\/wp\/v2\/types\/product"}],"wp:featuredmedia":[{"embeddable":true,"href":"https:\/\/www.maticon.hr\/en\/wp-json\/wp\/v2\/media\/525"}],"wp:attachment":[{"href":"https:\/\/www.maticon.hr\/en\/wp-json\/wp\/v2\/media?parent=524"}],"wp:term":[{"taxonomy":"product_brand","embeddable":true,"href":"https:\/\/www.maticon.hr\/en\/wp-json\/wp\/v2\/product_brand?post=524"},{"taxonomy":"product_cat","embeddable":true,"href":"https:\/\/www.maticon.hr\/en\/wp-json\/wp\/v2\/product_cat?post=524"},{"taxonomy":"product_tag","embeddable":true,"href":"https:\/\/www.maticon.hr\/en\/wp-json\/wp\/v2\/product_tag?post=524"}],"curies":[{"name":"wp","href":"https:\/\/api.w.org\/{rel}","templated":true}]}}