{"id":619,"date":"2018-04-06T12:16:06","date_gmt":"2018-04-06T10:16:06","guid":{"rendered":"http:\/\/www.maticon.hr\/?post_type=product&#038;p=619"},"modified":"2022-07-07T14:23:01","modified_gmt":"2022-07-07T12:23:01","slug":"ax11-folia","status":"publish","type":"product","link":"https:\/\/www.maticon.hr\/en\/product\/ax11-folia\/","title":{"rendered":"AX11 FOLIA"},"content":{"rendered":"<p>&nbsp;<\/p>\n<p><strong class=\"subtitle_2\">TECHNICAL DATA<\/strong><\/p>\n<div>\n<p>&nbsp;<\/p>\n<div>\n<table border=\"1\" cellspacing=\"1\" cellpadding=\"1\">\n<tbody>\n<tr>\n<td><strong>AX<\/strong><\/td>\n<td colspan=\"2\"><strong>9 kW (AX9)<\/strong><\/td>\n<td colspan=\"2\"><strong>11 kW (AX11)<\/strong><\/td>\n<td><\/td>\n<\/tr>\n<tr>\n<td>nominal thermal output<\/td>\n<td colspan=\"2\" rowspan=\"1\">5,0 &#8211; 9,5<\/td>\n<td colspan=\"2\" rowspan=\"1\">5,0<\/td>\n<td rowspan=\"1\">kW<\/td>\n<\/tr>\n<tr>\n<td>electrical output<\/td>\n<td colspan=\"2\">95 &#8211; 400<\/td>\n<td colspan=\"2\">95 &#8211; 400<\/td>\n<td>W<\/td>\n<\/tr>\n<tr>\n<td>CO emission at 13% oxygen<\/td>\n<td colspan=\"2\" rowspan=\"1\">\u2264 0,02<\/td>\n<td colspan=\"2\" rowspan=\"1\">\u2264 0,02<\/td>\n<td rowspan=\"1\">%<\/td>\n<\/tr>\n<tr>\n<td>efficiency<\/td>\n<td colspan=\"2\" rowspan=\"1\">\u2265 87<\/td>\n<td colspan=\"2\" rowspan=\"1\">\u2265 87<\/td>\n<td rowspan=\"1\">%<\/td>\n<\/tr>\n<tr>\n<td>fuel consumption<\/td>\n<td colspan=\"2\" rowspan=\"1\">1,1 &#8211; 2,3<\/td>\n<td colspan=\"2\" rowspan=\"1\">1,1 &#8211; 2,7<\/td>\n<td rowspan=\"1\">kg\/h<\/td>\n<\/tr>\n<tr>\n<td>flue gas mass flow<\/td>\n<td colspan=\"2\" rowspan=\"1\">7,0 &#8211; 9,4<\/td>\n<td colspan=\"2\" rowspan=\"1\">7,0 &#8211; 9,9<\/td>\n<td rowspan=\"1\">g\/s<\/td>\n<\/tr>\n<tr>\n<td>flue gas temperature<\/td>\n<td colspan=\"2\" rowspan=\"1\">93 &#8211; 154<\/td>\n<td colspan=\"2\" rowspan=\"1\">93 &#8211; 163<\/td>\n<td rowspan=\"1\">\u00b0C<\/td>\n<\/tr>\n<tr>\n<td>flue draught pressure<\/td>\n<td colspan=\"2\" rowspan=\"1\">12<\/td>\n<td colspan=\"2\" rowspan=\"1\">12<\/td>\n<td rowspan=\"1\">Pa<\/td>\n<\/tr>\n<tr>\n<td>fuel capacity<\/td>\n<td colspan=\"2\">30<\/td>\n<td colspan=\"2\">30<\/td>\n<td>Kg<\/td>\n<\/tr>\n<tr>\n<td>burn time<\/td>\n<td colspan=\"2\" rowspan=\"1\">27,2 &#8211; 13,0<\/td>\n<td colspan=\"2\" rowspan=\"1\">27,2 &#8211; 11,11<\/td>\n<td rowspan=\"1\">h<\/td>\n<\/tr>\n<tr>\n<td>flue exit pipe<\/td>\n<td colspan=\"2\">\u00d8 80<\/td>\n<td colspan=\"2\">\u00d8 80<\/td>\n<td>mm<\/td>\n<\/tr>\n<tr>\n<td>combustion air intake<\/td>\n<td colspan=\"2\">40 x 40<\/td>\n<td colspan=\"2\">40 x 40<\/td>\n<td>mm<\/td>\n<\/tr>\n<tr>\n<td>heatable area at nominal thermal output<\/td>\n<td colspan=\"2\">106<\/td>\n<td colspan=\"2\">120<\/td>\n<td>*m<sup>2<\/sup><\/td>\n<\/tr>\n<tr>\n<td>net weight<\/td>\n<td colspan=\"5\" rowspan=\"1\">170 kg folia &#8211; 154,5 kg verso<\/td>\n<\/tr>\n<tr>\n<td>weight with packaging<\/td>\n<td colspan=\"5\" rowspan=\"1\">209 kg folia &#8211; 187 kg verso<\/td>\n<\/tr>\n<\/tbody>\n<\/table>\n<\/div>\n<p>*con le condizioni riportate sui cataloghi<\/p>\n<\/div>","protected":false},"excerpt":{"rendered":"<table width=\"1153\">\n<tbody>\n<tr>\n<td width=\"1153\">(cijena sa PDV-om)<\/p>\n<p>Pe\u0107 na pelete sa sistemom prisilne konvekcije dolazi u dvije opcije: 9 i 11 kW. Ovu seriju karakterizira smanjena dubina,\u00a0 \u0161to je \u010dini prilagodiljivom za ve\u0107inu instalacija, te kanalno upuhivanje zraka. Opremljena je sa dva odvoda za konvekciju, sistemom za kontrolu sagorijevanja, velikim spreminkom peleta i daljinskim upravlja\u010dem.<\/td>\n<\/tr>\n<\/tbody>\n<\/table>","protected":false},"featured_media":620,"template":"","meta":[],"product_brand":[],"product_cat":[19,60,10,50],"product_tag":[14,36,65],"class_list":{"0":"post-619","1":"product","2":"type-product","3":"status-publish","4":"has-post-thumbnail","6":"product_cat-grijanje-na-pelete","7":"product_cat-kanalno-grijanje-na-zrak-peci-na-pelete","8":"product_cat-peci-na-pelete","9":"product_cat-grijanje-na-zrak-peci-na-pelete","10":"product_tag-caminetti-montegrappa","11":"product_tag-pec","12":"product_tag-pec-na-pelete","14":"first","15":"outofstock","16":"shipping-taxable","17":"product-type-simple"},"_links":{"self":[{"href":"https:\/\/www.maticon.hr\/en\/wp-json\/wp\/v2\/product\/619","targetHints":{"allow":["GET"]}}],"collection":[{"href":"https:\/\/www.maticon.hr\/en\/wp-json\/wp\/v2\/product"}],"about":[{"href":"https:\/\/www.maticon.hr\/en\/wp-json\/wp\/v2\/types\/product"}],"wp:featuredmedia":[{"embeddable":true,"href":"https:\/\/www.maticon.hr\/en\/wp-json\/wp\/v2\/media\/620"}],"wp:attachment":[{"href":"https:\/\/www.maticon.hr\/en\/wp-json\/wp\/v2\/media?parent=619"}],"wp:term":[{"taxonomy":"product_brand","embeddable":true,"href":"https:\/\/www.maticon.hr\/en\/wp-json\/wp\/v2\/product_brand?post=619"},{"taxonomy":"product_cat","embeddable":true,"href":"https:\/\/www.maticon.hr\/en\/wp-json\/wp\/v2\/product_cat?post=619"},{"taxonomy":"product_tag","embeddable":true,"href":"https:\/\/www.maticon.hr\/en\/wp-json\/wp\/v2\/product_tag?post=619"}],"curies":[{"name":"wp","href":"https:\/\/api.w.org\/{rel}","templated":true}]}}