{"id":640,"date":"2018-04-20T11:06:50","date_gmt":"2018-04-20T09:06:50","guid":{"rendered":"http:\/\/www.maticon.hr\/?post_type=product&#038;p=640"},"modified":"2020-08-20T12:02:55","modified_gmt":"2020-08-20T10:02:55","slug":"np-10-evo-tile-evo","status":"publish","type":"product","link":"https:\/\/www.maticon.hr\/en\/product\/np-10-evo-tile-evo\/","title":{"rendered":"NP 10 EVO TILE EVO"},"content":{"rendered":"","protected":false},"excerpt":{"rendered":"<p>(cijena sa PDV-om)<\/p>\n<p>Ova serija dolazi u dvije opcije: 6 i 9 kW. Ova kompaktna serija \u010dini pe\u0107 pogodnom za ve\u0107inu instalacija, dolazi sa sistemom automatske snage i sistemom kontrole te novim ugra\u0111enim digitalnim kontrolnim panelom.<\/p>","protected":false},"featured_media":368,"template":"","meta":[],"product_brand":[],"product_cat":[59,19,10,50],"product_tag":[14,36,65],"class_list":{"0":"post-640","1":"product","2":"type-product","3":"status-publish","4":"has-post-thumbnail","6":"product_cat-direktno-grijanje-na-zrak-peci-na-pelete","7":"product_cat-grijanje-na-pelete","8":"product_cat-peci-na-pelete","9":"product_cat-grijanje-na-zrak-peci-na-pelete","10":"product_tag-caminetti-montegrappa","11":"product_tag-pec","12":"product_tag-pec-na-pelete","14":"first","15":"instock","16":"shipping-taxable","17":"purchasable","18":"product-type-simple"},"_links":{"self":[{"href":"https:\/\/www.maticon.hr\/en\/wp-json\/wp\/v2\/product\/640","targetHints":{"allow":["GET"]}}],"collection":[{"href":"https:\/\/www.maticon.hr\/en\/wp-json\/wp\/v2\/product"}],"about":[{"href":"https:\/\/www.maticon.hr\/en\/wp-json\/wp\/v2\/types\/product"}],"wp:featuredmedia":[{"embeddable":true,"href":"https:\/\/www.maticon.hr\/en\/wp-json\/wp\/v2\/media\/368"}],"wp:attachment":[{"href":"https:\/\/www.maticon.hr\/en\/wp-json\/wp\/v2\/media?parent=640"}],"wp:term":[{"taxonomy":"product_brand","embeddable":true,"href":"https:\/\/www.maticon.hr\/en\/wp-json\/wp\/v2\/product_brand?post=640"},{"taxonomy":"product_cat","embeddable":true,"href":"https:\/\/www.maticon.hr\/en\/wp-json\/wp\/v2\/product_cat?post=640"},{"taxonomy":"product_tag","embeddable":true,"href":"https:\/\/www.maticon.hr\/en\/wp-json\/wp\/v2\/product_tag?post=640"}],"curies":[{"name":"wp","href":"https:\/\/api.w.org\/{rel}","templated":true}]}}