{"id":647,"date":"2018-04-20T11:24:29","date_gmt":"2018-04-20T09:24:29","guid":{"rendered":"http:\/\/www.maticon.hr\/?post_type=product&#038;p=647"},"modified":"2020-08-20T12:02:33","modified_gmt":"2020-08-20T10:02:33","slug":"nx-evo-cuma-evo","status":"publish","type":"product","link":"https:\/\/www.maticon.hr\/en\/product\/nx-evo-cuma-evo\/","title":{"rendered":"NX EVO CUMA EVO"},"content":{"rendered":"","protected":false},"excerpt":{"rendered":"<p>(cijena sa PDV-om)<\/p>\n<p>NX EVO pe\u0107 na pelete sa sistemom prisilne konvekcije dolazi samo u verziji od 9 kW. Ova kompaktna serija zbog svoje veli\u010dine idealna je za ve\u0107inu instalacija. Oba kanala za ispuhivanje su opremljena\u00a0 sa ventilatorom za odvojenu kontrolu ispuha. Tako\u0111er dolazi sa ugra\u0111enom kontrolnom plo\u010dom, automatskim sistemom snage te kontrolom sagorijevanja<\/p>","protected":false},"featured_media":628,"template":"","meta":[],"product_brand":[],"product_cat":[19,60,10,50],"product_tag":[14,36,65],"class_list":{"0":"post-647","1":"product","2":"type-product","3":"status-publish","4":"has-post-thumbnail","6":"product_cat-grijanje-na-pelete","7":"product_cat-kanalno-grijanje-na-zrak-peci-na-pelete","8":"product_cat-peci-na-pelete","9":"product_cat-grijanje-na-zrak-peci-na-pelete","10":"product_tag-caminetti-montegrappa","11":"product_tag-pec","12":"product_tag-pec-na-pelete","14":"first","15":"instock","16":"shipping-taxable","17":"purchasable","18":"product-type-simple"},"_links":{"self":[{"href":"https:\/\/www.maticon.hr\/en\/wp-json\/wp\/v2\/product\/647","targetHints":{"allow":["GET"]}}],"collection":[{"href":"https:\/\/www.maticon.hr\/en\/wp-json\/wp\/v2\/product"}],"about":[{"href":"https:\/\/www.maticon.hr\/en\/wp-json\/wp\/v2\/types\/product"}],"wp:featuredmedia":[{"embeddable":true,"href":"https:\/\/www.maticon.hr\/en\/wp-json\/wp\/v2\/media\/628"}],"wp:attachment":[{"href":"https:\/\/www.maticon.hr\/en\/wp-json\/wp\/v2\/media?parent=647"}],"wp:term":[{"taxonomy":"product_brand","embeddable":true,"href":"https:\/\/www.maticon.hr\/en\/wp-json\/wp\/v2\/product_brand?post=647"},{"taxonomy":"product_cat","embeddable":true,"href":"https:\/\/www.maticon.hr\/en\/wp-json\/wp\/v2\/product_cat?post=647"},{"taxonomy":"product_tag","embeddable":true,"href":"https:\/\/www.maticon.hr\/en\/wp-json\/wp\/v2\/product_tag?post=647"}],"curies":[{"name":"wp","href":"https:\/\/api.w.org\/{rel}","templated":true}]}}