{"id":657,"date":"2018-04-20T11:38:19","date_gmt":"2018-04-20T09:38:19","guid":{"rendered":"http:\/\/www.maticon.hr\/?post_type=product&#038;p=657"},"modified":"2020-08-11T10:55:01","modified_gmt":"2020-08-11T08:55:01","slug":"ls-9-evo-alpina-evo","status":"publish","type":"product","link":"https:\/\/www.maticon.hr\/en\/product\/ls-9-evo-alpina-evo\/","title":{"rendered":"LS 9 EVO ALPINA EVO"},"content":{"rendered":"","protected":false},"excerpt":{"rendered":"<p>(cijena sa PDV-om)<\/p>\n<p>Ova serija dolazi u dvije opcije: 6 i 9 kW. LS EVO pe\u0107 na pelete sa &#8220;SMART&#8221; konvekcijom ne samo da je idealna za ve\u0107inu instalacija tako\u0111er je i najti\u0161a na tr\u017ei\u0161tu. LS EVO\u00a0 je napravljena kako bi \u0161to vi\u0161e grijala prirodnom konvekcijom tako da se ventilator pali samo na odre\u0111enoj temperaturi.<\/p>","protected":false},"featured_media":365,"template":"","meta":[],"product_brand":[],"product_cat":[19,60,10,50],"product_tag":[14,24,37],"class_list":{"0":"post-657","1":"product","2":"type-product","3":"status-publish","4":"has-post-thumbnail","6":"product_cat-grijanje-na-pelete","7":"product_cat-kanalno-grijanje-na-zrak-peci-na-pelete","8":"product_cat-peci-na-pelete","9":"product_cat-grijanje-na-zrak-peci-na-pelete","10":"product_tag-caminetti-montegrappa","11":"product_tag-peci","12":"product_tag-peci-na-pelete","14":"first","15":"instock","16":"shipping-taxable","17":"purchasable","18":"product-type-simple"},"_links":{"self":[{"href":"https:\/\/www.maticon.hr\/en\/wp-json\/wp\/v2\/product\/657","targetHints":{"allow":["GET"]}}],"collection":[{"href":"https:\/\/www.maticon.hr\/en\/wp-json\/wp\/v2\/product"}],"about":[{"href":"https:\/\/www.maticon.hr\/en\/wp-json\/wp\/v2\/types\/product"}],"wp:featuredmedia":[{"embeddable":true,"href":"https:\/\/www.maticon.hr\/en\/wp-json\/wp\/v2\/media\/365"}],"wp:attachment":[{"href":"https:\/\/www.maticon.hr\/en\/wp-json\/wp\/v2\/media?parent=657"}],"wp:term":[{"taxonomy":"product_brand","embeddable":true,"href":"https:\/\/www.maticon.hr\/en\/wp-json\/wp\/v2\/product_brand?post=657"},{"taxonomy":"product_cat","embeddable":true,"href":"https:\/\/www.maticon.hr\/en\/wp-json\/wp\/v2\/product_cat?post=657"},{"taxonomy":"product_tag","embeddable":true,"href":"https:\/\/www.maticon.hr\/en\/wp-json\/wp\/v2\/product_tag?post=657"}],"curies":[{"name":"wp","href":"https:\/\/api.w.org\/{rel}","templated":true}]}}