{"id":672,"date":"2018-04-20T11:57:32","date_gmt":"2018-04-20T09:57:32","guid":{"rendered":"http:\/\/www.maticon.hr\/?post_type=product&#038;p=672"},"modified":"2020-08-20T12:01:39","modified_gmt":"2020-08-20T10:01:39","slug":"li-8-evo-evoca-evo","status":"publish","type":"product","link":"https:\/\/www.maticon.hr\/en\/product\/li-8-evo-evoca-evo\/","title":{"rendered":"LI 8 EVO EVOCA EVO"},"content":{"rendered":"","protected":false},"excerpt":{"rendered":"<p>(cijena sa PDV-om)<\/p>\n<p>LI EVO pe\u0107 sa sistemom prisilne konvekcije je dostupna samo u opciji od 8 Kw. Glavna prednost ove pe\u0107i je ugra\u0111en odvod za dim, koji omogu\u0107uje dodatan prostor i omogu\u0107uje lak\u0161u instalaciju jer se pe\u0107 mo\u017ee primaknut potpuno do zida. Opremljena je sa daljinskim upravlja\u010dem , kontrolom sagorijevanja te automatskim sistemom snage.<\/p>","protected":false},"featured_media":633,"template":"","meta":[],"product_brand":[],"product_cat":[59,19,10,50],"product_tag":[14,34,24,37],"class_list":{"0":"post-672","1":"product","2":"type-product","3":"status-publish","4":"has-post-thumbnail","6":"product_cat-direktno-grijanje-na-zrak-peci-na-pelete","7":"product_cat-grijanje-na-pelete","8":"product_cat-peci-na-pelete","9":"product_cat-grijanje-na-zrak-peci-na-pelete","10":"product_tag-caminetti-montegrappa","11":"product_tag-montegrappa","12":"product_tag-peci","13":"product_tag-peci-na-pelete","15":"first","16":"instock","17":"shipping-taxable","18":"purchasable","19":"product-type-simple"},"_links":{"self":[{"href":"https:\/\/www.maticon.hr\/en\/wp-json\/wp\/v2\/product\/672","targetHints":{"allow":["GET"]}}],"collection":[{"href":"https:\/\/www.maticon.hr\/en\/wp-json\/wp\/v2\/product"}],"about":[{"href":"https:\/\/www.maticon.hr\/en\/wp-json\/wp\/v2\/types\/product"}],"wp:featuredmedia":[{"embeddable":true,"href":"https:\/\/www.maticon.hr\/en\/wp-json\/wp\/v2\/media\/633"}],"wp:attachment":[{"href":"https:\/\/www.maticon.hr\/en\/wp-json\/wp\/v2\/media?parent=672"}],"wp:term":[{"taxonomy":"product_brand","embeddable":true,"href":"https:\/\/www.maticon.hr\/en\/wp-json\/wp\/v2\/product_brand?post=672"},{"taxonomy":"product_cat","embeddable":true,"href":"https:\/\/www.maticon.hr\/en\/wp-json\/wp\/v2\/product_cat?post=672"},{"taxonomy":"product_tag","embeddable":true,"href":"https:\/\/www.maticon.hr\/en\/wp-json\/wp\/v2\/product_tag?post=672"}],"curies":[{"name":"wp","href":"https:\/\/api.w.org\/{rel}","templated":true}]}}