{"id":787,"date":"2020-03-20T11:13:10","date_gmt":"2020-03-20T10:13:10","guid":{"rendered":"http:\/\/www.maticon.hr\/?post_type=product&#038;p=787"},"modified":"2026-03-13T16:08:20","modified_gmt":"2026-03-13T15:08:20","slug":"nodo","status":"publish","type":"product","link":"https:\/\/www.maticon.hr\/en\/product\/nodo\/","title":{"rendered":"NODO"},"content":{"rendered":"","protected":false},"excerpt":{"rendered":"<p>cijena s PDV-om<\/p>\n<p>NODO\u00a0pe\u0107 sa sistemom prisilne konvekcije je dostupna samo u opciji od 4.5 Kw. Glavna prednost ove pe\u0107i je njezina dimenzija. Idealna za manje prostore, vikendice,apartmane. Pe\u0107 dostupna u dvije boje crveno crna i crno-crna.<\/p>","protected":false},"featured_media":789,"template":"","meta":[],"product_brand":[],"product_cat":[59,19,10,50],"product_tag":[14,37],"class_list":{"0":"post-787","1":"product","2":"type-product","3":"status-publish","4":"has-post-thumbnail","6":"product_cat-direktno-grijanje-na-zrak-peci-na-pelete","7":"product_cat-grijanje-na-pelete","8":"product_cat-peci-na-pelete","9":"product_cat-grijanje-na-zrak-peci-na-pelete","10":"product_tag-caminetti-montegrappa","11":"product_tag-peci-na-pelete","13":"first","14":"instock","15":"shipping-taxable","16":"purchasable","17":"product-type-simple"},"_links":{"self":[{"href":"https:\/\/www.maticon.hr\/en\/wp-json\/wp\/v2\/product\/787","targetHints":{"allow":["GET"]}}],"collection":[{"href":"https:\/\/www.maticon.hr\/en\/wp-json\/wp\/v2\/product"}],"about":[{"href":"https:\/\/www.maticon.hr\/en\/wp-json\/wp\/v2\/types\/product"}],"wp:featuredmedia":[{"embeddable":true,"href":"https:\/\/www.maticon.hr\/en\/wp-json\/wp\/v2\/media\/789"}],"wp:attachment":[{"href":"https:\/\/www.maticon.hr\/en\/wp-json\/wp\/v2\/media?parent=787"}],"wp:term":[{"taxonomy":"product_brand","embeddable":true,"href":"https:\/\/www.maticon.hr\/en\/wp-json\/wp\/v2\/product_brand?post=787"},{"taxonomy":"product_cat","embeddable":true,"href":"https:\/\/www.maticon.hr\/en\/wp-json\/wp\/v2\/product_cat?post=787"},{"taxonomy":"product_tag","embeddable":true,"href":"https:\/\/www.maticon.hr\/en\/wp-json\/wp\/v2\/product_tag?post=787"}],"curies":[{"name":"wp","href":"https:\/\/api.w.org\/{rel}","templated":true}]}}