{"id":794,"date":"2020-08-11T11:51:00","date_gmt":"2020-08-11T09:51:00","guid":{"rendered":"http:\/\/www.maticon.hr\/?post_type=product&#038;p=794"},"modified":"2020-08-20T12:01:17","modified_gmt":"2020-08-20T10:01:17","slug":"li-8-evo-cima-evo","status":"publish","type":"product","link":"https:\/\/www.maticon.hr\/en\/product\/li-8-evo-cima-evo\/","title":{"rendered":"LI 8 EVO CIMA EVO"},"content":{"rendered":"","protected":false},"excerpt":{"rendered":"<p>LI EVO pe\u0107 sa sistemom prisilne konvekcije je dostupna samo u opciji od 8 Kw. Glavna prednost ove pe\u0107i je ugra\u0111en odvod za dim, koji omogu\u0107uje dodatan prostor i omogu\u0107uje lak\u0161u instalaciju jer se pe\u0107 mo\u017ee primaknut potpuno do zida. Opremljena je sa daljinskim upravlja\u010dem , kontrolom sagorijevanja te automatskim sistemom snage.<\/p>\n<p>Dimenzije: L 53 x P 47,5 x H 109 cm<\/p>","protected":false},"featured_media":795,"template":"","meta":[],"product_brand":[],"product_cat":[59,19,10,50],"product_tag":[14,36,65],"class_list":{"0":"post-794","1":"product","2":"type-product","3":"status-publish","4":"has-post-thumbnail","6":"product_cat-direktno-grijanje-na-zrak-peci-na-pelete","7":"product_cat-grijanje-na-pelete","8":"product_cat-peci-na-pelete","9":"product_cat-grijanje-na-zrak-peci-na-pelete","10":"product_tag-caminetti-montegrappa","11":"product_tag-pec","12":"product_tag-pec-na-pelete","14":"first","15":"instock","16":"shipping-taxable","17":"purchasable","18":"product-type-simple"},"_links":{"self":[{"href":"https:\/\/www.maticon.hr\/en\/wp-json\/wp\/v2\/product\/794","targetHints":{"allow":["GET"]}}],"collection":[{"href":"https:\/\/www.maticon.hr\/en\/wp-json\/wp\/v2\/product"}],"about":[{"href":"https:\/\/www.maticon.hr\/en\/wp-json\/wp\/v2\/types\/product"}],"wp:featuredmedia":[{"embeddable":true,"href":"https:\/\/www.maticon.hr\/en\/wp-json\/wp\/v2\/media\/795"}],"wp:attachment":[{"href":"https:\/\/www.maticon.hr\/en\/wp-json\/wp\/v2\/media?parent=794"}],"wp:term":[{"taxonomy":"product_brand","embeddable":true,"href":"https:\/\/www.maticon.hr\/en\/wp-json\/wp\/v2\/product_brand?post=794"},{"taxonomy":"product_cat","embeddable":true,"href":"https:\/\/www.maticon.hr\/en\/wp-json\/wp\/v2\/product_cat?post=794"},{"taxonomy":"product_tag","embeddable":true,"href":"https:\/\/www.maticon.hr\/en\/wp-json\/wp\/v2\/product_tag?post=794"}],"curies":[{"name":"wp","href":"https:\/\/api.w.org\/{rel}","templated":true}]}}