{"id":806,"date":"2020-08-11T12:06:14","date_gmt":"2020-08-11T10:06:14","guid":{"rendered":"http:\/\/www.maticon.hr\/?post_type=product&#038;p=806"},"modified":"2020-08-20T12:00:41","modified_gmt":"2020-08-20T10:00:41","slug":"ls-9-evo-boma-evo","status":"publish","type":"product","link":"https:\/\/www.maticon.hr\/en\/product\/ls-9-evo-boma-evo\/","title":{"rendered":"LS 9 EVO BOMA EVO"},"content":{"rendered":"","protected":false},"excerpt":{"rendered":"<p>(cijena sa PDV-om)<\/p>\n<p>Ova serija dolazi u dvije opcije: 6 i 9 kW. LS EVO pe\u0107 na pelete sa &#8220;SMART&#8221; konvekcijom ne samo da je idealna za ve\u0107inu instalacija tako\u0111er je i najti\u0161a na tr\u017ei\u0161tu. LS EVO\u00a0 je napravljena kako bi \u0161to vi\u0161e grijala prirodnom konvekcijom tako da se ventilator pali samo na odre\u0111enoj temperaturi.<\/p>\n<p>L 53 x P 47,5 x H 109 cm<\/p>","protected":false},"featured_media":793,"template":"","meta":[],"product_brand":[],"product_cat":[59,19,10,50],"product_tag":[14,36,65,24],"class_list":{"0":"post-806","1":"product","2":"type-product","3":"status-publish","4":"has-post-thumbnail","6":"product_cat-direktno-grijanje-na-zrak-peci-na-pelete","7":"product_cat-grijanje-na-pelete","8":"product_cat-peci-na-pelete","9":"product_cat-grijanje-na-zrak-peci-na-pelete","10":"product_tag-caminetti-montegrappa","11":"product_tag-pec","12":"product_tag-pec-na-pelete","13":"product_tag-peci","15":"first","16":"instock","17":"shipping-taxable","18":"purchasable","19":"product-type-simple"},"_links":{"self":[{"href":"https:\/\/www.maticon.hr\/en\/wp-json\/wp\/v2\/product\/806","targetHints":{"allow":["GET"]}}],"collection":[{"href":"https:\/\/www.maticon.hr\/en\/wp-json\/wp\/v2\/product"}],"about":[{"href":"https:\/\/www.maticon.hr\/en\/wp-json\/wp\/v2\/types\/product"}],"wp:featuredmedia":[{"embeddable":true,"href":"https:\/\/www.maticon.hr\/en\/wp-json\/wp\/v2\/media\/793"}],"wp:attachment":[{"href":"https:\/\/www.maticon.hr\/en\/wp-json\/wp\/v2\/media?parent=806"}],"wp:term":[{"taxonomy":"product_brand","embeddable":true,"href":"https:\/\/www.maticon.hr\/en\/wp-json\/wp\/v2\/product_brand?post=806"},{"taxonomy":"product_cat","embeddable":true,"href":"https:\/\/www.maticon.hr\/en\/wp-json\/wp\/v2\/product_cat?post=806"},{"taxonomy":"product_tag","embeddable":true,"href":"https:\/\/www.maticon.hr\/en\/wp-json\/wp\/v2\/product_tag?post=806"}],"curies":[{"name":"wp","href":"https:\/\/api.w.org\/{rel}","templated":true}]}}