{"id":816,"date":"2020-08-11T12:36:43","date_gmt":"2020-08-11T10:36:43","guid":{"rendered":"http:\/\/www.maticon.hr\/?post_type=product&#038;p=816"},"modified":"2026-03-27T14:47:53","modified_gmt":"2026-03-27T13:47:53","slug":"np-evo-boma-evo","status":"publish","type":"product","link":"https:\/\/www.maticon.hr\/en\/product\/np-evo-boma-evo\/","title":{"rendered":"NP EVO BOMA EVO"},"content":{"rendered":"","protected":false},"excerpt":{"rendered":"<p>(cijena sa PDV-om)<\/p>\n<p>Ova serija dolazi u dvije opcije: 6 i 9 kW. Ova kompaktna serija \u010dini pe\u0107 pogodnom za ve\u0107inu instalacija, dolazi sa sistemom automatske snage i sistemom kontrole te novim ugra\u0111enim digitalnim kontrolnim panelom.<\/p>\n<p>L 53 x P 47,5\u00a0x H 111 cm<\/p>\n<p>&nbsp;<\/p>","protected":false},"featured_media":793,"template":"","meta":[],"product_brand":[],"product_cat":[59,19,10,50],"product_tag":[14,36,65,37],"class_list":{"0":"post-816","1":"product","2":"type-product","3":"status-publish","4":"has-post-thumbnail","6":"product_cat-direktno-grijanje-na-zrak-peci-na-pelete","7":"product_cat-grijanje-na-pelete","8":"product_cat-peci-na-pelete","9":"product_cat-grijanje-na-zrak-peci-na-pelete","10":"product_tag-caminetti-montegrappa","11":"product_tag-pec","12":"product_tag-pec-na-pelete","13":"product_tag-peci-na-pelete","15":"first","16":"instock","17":"shipping-taxable","18":"product-type-simple"},"_links":{"self":[{"href":"https:\/\/www.maticon.hr\/en\/wp-json\/wp\/v2\/product\/816","targetHints":{"allow":["GET"]}}],"collection":[{"href":"https:\/\/www.maticon.hr\/en\/wp-json\/wp\/v2\/product"}],"about":[{"href":"https:\/\/www.maticon.hr\/en\/wp-json\/wp\/v2\/types\/product"}],"wp:featuredmedia":[{"embeddable":true,"href":"https:\/\/www.maticon.hr\/en\/wp-json\/wp\/v2\/media\/793"}],"wp:attachment":[{"href":"https:\/\/www.maticon.hr\/en\/wp-json\/wp\/v2\/media?parent=816"}],"wp:term":[{"taxonomy":"product_brand","embeddable":true,"href":"https:\/\/www.maticon.hr\/en\/wp-json\/wp\/v2\/product_brand?post=816"},{"taxonomy":"product_cat","embeddable":true,"href":"https:\/\/www.maticon.hr\/en\/wp-json\/wp\/v2\/product_cat?post=816"},{"taxonomy":"product_tag","embeddable":true,"href":"https:\/\/www.maticon.hr\/en\/wp-json\/wp\/v2\/product_tag?post=816"}],"curies":[{"name":"wp","href":"https:\/\/api.w.org\/{rel}","templated":true}]}}