{"id":821,"date":"2020-08-11T13:05:39","date_gmt":"2020-08-11T11:05:39","guid":{"rendered":"http:\/\/www.maticon.hr\/?post_type=product&#038;p=821"},"modified":"2026-03-27T14:45:11","modified_gmt":"2026-03-27T13:45:11","slug":"ax11-suono","status":"publish","type":"product","link":"https:\/\/www.maticon.hr\/en\/product\/ax11-suono\/","title":{"rendered":"AX11 SUONO"},"content":{"rendered":"","protected":false},"excerpt":{"rendered":"<p>(cijena sa PDV-om)<\/p>\n<p>Pe\u0107 na pelete sa sistemom prisilne konvekcije dolazi u dvije opcije: 9 i 11 kW. Ovu seriju karakterizira smanjena dubina,\u00a0 \u0161to je \u010dini prilagodiljivom za ve\u0107inu instalacija, te kanalno upuhivanje zraka. Opremljena je sa dva odvoda za konvekciju, sistemom za kontrolu sagorijevanja, velikim spreminkom peleta i daljinskim upravlja\u010dem.<\/p>","protected":false},"featured_media":822,"template":"","meta":[],"product_brand":[],"product_cat":[19,60,10,50],"product_tag":[14,36,65],"class_list":{"0":"post-821","1":"product","2":"type-product","3":"status-publish","4":"has-post-thumbnail","6":"product_cat-grijanje-na-pelete","7":"product_cat-kanalno-grijanje-na-zrak-peci-na-pelete","8":"product_cat-peci-na-pelete","9":"product_cat-grijanje-na-zrak-peci-na-pelete","10":"product_tag-caminetti-montegrappa","11":"product_tag-pec","12":"product_tag-pec-na-pelete","14":"first","15":"instock","16":"shipping-taxable","17":"product-type-simple"},"_links":{"self":[{"href":"https:\/\/www.maticon.hr\/en\/wp-json\/wp\/v2\/product\/821","targetHints":{"allow":["GET"]}}],"collection":[{"href":"https:\/\/www.maticon.hr\/en\/wp-json\/wp\/v2\/product"}],"about":[{"href":"https:\/\/www.maticon.hr\/en\/wp-json\/wp\/v2\/types\/product"}],"wp:featuredmedia":[{"embeddable":true,"href":"https:\/\/www.maticon.hr\/en\/wp-json\/wp\/v2\/media\/822"}],"wp:attachment":[{"href":"https:\/\/www.maticon.hr\/en\/wp-json\/wp\/v2\/media?parent=821"}],"wp:term":[{"taxonomy":"product_brand","embeddable":true,"href":"https:\/\/www.maticon.hr\/en\/wp-json\/wp\/v2\/product_brand?post=821"},{"taxonomy":"product_cat","embeddable":true,"href":"https:\/\/www.maticon.hr\/en\/wp-json\/wp\/v2\/product_cat?post=821"},{"taxonomy":"product_tag","embeddable":true,"href":"https:\/\/www.maticon.hr\/en\/wp-json\/wp\/v2\/product_tag?post=821"}],"curies":[{"name":"wp","href":"https:\/\/api.w.org\/{rel}","templated":true}]}}