{"id":825,"date":"2020-08-11T14:22:20","date_gmt":"2020-08-11T12:22:20","guid":{"rendered":"http:\/\/www.maticon.hr\/?post_type=product&#038;p=825"},"modified":"2026-03-13T16:08:09","modified_gmt":"2026-03-13T15:08:09","slug":"dugalia","status":"publish","type":"product","link":"https:\/\/www.maticon.hr\/en\/product\/dugalia\/","title":{"rendered":"DUGALIA"},"content":{"rendered":"","protected":false},"excerpt":{"rendered":"<p>Pe\u0107 na pelete od 10 kW,\u00a0 za grijanje stambenih objekata do 80 m2. Ovu pe\u0107 karaterizira njen uzak dizajn koji omogu\u0107uje lak\u0161e pozicioniranje pe\u0107i.<\/p>\n<p>Dimenzije: L 47 x P 48,5 x H 96,5 cm<\/p>","protected":false},"featured_media":826,"template":"","meta":[],"product_brand":[],"product_cat":[59,19,10,50],"product_tag":[14,36,65],"class_list":{"0":"post-825","1":"product","2":"type-product","3":"status-publish","4":"has-post-thumbnail","6":"product_cat-direktno-grijanje-na-zrak-peci-na-pelete","7":"product_cat-grijanje-na-pelete","8":"product_cat-peci-na-pelete","9":"product_cat-grijanje-na-zrak-peci-na-pelete","10":"product_tag-caminetti-montegrappa","11":"product_tag-pec","12":"product_tag-pec-na-pelete","14":"first","15":"outofstock","16":"shipping-taxable","17":"product-type-simple"},"_links":{"self":[{"href":"https:\/\/www.maticon.hr\/en\/wp-json\/wp\/v2\/product\/825","targetHints":{"allow":["GET"]}}],"collection":[{"href":"https:\/\/www.maticon.hr\/en\/wp-json\/wp\/v2\/product"}],"about":[{"href":"https:\/\/www.maticon.hr\/en\/wp-json\/wp\/v2\/types\/product"}],"wp:featuredmedia":[{"embeddable":true,"href":"https:\/\/www.maticon.hr\/en\/wp-json\/wp\/v2\/media\/826"}],"wp:attachment":[{"href":"https:\/\/www.maticon.hr\/en\/wp-json\/wp\/v2\/media?parent=825"}],"wp:term":[{"taxonomy":"product_brand","embeddable":true,"href":"https:\/\/www.maticon.hr\/en\/wp-json\/wp\/v2\/product_brand?post=825"},{"taxonomy":"product_cat","embeddable":true,"href":"https:\/\/www.maticon.hr\/en\/wp-json\/wp\/v2\/product_cat?post=825"},{"taxonomy":"product_tag","embeddable":true,"href":"https:\/\/www.maticon.hr\/en\/wp-json\/wp\/v2\/product_tag?post=825"}],"curies":[{"name":"wp","href":"https:\/\/api.w.org\/{rel}","templated":true}]}}