{"id":833,"date":"2020-08-11T14:32:06","date_gmt":"2020-08-11T12:32:06","guid":{"rendered":"http:\/\/www.maticon.hr\/?post_type=product&#038;p=833"},"modified":"2022-07-07T14:10:04","modified_gmt":"2022-07-07T12:10:04","slug":"drizza","status":"publish","type":"product","link":"https:\/\/www.maticon.hr\/en\/product\/drizza\/","title":{"rendered":"DRIZZA"},"content":{"rendered":"","protected":false},"excerpt":{"rendered":"<p>Pe\u0107 na pelete od 11 kW za grijanje stambenih objekata do 90 m2. Ova pe\u0107 dolazi sa sistemom kontrole izgaranja i automatkog ispu\u0161nog ventilatora.<\/p>\n<p>Dimenzije: L 46,5 x P 50 x H 113cm<\/p>\n<p>Te\u017eina: 120 kg<\/p>","protected":false},"featured_media":834,"template":"","meta":[],"product_brand":[],"product_cat":[59,19,10,50],"product_tag":[14,65],"class_list":{"0":"post-833","1":"product","2":"type-product","3":"status-publish","4":"has-post-thumbnail","6":"product_cat-direktno-grijanje-na-zrak-peci-na-pelete","7":"product_cat-grijanje-na-pelete","8":"product_cat-peci-na-pelete","9":"product_cat-grijanje-na-zrak-peci-na-pelete","10":"product_tag-caminetti-montegrappa","11":"product_tag-pec-na-pelete","13":"first","14":"outofstock","15":"shipping-taxable","16":"product-type-simple"},"_links":{"self":[{"href":"https:\/\/www.maticon.hr\/en\/wp-json\/wp\/v2\/product\/833","targetHints":{"allow":["GET"]}}],"collection":[{"href":"https:\/\/www.maticon.hr\/en\/wp-json\/wp\/v2\/product"}],"about":[{"href":"https:\/\/www.maticon.hr\/en\/wp-json\/wp\/v2\/types\/product"}],"wp:featuredmedia":[{"embeddable":true,"href":"https:\/\/www.maticon.hr\/en\/wp-json\/wp\/v2\/media\/834"}],"wp:attachment":[{"href":"https:\/\/www.maticon.hr\/en\/wp-json\/wp\/v2\/media?parent=833"}],"wp:term":[{"taxonomy":"product_brand","embeddable":true,"href":"https:\/\/www.maticon.hr\/en\/wp-json\/wp\/v2\/product_brand?post=833"},{"taxonomy":"product_cat","embeddable":true,"href":"https:\/\/www.maticon.hr\/en\/wp-json\/wp\/v2\/product_cat?post=833"},{"taxonomy":"product_tag","embeddable":true,"href":"https:\/\/www.maticon.hr\/en\/wp-json\/wp\/v2\/product_tag?post=833"}],"curies":[{"name":"wp","href":"https:\/\/api.w.org\/{rel}","templated":true}]}}