{"id":836,"date":"2020-08-11T14:35:33","date_gmt":"2020-08-11T12:35:33","guid":{"rendered":"http:\/\/www.maticon.hr\/?post_type=product&#038;p=836"},"modified":"2022-07-07T14:09:41","modified_gmt":"2022-07-07T12:09:41","slug":"strallo-10-kw","status":"publish","type":"product","link":"https:\/\/www.maticon.hr\/en\/product\/strallo-10-kw\/","title":{"rendered":"STRALLO 10 kW"},"content":{"rendered":"","protected":false},"excerpt":{"rendered":"<p>Ova 10 kW pe\u0107 sa 5 razina snage odli\u010dna je za manje stambene objekte do 80 m2 . Dolazi sa sistemom izgaranja i automatskog ispu\u0161nog ventilatora.<\/p>\n<p>Dimenzije: L 58 x P 58 x H 113 cm<\/p>\n<p>Te\u017eina: 120 kg<\/p>","protected":false},"featured_media":793,"template":"","meta":[],"product_brand":[],"product_cat":[59,19,10,50],"product_tag":[14,65],"class_list":{"0":"post-836","1":"product","2":"type-product","3":"status-publish","4":"has-post-thumbnail","6":"product_cat-direktno-grijanje-na-zrak-peci-na-pelete","7":"product_cat-grijanje-na-pelete","8":"product_cat-peci-na-pelete","9":"product_cat-grijanje-na-zrak-peci-na-pelete","10":"product_tag-caminetti-montegrappa","11":"product_tag-pec-na-pelete","13":"first","14":"outofstock","15":"shipping-taxable","16":"product-type-simple"},"_links":{"self":[{"href":"https:\/\/www.maticon.hr\/en\/wp-json\/wp\/v2\/product\/836","targetHints":{"allow":["GET"]}}],"collection":[{"href":"https:\/\/www.maticon.hr\/en\/wp-json\/wp\/v2\/product"}],"about":[{"href":"https:\/\/www.maticon.hr\/en\/wp-json\/wp\/v2\/types\/product"}],"wp:featuredmedia":[{"embeddable":true,"href":"https:\/\/www.maticon.hr\/en\/wp-json\/wp\/v2\/media\/793"}],"wp:attachment":[{"href":"https:\/\/www.maticon.hr\/en\/wp-json\/wp\/v2\/media?parent=836"}],"wp:term":[{"taxonomy":"product_brand","embeddable":true,"href":"https:\/\/www.maticon.hr\/en\/wp-json\/wp\/v2\/product_brand?post=836"},{"taxonomy":"product_cat","embeddable":true,"href":"https:\/\/www.maticon.hr\/en\/wp-json\/wp\/v2\/product_cat?post=836"},{"taxonomy":"product_tag","embeddable":true,"href":"https:\/\/www.maticon.hr\/en\/wp-json\/wp\/v2\/product_tag?post=836"}],"curies":[{"name":"wp","href":"https:\/\/api.w.org\/{rel}","templated":true}]}}