{"id":845,"date":"2020-08-12T10:45:39","date_gmt":"2020-08-12T08:45:39","guid":{"rendered":"http:\/\/www.maticon.hr\/?post_type=product&#038;p=845"},"modified":"2022-07-07T14:08:41","modified_gmt":"2022-07-07T12:08:41","slug":"aw-16-evo-folia","status":"publish","type":"product","link":"https:\/\/www.maticon.hr\/en\/product\/aw-16-evo-folia\/","title":{"rendered":"AW 16 EVO FOLIA"},"content":{"rendered":"","protected":false},"excerpt":{"rendered":"<p>Pe\u0107 za centralno grijanje dolazi u dvije verzije 16 i 22 kW. Odli\u010dna za grijanje povr\u0161ina od 130 do 200 m2. Karakterizira ju njen uzak dizajn koji olak\u0161ava pozicioniranje same pe\u0107i.<\/p>\n<p>Dimenzije: L 96 x P 36 x H 117 cm<\/p>\n<p>Te\u017eine 160 kg<\/p>","protected":false},"featured_media":846,"template":"","meta":[],"product_brand":[],"product_cat":[19,10,49],"product_tag":[14,34,36,65,24,37,23],"class_list":{"0":"post-845","1":"product","2":"type-product","3":"status-publish","4":"has-post-thumbnail","6":"product_cat-grijanje-na-pelete","7":"product_cat-peci-na-pelete","8":"product_cat-grijanje-na-vodu-peci-na-pelete","9":"product_tag-caminetti-montegrappa","10":"product_tag-montegrappa","11":"product_tag-pec","12":"product_tag-pec-na-pelete","13":"product_tag-peci","14":"product_tag-peci-na-pelete","15":"product_tag-sistem-za-grijanje-vodom","17":"first","18":"outofstock","19":"shipping-taxable","20":"product-type-simple"},"_links":{"self":[{"href":"https:\/\/www.maticon.hr\/en\/wp-json\/wp\/v2\/product\/845","targetHints":{"allow":["GET"]}}],"collection":[{"href":"https:\/\/www.maticon.hr\/en\/wp-json\/wp\/v2\/product"}],"about":[{"href":"https:\/\/www.maticon.hr\/en\/wp-json\/wp\/v2\/types\/product"}],"wp:featuredmedia":[{"embeddable":true,"href":"https:\/\/www.maticon.hr\/en\/wp-json\/wp\/v2\/media\/846"}],"wp:attachment":[{"href":"https:\/\/www.maticon.hr\/en\/wp-json\/wp\/v2\/media?parent=845"}],"wp:term":[{"taxonomy":"product_brand","embeddable":true,"href":"https:\/\/www.maticon.hr\/en\/wp-json\/wp\/v2\/product_brand?post=845"},{"taxonomy":"product_cat","embeddable":true,"href":"https:\/\/www.maticon.hr\/en\/wp-json\/wp\/v2\/product_cat?post=845"},{"taxonomy":"product_tag","embeddable":true,"href":"https:\/\/www.maticon.hr\/en\/wp-json\/wp\/v2\/product_tag?post=845"}],"curies":[{"name":"wp","href":"https:\/\/api.w.org\/{rel}","templated":true}]}}