{"id":984,"date":"2021-03-12T13:26:55","date_gmt":"2021-03-12T12:26:55","guid":{"rendered":"http:\/\/www.maticon.hr\/?post_type=product&#038;p=984"},"modified":"2022-07-07T14:03:54","modified_gmt":"2022-07-07T12:03:54","slug":"elodie-75-kw","status":"publish","type":"product","link":"https:\/\/www.maticon.hr\/en\/product\/elodie-75-kw\/","title":{"rendered":"ELODIE 7,5 kW"},"content":{"rendered":"","protected":false},"excerpt":{"rendered":"<p><span lang=\"hr\">Pe\u0107 na drva modernog stila,<br \/>\nkoju karakterizira prakti\u010dni pretinac za drvo.<br \/>\nCrno obojena \u010deli\u010dna struktura s komorom za sagorijevanje vermikulita velike gusto\u0107e.<\/span><\/p>\n<p>Cijena proizvoda je informativnog karaktera.<\/p>","protected":false},"featured_media":986,"template":"","meta":[],"product_brand":[],"product_cat":[20,11,47],"product_tag":[14,40,27,36,68,24,12],"class_list":{"0":"post-984","1":"product","2":"type-product","3":"status-publish","4":"has-post-thumbnail","6":"product_cat-grijanje-na-drva","7":"product_cat-peci-na-drva","8":"product_cat-grijanje-na-zrak-peci-na-drva","9":"product_tag-caminetti-montegrappa","10":"product_tag-kamini","11":"product_tag-maticon","12":"product_tag-pec","13":"product_tag-pec-na-drva","14":"product_tag-peci","15":"product_tag-peci-na-drva","17":"first","18":"outofstock","19":"shipping-taxable","20":"product-type-simple"},"_links":{"self":[{"href":"https:\/\/www.maticon.hr\/en\/wp-json\/wp\/v2\/product\/984","targetHints":{"allow":["GET"]}}],"collection":[{"href":"https:\/\/www.maticon.hr\/en\/wp-json\/wp\/v2\/product"}],"about":[{"href":"https:\/\/www.maticon.hr\/en\/wp-json\/wp\/v2\/types\/product"}],"wp:featuredmedia":[{"embeddable":true,"href":"https:\/\/www.maticon.hr\/en\/wp-json\/wp\/v2\/media\/986"}],"wp:attachment":[{"href":"https:\/\/www.maticon.hr\/en\/wp-json\/wp\/v2\/media?parent=984"}],"wp:term":[{"taxonomy":"product_brand","embeddable":true,"href":"https:\/\/www.maticon.hr\/en\/wp-json\/wp\/v2\/product_brand?post=984"},{"taxonomy":"product_cat","embeddable":true,"href":"https:\/\/www.maticon.hr\/en\/wp-json\/wp\/v2\/product_cat?post=984"},{"taxonomy":"product_tag","embeddable":true,"href":"https:\/\/www.maticon.hr\/en\/wp-json\/wp\/v2\/product_tag?post=984"}],"curies":[{"name":"wp","href":"https:\/\/api.w.org\/{rel}","templated":true}]}}