{"id":989,"date":"2021-03-12T13:44:10","date_gmt":"2021-03-12T12:44:10","guid":{"rendered":"http:\/\/www.maticon.hr\/?post_type=product&#038;p=989"},"modified":"2022-07-07T14:32:07","modified_gmt":"2022-07-07T12:32:07","slug":"bravo-65","status":"publish","type":"product","link":"https:\/\/www.maticon.hr\/en\/product\/bravo-65\/","title":{"rendered":"BRAVO 65"},"content":{"rendered":"","protected":false},"excerpt":{"rendered":"<p id=\"tw-target-text\" class=\"tw-data-text tw-text-large XcVN5d tw-ta\" dir=\"ltr\" data-placeholder=\"Prijevod\"><span lang=\"hr\">Ugradbeni kamin na drva\u00a0 od obojenog \u010deli\u010dnog lima s otvorom na vratima. Bravo je dostupan u izvedbi dimenzija\u00a0 50 x\u00a0 40 x\u00a0 85 cm. Bravo 65 je umetak s kompaktnim prednjim staklom i lako prilagodljiv bilo kojem okru\u017eenju, zahvaljuju\u0107i svojoj maloj veli\u010dini.<br \/>\n<\/span><\/p>\n<p dir=\"ltr\" data-placeholder=\"Prijevod\">Cijena proizvoda je informativnog karaktera.<\/p>","protected":false},"featured_media":990,"template":"","meta":[],"product_brand":[],"product_cat":[72],"product_tag":[14,26,38,39,40,27],"class_list":{"0":"post-989","1":"product","2":"type-product","3":"status-publish","4":"has-post-thumbnail","6":"product_cat-lozista","7":"product_tag-caminetti-montegrappa","8":"product_tag-grijanje","9":"product_tag-kamin","10":"product_tag-kamin-na-drva","11":"product_tag-kamini","12":"product_tag-maticon","14":"first","15":"outofstock","16":"shipping-taxable","17":"product-type-simple"},"_links":{"self":[{"href":"https:\/\/www.maticon.hr\/en\/wp-json\/wp\/v2\/product\/989","targetHints":{"allow":["GET"]}}],"collection":[{"href":"https:\/\/www.maticon.hr\/en\/wp-json\/wp\/v2\/product"}],"about":[{"href":"https:\/\/www.maticon.hr\/en\/wp-json\/wp\/v2\/types\/product"}],"wp:featuredmedia":[{"embeddable":true,"href":"https:\/\/www.maticon.hr\/en\/wp-json\/wp\/v2\/media\/990"}],"wp:attachment":[{"href":"https:\/\/www.maticon.hr\/en\/wp-json\/wp\/v2\/media?parent=989"}],"wp:term":[{"taxonomy":"product_brand","embeddable":true,"href":"https:\/\/www.maticon.hr\/en\/wp-json\/wp\/v2\/product_brand?post=989"},{"taxonomy":"product_cat","embeddable":true,"href":"https:\/\/www.maticon.hr\/en\/wp-json\/wp\/v2\/product_cat?post=989"},{"taxonomy":"product_tag","embeddable":true,"href":"https:\/\/www.maticon.hr\/en\/wp-json\/wp\/v2\/product_tag?post=989"}],"curies":[{"name":"wp","href":"https:\/\/api.w.org\/{rel}","templated":true}]}}