{"id":991,"date":"2021-03-12T13:54:10","date_gmt":"2021-03-12T12:54:10","guid":{"rendered":"http:\/\/www.maticon.hr\/?post_type=product&#038;p=991"},"modified":"2022-07-07T14:31:52","modified_gmt":"2022-07-07T12:31:52","slug":"compact-70s","status":"publish","type":"product","link":"https:\/\/www.maticon.hr\/en\/product\/compact-70s\/","title":{"rendered":"COMPACT 70S"},"content":{"rendered":"","protected":false},"excerpt":{"rendered":"<p id=\"tw-target-text\" dir=\"ltr\" data-placeholder=\"Prijevod\"><span lang=\"hr\">Ugradbeni kamin s reverzibilnim vratima, u potpunosti izra\u0111en od kerami\u010dkog stakla. Compact je dostupan u dvije veli\u010dine, \u0161irine 70 i 80 cm. Zahvaljuju\u0107i jednostavnim linijama, lako se prilago\u0111ava bilo kojoj vrsti okru\u017eenja. Paspartu uokviruje i nagla\u0161ava viziju vatre. Ljepota jednostavnosti: okvir u svijetlo metalno sivo obojenom \u010deliku pobolj\u0161ava veliko\u00a0 svilom zastakljeno staklo i \u0161irok pogled na<\/span><span lang=\"hr\"> vatru.<\/span><\/p>","protected":false},"featured_media":992,"template":"","meta":[],"product_brand":[],"product_cat":[72],"product_tag":[14,26,38,39,40,80],"class_list":{"0":"post-991","1":"product","2":"type-product","3":"status-publish","4":"has-post-thumbnail","6":"product_cat-lozista","7":"product_tag-caminetti-montegrappa","8":"product_tag-grijanje","9":"product_tag-kamin","10":"product_tag-kamin-na-drva","11":"product_tag-kamini","12":"product_tag-kamini-na-drva-maticon","14":"first","15":"outofstock","16":"shipping-taxable","17":"product-type-simple"},"_links":{"self":[{"href":"https:\/\/www.maticon.hr\/en\/wp-json\/wp\/v2\/product\/991","targetHints":{"allow":["GET"]}}],"collection":[{"href":"https:\/\/www.maticon.hr\/en\/wp-json\/wp\/v2\/product"}],"about":[{"href":"https:\/\/www.maticon.hr\/en\/wp-json\/wp\/v2\/types\/product"}],"wp:featuredmedia":[{"embeddable":true,"href":"https:\/\/www.maticon.hr\/en\/wp-json\/wp\/v2\/media\/992"}],"wp:attachment":[{"href":"https:\/\/www.maticon.hr\/en\/wp-json\/wp\/v2\/media?parent=991"}],"wp:term":[{"taxonomy":"product_brand","embeddable":true,"href":"https:\/\/www.maticon.hr\/en\/wp-json\/wp\/v2\/product_brand?post=991"},{"taxonomy":"product_cat","embeddable":true,"href":"https:\/\/www.maticon.hr\/en\/wp-json\/wp\/v2\/product_cat?post=991"},{"taxonomy":"product_tag","embeddable":true,"href":"https:\/\/www.maticon.hr\/en\/wp-json\/wp\/v2\/product_tag?post=991"}],"curies":[{"name":"wp","href":"https:\/\/api.w.org\/{rel}","templated":true}]}}